{"id":408540,"date":"2026-02-23T11:13:49","date_gmt":"2026-02-23T16:13:49","guid":{"rendered":"https:\/\/www.avenuedesigncanada.com\/product\/canape-en-cuir-andie\/"},"modified":"2026-02-23T13:21:47","modified_gmt":"2026-02-23T18:21:47","slug":"canape-en-cuir-andie","status":"publish","type":"product","link":"https:\/\/www.avenuedesigncanada.com\/fr\/product\/canape-en-cuir-andie\/","title":{"rendered":"Canap\u00e9 en cuir Andie"},"content":{"rendered":"<p><em>  Le canap\u00e9 en cuir Andie pr\u00e9sente les caract\u00e9ristiques suivantes : <em><br \/>\n Style moderne<br \/>\nAccoudoir bas<br \/>\nCoussin \u00e0 bord creux<br \/>\nCoussins de pavillon inclus<br \/>\nPieds en bloc<br \/>\nDisponible dans n&rsquo;importe quel fini de bois de la s\u00e9rie 700<br \/>\nMontr\u00e9 en cuir 218-002<br \/>\nVous avez des questions au sujet de ce produit ? Nos designers sont l\u00e0 pour vous aider. Appelez-nous au (514) 340-9351  <\/p>\n","protected":false},"excerpt":{"rendered":"<p>Avec ses coutures nettes et ses accoudoirs en retrait, le canap\u00e9 en cuir Andie vous invite \u00e0 d\u00e9couvrir son style et son savoir-faire. Le design galb\u00e9 et le dossier bas rendent ce canap\u00e9 parfait pour flotter, avec une allure g\u00e9n\u00e9rale gracieuse et accueillante. Le tout est soutenu par des pieds larges et massifs qui \u00e9l\u00e8vent ce canap\u00e9 au rang de superstar.  <\/p>\n","protected":false},"featured_media":407822,"template":"","meta":{"_kad_blocks_custom_css":"","_kad_blocks_head_custom_js":"","_kad_blocks_body_custom_js":"","_kad_blocks_footer_custom_js":"","_kad_post_transparent":"","_kad_post_title":"","_kad_post_layout":"","_kad_post_sidebar_id":"","_kad_post_content_style":"","_kad_post_vertical_padding":"","_kad_post_feature":"","_kad_post_feature_position":"","_kad_post_header":false,"_kad_post_footer":false,"_kad_post_classname":""},"product_brand":[],"product_cat":[1331],"product_tag":[1851],"class_list":{"0":"post-408540","1":"product","2":"type-product","3":"status-publish","4":"has-post-thumbnail","6":"product_cat-canapes-haut-de-gamme","7":"product_tag-barcelona-fr","9":"first","10":"instock","11":"taxable","12":"shipping-taxable","13":"product-type-simple","14":"entry","15":"content-bg","16":"loop-entry"},"taxonomy_info":{"product_cat":[{"value":1331,"label":"Canap\u00e9s"}],"product_tag":[{"value":1851,"label":"BARCELONA"}]},"featured_image_src_large":["https:\/\/www.avenuedesigncanada.com\/wp-content\/uploads\/2026\/02\/N9727L_103-1024x1024.jpg",1024,1024,true],"author_info":[],"comment_info":"","_links":{"self":[{"href":"https:\/\/www.avenuedesigncanada.com\/fr\/wp-json\/wp\/v2\/product\/408540","targetHints":{"allow":["GET"]}}],"collection":[{"href":"https:\/\/www.avenuedesigncanada.com\/fr\/wp-json\/wp\/v2\/product"}],"about":[{"href":"https:\/\/www.avenuedesigncanada.com\/fr\/wp-json\/wp\/v2\/types\/product"}],"wp:featuredmedia":[{"embeddable":true,"href":"https:\/\/www.avenuedesigncanada.com\/fr\/wp-json\/wp\/v2\/media\/407822"}],"wp:attachment":[{"href":"https:\/\/www.avenuedesigncanada.com\/fr\/wp-json\/wp\/v2\/media?parent=408540"}],"wp:term":[{"taxonomy":"product_brand","embeddable":true,"href":"https:\/\/www.avenuedesigncanada.com\/fr\/wp-json\/wp\/v2\/product_brand?post=408540"},{"taxonomy":"product_cat","embeddable":true,"href":"https:\/\/www.avenuedesigncanada.com\/fr\/wp-json\/wp\/v2\/product_cat?post=408540"},{"taxonomy":"product_tag","embeddable":true,"href":"https:\/\/www.avenuedesigncanada.com\/fr\/wp-json\/wp\/v2\/product_tag?post=408540"}],"curies":[{"name":"wp","href":"https:\/\/api.w.org\/{rel}","templated":true}]}}