{"id":408542,"date":"2026-02-23T10:47:26","date_gmt":"2026-02-23T15:47:26","guid":{"rendered":"https:\/\/www.avenuedesigncanada.com\/product\/sectionnel-en-tissu-andie\/"},"modified":"2026-02-23T13:29:20","modified_gmt":"2026-02-23T18:29:20","slug":"sectionnel-en-tissu-andie","status":"publish","type":"product","link":"https:\/\/www.avenuedesigncanada.com\/fr\/product\/sectionnel-en-tissu-andie\/","title":{"rendered":"Sectionnel en tissu Andie"},"content":{"rendered":"<p><em>  Le sectionnel en tissu Andie pr\u00e9sente les caract\u00e9ristiques suivantes : <em><br \/>\n Style moderne<\/p>\n<p>Accoudoir Low Track<br \/>\nCoussin \u00e0 bord creux<br \/>\nCoussins de pavillon inclus<br \/>\nPieds en bloc<br \/>\nDisponible dans n&rsquo;importe quel fini de bois d&rsquo;ameublement de la s\u00e9rie 700<br \/>\nMontr\u00e9 en tissu 1146-002<br \/>\nComposantes de la sectionnelle : Composants N8401, N8430, N8432, N8441, N8442<br \/>\nVous avez des questions sur ce produit ? Nos designers sont l\u00e0 pour vous aider. Appelez-nous au (514) 340-9351  <\/p>\n","protected":false},"excerpt":{"rendered":"<p>Avec ses coutures nettes et ses accoudoirs en retrait, le canap\u00e9 Andie vous invite \u00e0 d\u00e9couvrir son style et son savoir-faire. Le design galb\u00e9 et le dossier bas rendent ce canap\u00e9 parfait pour flotter, avec une allure g\u00e9n\u00e9rale gracieuse et accueillante. Le tout est soutenu par de larges pieds en bloc qui \u00e9l\u00e8vent ce canap\u00e9 au rang de superstar.  <\/p>\n","protected":false},"featured_media":408060,"template":"","meta":{"_kad_blocks_custom_css":"","_kad_blocks_head_custom_js":"","_kad_blocks_body_custom_js":"","_kad_blocks_footer_custom_js":"","_kad_post_transparent":"","_kad_post_title":"","_kad_post_layout":"","_kad_post_sidebar_id":"","_kad_post_content_style":"","_kad_post_vertical_padding":"","_kad_post_feature":"","_kad_post_feature_position":"","_kad_post_header":false,"_kad_post_footer":false,"_kad_post_classname":""},"product_brand":[],"product_cat":[1324],"product_tag":[1851],"class_list":{"0":"post-408542","1":"product","2":"type-product","3":"status-publish","4":"has-post-thumbnail","6":"product_cat-meubles-modulaires","7":"product_tag-barcelona-fr","9":"first","10":"instock","11":"taxable","12":"shipping-taxable","13":"product-type-simple","14":"entry","15":"content-bg","16":"loop-entry"},"taxonomy_info":{"product_cat":[{"value":1324,"label":"Meubles modulaires"}],"product_tag":[{"value":1851,"label":"BARCELONA"}]},"featured_image_src_large":["https:\/\/www.avenuedesigncanada.com\/wp-content\/uploads\/2026\/02\/K1846-1024x1024.jpg",1024,1024,true],"author_info":[],"comment_info":"","_links":{"self":[{"href":"https:\/\/www.avenuedesigncanada.com\/fr\/wp-json\/wp\/v2\/product\/408542","targetHints":{"allow":["GET"]}}],"collection":[{"href":"https:\/\/www.avenuedesigncanada.com\/fr\/wp-json\/wp\/v2\/product"}],"about":[{"href":"https:\/\/www.avenuedesigncanada.com\/fr\/wp-json\/wp\/v2\/types\/product"}],"wp:featuredmedia":[{"embeddable":true,"href":"https:\/\/www.avenuedesigncanada.com\/fr\/wp-json\/wp\/v2\/media\/408060"}],"wp:attachment":[{"href":"https:\/\/www.avenuedesigncanada.com\/fr\/wp-json\/wp\/v2\/media?parent=408542"}],"wp:term":[{"taxonomy":"product_brand","embeddable":true,"href":"https:\/\/www.avenuedesigncanada.com\/fr\/wp-json\/wp\/v2\/product_brand?post=408542"},{"taxonomy":"product_cat","embeddable":true,"href":"https:\/\/www.avenuedesigncanada.com\/fr\/wp-json\/wp\/v2\/product_cat?post=408542"},{"taxonomy":"product_tag","embeddable":true,"href":"https:\/\/www.avenuedesigncanada.com\/fr\/wp-json\/wp\/v2\/product_tag?post=408542"}],"curies":[{"name":"wp","href":"https:\/\/api.w.org\/{rel}","templated":true}]}}