{"id":408544,"date":"2026-02-23T10:47:28","date_gmt":"2026-02-23T15:47:28","guid":{"rendered":"https:\/\/www.avenuedesigncanada.com\/product\/sectionnel-en-tissu-bliss\/"},"modified":"2026-02-23T13:29:21","modified_gmt":"2026-02-23T18:29:21","slug":"sectionnel-en-tissu-bliss","status":"publish","type":"product","link":"https:\/\/www.avenuedesigncanada.com\/fr\/product\/sectionnel-en-tissu-bliss\/","title":{"rendered":"Sectionnel en tissu Bliss"},"content":{"rendered":"<p><em>  Le sectionnel en cuir Bliss pr\u00e9sente les caract\u00e9ristiques suivantes : <em><br \/>\n Style transitionnel<\/p>\n<p>Accoudoir surdimensionn\u00e9<br \/>\nDos serr\u00e9<br \/>\nD\u00e9tail de feutre<br \/>\nCoussins de pavillon inclus<br \/>\nPieds ronds<br \/>\nMontr\u00e9 dans le tissu 1354-002<br \/>\nComposants de la section : P7432A, P7441A, P7442A<br \/>\nVous avez des questions sur ce produit ? Nos designers sont l\u00e0 pour vous aider. Appelez-nous au (514) 340-9351  <\/p>\n","protected":false},"excerpt":{"rendered":"<p>Le sectionnel Bliss offre un si\u00e8ge et un dossier profonds, pens\u00e9s pour la relaxation. Faisant partie de la collection Plush de si\u00e8ges incroyablement confortables, ce sectionnel peut \u00eatre configur\u00e9 avec des causeuses, des fauteuils sans bras, des fauteuils d&rsquo;angle et des ottomans pour un nombre presque infini de configurations.<\/p>\n","protected":false},"featured_media":408050,"template":"","meta":{"_kad_blocks_custom_css":"","_kad_blocks_head_custom_js":"","_kad_blocks_body_custom_js":"","_kad_blocks_footer_custom_js":"","_kad_post_transparent":"","_kad_post_title":"","_kad_post_layout":"","_kad_post_sidebar_id":"","_kad_post_content_style":"","_kad_post_vertical_padding":"","_kad_post_feature":"","_kad_post_feature_position":"","_kad_post_header":false,"_kad_post_footer":false,"_kad_post_classname":""},"product_brand":[],"product_cat":[1324],"product_tag":[1851],"class_list":{"0":"post-408544","1":"product","2":"type-product","3":"status-publish","4":"has-post-thumbnail","6":"product_cat-meubles-modulaires","7":"product_tag-barcelona-fr","9":"first","10":"instock","11":"taxable","12":"shipping-taxable","13":"product-type-simple","14":"entry","15":"content-bg","16":"loop-entry"},"taxonomy_info":{"product_cat":[{"value":1324,"label":"Meubles modulaires"}],"product_tag":[{"value":1851,"label":"BARCELONA"}]},"featured_image_src_large":["https:\/\/www.avenuedesigncanada.com\/wp-content\/uploads\/2026\/02\/K1878-1024x1024.jpg",1024,1024,true],"author_info":[],"comment_info":"","_links":{"self":[{"href":"https:\/\/www.avenuedesigncanada.com\/fr\/wp-json\/wp\/v2\/product\/408544","targetHints":{"allow":["GET"]}}],"collection":[{"href":"https:\/\/www.avenuedesigncanada.com\/fr\/wp-json\/wp\/v2\/product"}],"about":[{"href":"https:\/\/www.avenuedesigncanada.com\/fr\/wp-json\/wp\/v2\/types\/product"}],"wp:featuredmedia":[{"embeddable":true,"href":"https:\/\/www.avenuedesigncanada.com\/fr\/wp-json\/wp\/v2\/media\/408050"}],"wp:attachment":[{"href":"https:\/\/www.avenuedesigncanada.com\/fr\/wp-json\/wp\/v2\/media?parent=408544"}],"wp:term":[{"taxonomy":"product_brand","embeddable":true,"href":"https:\/\/www.avenuedesigncanada.com\/fr\/wp-json\/wp\/v2\/product_brand?post=408544"},{"taxonomy":"product_cat","embeddable":true,"href":"https:\/\/www.avenuedesigncanada.com\/fr\/wp-json\/wp\/v2\/product_cat?post=408544"},{"taxonomy":"product_tag","embeddable":true,"href":"https:\/\/www.avenuedesigncanada.com\/fr\/wp-json\/wp\/v2\/product_tag?post=408544"}],"curies":[{"name":"wp","href":"https:\/\/api.w.org\/{rel}","templated":true}]}}