{"id":408546,"date":"2026-02-23T10:47:29","date_gmt":"2026-02-23T15:47:29","guid":{"rendered":"https:\/\/www.avenuedesigncanada.com\/product\/sectionnel-en-tissu-calder\/"},"modified":"2026-02-23T13:29:23","modified_gmt":"2026-02-23T18:29:23","slug":"sectionnel-en-tissu-calder","status":"publish","type":"product","link":"https:\/\/www.avenuedesigncanada.com\/fr\/product\/sectionnel-en-tissu-calder\/","title":{"rendered":"Sectionnel en tissu Calder"},"content":{"rendered":"<p><em>  Le sectionnel en tissu Calder pr\u00e9sente les caract\u00e9ristiques suivantes : <em><br \/>\n Style moderne<\/p>\n<p>Accoudoir inclin\u00e9<br \/>\nDossier serr\u00e9<br \/>\nCoussins inclus<br \/>\nPieds cach\u00e9s<br \/>\nMontr\u00e9 en tissu 1608-000<br \/>\nComposants de la section : N2241, N2242<br \/>\nVous avez des questions sur ce produit ? Nos designers sont l\u00e0 pour vous aider. Appelez-nous au (514) 340-9351  <\/p>\n","protected":false},"excerpt":{"rendered":"<p>Les courbes sinueuses et a\u00e9rodynamiques de la sectionnelle Calder font une grande impression. Compos\u00e9 d&rsquo;une causeuse \u00e0 accoudoir gauche et d&rsquo;une causeuse \u00e0 accoudoir droit qui forment un croissant, les deux pi\u00e8ces pr\u00e9sentent des arcs et des contours exquis. Les si\u00e8ges descendent jusqu&rsquo;au sol, tandis que le rembourrage \u00e0 dossier serr\u00e9 offre un style chic sans effort.  <\/p>\n","protected":false},"featured_media":408074,"template":"","meta":{"_kad_blocks_custom_css":"","_kad_blocks_head_custom_js":"","_kad_blocks_body_custom_js":"","_kad_blocks_footer_custom_js":"","_kad_post_transparent":"","_kad_post_title":"","_kad_post_layout":"","_kad_post_sidebar_id":"","_kad_post_content_style":"","_kad_post_vertical_padding":"","_kad_post_feature":"","_kad_post_feature_position":"","_kad_post_header":false,"_kad_post_footer":false,"_kad_post_classname":""},"product_brand":[],"product_cat":[1324],"product_tag":[1851],"class_list":{"0":"post-408546","1":"product","2":"type-product","3":"status-publish","4":"has-post-thumbnail","6":"product_cat-meubles-modulaires","7":"product_tag-barcelona-fr","9":"first","10":"instock","11":"taxable","12":"shipping-taxable","13":"product-type-simple","14":"entry","15":"content-bg","16":"loop-entry"},"taxonomy_info":{"product_cat":[{"value":1324,"label":"Meubles modulaires"}],"product_tag":[{"value":1851,"label":"BARCELONA"}]},"featured_image_src_large":["https:\/\/www.avenuedesigncanada.com\/wp-content\/uploads\/2026\/02\/K2095-1024x1024.jpg",1024,1024,true],"author_info":[],"comment_info":"","_links":{"self":[{"href":"https:\/\/www.avenuedesigncanada.com\/fr\/wp-json\/wp\/v2\/product\/408546","targetHints":{"allow":["GET"]}}],"collection":[{"href":"https:\/\/www.avenuedesigncanada.com\/fr\/wp-json\/wp\/v2\/product"}],"about":[{"href":"https:\/\/www.avenuedesigncanada.com\/fr\/wp-json\/wp\/v2\/types\/product"}],"wp:featuredmedia":[{"embeddable":true,"href":"https:\/\/www.avenuedesigncanada.com\/fr\/wp-json\/wp\/v2\/media\/408074"}],"wp:attachment":[{"href":"https:\/\/www.avenuedesigncanada.com\/fr\/wp-json\/wp\/v2\/media?parent=408546"}],"wp:term":[{"taxonomy":"product_brand","embeddable":true,"href":"https:\/\/www.avenuedesigncanada.com\/fr\/wp-json\/wp\/v2\/product_brand?post=408546"},{"taxonomy":"product_cat","embeddable":true,"href":"https:\/\/www.avenuedesigncanada.com\/fr\/wp-json\/wp\/v2\/product_cat?post=408546"},{"taxonomy":"product_tag","embeddable":true,"href":"https:\/\/www.avenuedesigncanada.com\/fr\/wp-json\/wp\/v2\/product_tag?post=408546"}],"curies":[{"name":"wp","href":"https:\/\/api.w.org\/{rel}","templated":true}]}}