{"id":408547,"date":"2026-02-23T10:47:37","date_gmt":"2026-02-23T15:47:37","guid":{"rendered":"https:\/\/www.avenuedesigncanada.com\/product\/sectionnel-en-cuir-nest\/"},"modified":"2026-02-23T13:29:23","modified_gmt":"2026-02-23T18:29:23","slug":"sectionnel-en-cuir-nest","status":"publish","type":"product","link":"https:\/\/www.avenuedesigncanada.com\/fr\/product\/sectionnel-en-cuir-nest\/","title":{"rendered":"Sectionnel en cuir Nest"},"content":{"rendered":"<p><em>  Le sectionnel en cuir Nest pr\u00e9sente les caract\u00e9ristiques suivantes : <em><br \/>\n Style moderne<\/p>\n<p>Accoudoir surdimensionn\u00e9<br \/>\nCoussins \u00e0 bordure en forme de bo\u00eete<br \/>\nD\u00e9tail de la bride<br \/>\nCoussins de pavillon inclus<br \/>\nPieds cach\u00e9s<br \/>\nMontr\u00e9 en cuir 296-222<br \/>\nComposantes de la section : 3332LO, 3341LO, 3342LO<br \/>\nVous avez des questions sur ce produit ? Nos concepteurs sont l\u00e0 pour vous aider. Appelez-nous au (514) 340-9351 <\/p>\n","protected":false},"excerpt":{"rendered":"<p>Le sectionnal Nest allie confort d\u00e9contract\u00e9 et style moderne. Les si\u00e8ges en cuir profond et luxueux offrent une grande d\u00e9tente, tandis que les bords surpiqu\u00e9s ajoutent une nuance subtile. Des lignes \u00e9pur\u00e9es et des accoudoirs g\u00e9n\u00e9reusement larges cr\u00e9ent une silhouette r\u00e9solument moderne.<\/p>\n","protected":false},"featured_media":408146,"template":"","meta":{"_kad_blocks_custom_css":"","_kad_blocks_head_custom_js":"","_kad_blocks_body_custom_js":"","_kad_blocks_footer_custom_js":"","_kad_post_transparent":"","_kad_post_title":"","_kad_post_layout":"","_kad_post_sidebar_id":"","_kad_post_content_style":"","_kad_post_vertical_padding":"","_kad_post_feature":"","_kad_post_feature_position":"","_kad_post_header":false,"_kad_post_footer":false,"_kad_post_classname":""},"product_brand":[],"product_cat":[1324],"product_tag":[1851],"class_list":{"0":"post-408547","1":"product","2":"type-product","3":"status-publish","4":"has-post-thumbnail","6":"product_cat-meubles-modulaires","7":"product_tag-barcelona-fr","9":"first","10":"instock","11":"taxable","12":"shipping-taxable","13":"product-type-simple","14":"entry","15":"content-bg","16":"loop-entry"},"taxonomy_info":{"product_cat":[{"value":1324,"label":"Meubles modulaires"}],"product_tag":[{"value":1851,"label":"BARCELONA"}]},"featured_image_src_large":["https:\/\/www.avenuedesigncanada.com\/wp-content\/uploads\/2026\/02\/K2239-1024x1024.jpg",1024,1024,true],"author_info":[],"comment_info":"","_links":{"self":[{"href":"https:\/\/www.avenuedesigncanada.com\/fr\/wp-json\/wp\/v2\/product\/408547","targetHints":{"allow":["GET"]}}],"collection":[{"href":"https:\/\/www.avenuedesigncanada.com\/fr\/wp-json\/wp\/v2\/product"}],"about":[{"href":"https:\/\/www.avenuedesigncanada.com\/fr\/wp-json\/wp\/v2\/types\/product"}],"wp:featuredmedia":[{"embeddable":true,"href":"https:\/\/www.avenuedesigncanada.com\/fr\/wp-json\/wp\/v2\/media\/408146"}],"wp:attachment":[{"href":"https:\/\/www.avenuedesigncanada.com\/fr\/wp-json\/wp\/v2\/media?parent=408547"}],"wp:term":[{"taxonomy":"product_brand","embeddable":true,"href":"https:\/\/www.avenuedesigncanada.com\/fr\/wp-json\/wp\/v2\/product_brand?post=408547"},{"taxonomy":"product_cat","embeddable":true,"href":"https:\/\/www.avenuedesigncanada.com\/fr\/wp-json\/wp\/v2\/product_cat?post=408547"},{"taxonomy":"product_tag","embeddable":true,"href":"https:\/\/www.avenuedesigncanada.com\/fr\/wp-json\/wp\/v2\/product_tag?post=408547"}],"curies":[{"name":"wp","href":"https:\/\/api.w.org\/{rel}","templated":true}]}}