{"id":408548,"date":"2026-02-23T10:47:31","date_gmt":"2026-02-23T15:47:31","guid":{"rendered":"https:\/\/www.avenuedesigncanada.com\/product\/sectionnelle-en-tissu-elle\/"},"modified":"2026-02-23T13:29:24","modified_gmt":"2026-02-23T18:29:24","slug":"sectionnelle-en-tissu-elle","status":"publish","type":"product","link":"https:\/\/www.avenuedesigncanada.com\/fr\/product\/sectionnelle-en-tissu-elle\/","title":{"rendered":"Sectionnelle en tissu Elle"},"content":{"rendered":"<p><em>  Le sectionnel en tissu Elle : <em><br \/>\n Style moderne<\/p>\n<p>Accoudoir Shelter<br \/>\nDossier serr\u00e9<br \/>\nCoussins inclus<br \/>\nMontr\u00e9 en tissu 5605-000<br \/>\nComposants de la section : P1541A, P1542A, P1560A<br \/>\nVous avez des questions sur ce produit ? Nos designers sont l\u00e0 pour vous aider. Appelez-nous au (514) 340-9351  <\/p>\n","protected":false},"excerpt":{"rendered":"<p>Des courbes sinueuses et un rembourrage luxueux conf\u00e8rent au canap\u00e9 Elle une douceur semblable \u00e0 celle d&rsquo;un nuage. Inspir\u00e9 d&rsquo;un design traditionnel en forme de rein, le dossier encercl\u00e9 s&rsquo;enroule autour de lui pour cr\u00e9er un effet d&rsquo;abri. L&rsquo;assise s&rsquo;\u00e9coule jusqu&rsquo;au sol, laissant juste entrevoir les quatre pieds.  <\/p>\n","protected":false},"featured_media":408062,"template":"","meta":{"_kad_blocks_custom_css":"","_kad_blocks_head_custom_js":"","_kad_blocks_body_custom_js":"","_kad_blocks_footer_custom_js":"","_kad_post_transparent":"","_kad_post_title":"","_kad_post_layout":"","_kad_post_sidebar_id":"","_kad_post_content_style":"","_kad_post_vertical_padding":"","_kad_post_feature":"","_kad_post_feature_position":"","_kad_post_header":false,"_kad_post_footer":false,"_kad_post_classname":""},"product_brand":[],"product_cat":[1324],"product_tag":[1851],"class_list":{"0":"post-408548","1":"product","2":"type-product","3":"status-publish","4":"has-post-thumbnail","6":"product_cat-meubles-modulaires","7":"product_tag-barcelona-fr","9":"first","10":"instock","11":"taxable","12":"shipping-taxable","13":"product-type-simple","14":"entry","15":"content-bg","16":"loop-entry"},"taxonomy_info":{"product_cat":[{"value":1324,"label":"Meubles modulaires"}],"product_tag":[{"value":1851,"label":"BARCELONA"}]},"featured_image_src_large":["https:\/\/www.avenuedesigncanada.com\/wp-content\/uploads\/2026\/02\/K1965-1024x1024.jpg",1024,1024,true],"author_info":[],"comment_info":"","_links":{"self":[{"href":"https:\/\/www.avenuedesigncanada.com\/fr\/wp-json\/wp\/v2\/product\/408548","targetHints":{"allow":["GET"]}}],"collection":[{"href":"https:\/\/www.avenuedesigncanada.com\/fr\/wp-json\/wp\/v2\/product"}],"about":[{"href":"https:\/\/www.avenuedesigncanada.com\/fr\/wp-json\/wp\/v2\/types\/product"}],"wp:featuredmedia":[{"embeddable":true,"href":"https:\/\/www.avenuedesigncanada.com\/fr\/wp-json\/wp\/v2\/media\/408062"}],"wp:attachment":[{"href":"https:\/\/www.avenuedesigncanada.com\/fr\/wp-json\/wp\/v2\/media?parent=408548"}],"wp:term":[{"taxonomy":"product_brand","embeddable":true,"href":"https:\/\/www.avenuedesigncanada.com\/fr\/wp-json\/wp\/v2\/product_brand?post=408548"},{"taxonomy":"product_cat","embeddable":true,"href":"https:\/\/www.avenuedesigncanada.com\/fr\/wp-json\/wp\/v2\/product_cat?post=408548"},{"taxonomy":"product_tag","embeddable":true,"href":"https:\/\/www.avenuedesigncanada.com\/fr\/wp-json\/wp\/v2\/product_tag?post=408548"}],"curies":[{"name":"wp","href":"https:\/\/api.w.org\/{rel}","templated":true}]}}