{"id":408550,"date":"2026-02-23T10:47:33","date_gmt":"2026-02-23T15:47:33","guid":{"rendered":"https:\/\/www.avenuedesigncanada.com\/product\/sectionnel-en-tissu-helena\/"},"modified":"2026-02-23T13:29:25","modified_gmt":"2026-02-23T18:29:25","slug":"sectionnel-en-tissu-helena","status":"publish","type":"product","link":"https:\/\/www.avenuedesigncanada.com\/fr\/product\/sectionnel-en-tissu-helena\/","title":{"rendered":"Sectionnel en tissu Helena"},"content":{"rendered":"<p><em>  Le fauteuil sectionnel en tissu Helena pr\u00e9sente les caract\u00e9ristiques suivantes : <em><br \/>\n Enracin\u00e9 dans le design contemporain<\/p>\n<p>Coussins d&rsquo;assise en duvet de plumes de luxe<br \/>\nCoussins de dossier \u00e0 bord tranchant, sans coutures<br \/>\nPieds en bois<br \/>\nMontr\u00e9 en fini 789 Portobello<br \/>\nMontr\u00e9 en tissu 1146-002<br \/>\nComposantes de la section : N5232, N5241, N5242<br \/>\nVous avez des questions sur ce produit ? Nos concepteurs sont l\u00e0 pour vous aider. Appelez-nous au (514) 340-9351 <\/p>\n","protected":false},"excerpt":{"rendered":"<p>Les accoudoirs surdimensionn\u00e9s, le profil bas et les pieds en bloc du sectionnel Helena lui conf\u00e8rent un look \u00e9pur\u00e9 ancr\u00e9 dans le design contemporain. Con\u00e7u avec une construction \u00e0 ressorts sinueux pour la durabilit\u00e9 et le confort, le sectionnel offre des coussins luxueux en plumes pour une relaxation ultime.<\/p>\n","protected":false},"featured_media":408089,"template":"","meta":{"_kad_blocks_custom_css":"","_kad_blocks_head_custom_js":"","_kad_blocks_body_custom_js":"","_kad_blocks_footer_custom_js":"","_kad_post_transparent":"","_kad_post_title":"","_kad_post_layout":"","_kad_post_sidebar_id":"","_kad_post_content_style":"","_kad_post_vertical_padding":"","_kad_post_feature":"","_kad_post_feature_position":"","_kad_post_header":false,"_kad_post_footer":false,"_kad_post_classname":""},"product_brand":[],"product_cat":[1324],"product_tag":[1851],"class_list":{"0":"post-408550","1":"product","2":"type-product","3":"status-publish","4":"has-post-thumbnail","6":"product_cat-meubles-modulaires","7":"product_tag-barcelona-fr","9":"first","10":"instock","11":"taxable","12":"shipping-taxable","13":"product-type-simple","14":"entry","15":"content-bg","16":"loop-entry"},"taxonomy_info":{"product_cat":[{"value":1324,"label":"Meubles modulaires"}],"product_tag":[{"value":1851,"label":"BARCELONA"}]},"featured_image_src_large":["https:\/\/www.avenuedesigncanada.com\/wp-content\/uploads\/2026\/02\/K2193-1024x1024.jpg",1024,1024,true],"author_info":[],"comment_info":"","_links":{"self":[{"href":"https:\/\/www.avenuedesigncanada.com\/fr\/wp-json\/wp\/v2\/product\/408550","targetHints":{"allow":["GET"]}}],"collection":[{"href":"https:\/\/www.avenuedesigncanada.com\/fr\/wp-json\/wp\/v2\/product"}],"about":[{"href":"https:\/\/www.avenuedesigncanada.com\/fr\/wp-json\/wp\/v2\/types\/product"}],"wp:featuredmedia":[{"embeddable":true,"href":"https:\/\/www.avenuedesigncanada.com\/fr\/wp-json\/wp\/v2\/media\/408089"}],"wp:attachment":[{"href":"https:\/\/www.avenuedesigncanada.com\/fr\/wp-json\/wp\/v2\/media?parent=408550"}],"wp:term":[{"taxonomy":"product_brand","embeddable":true,"href":"https:\/\/www.avenuedesigncanada.com\/fr\/wp-json\/wp\/v2\/product_brand?post=408550"},{"taxonomy":"product_cat","embeddable":true,"href":"https:\/\/www.avenuedesigncanada.com\/fr\/wp-json\/wp\/v2\/product_cat?post=408550"},{"taxonomy":"product_tag","embeddable":true,"href":"https:\/\/www.avenuedesigncanada.com\/fr\/wp-json\/wp\/v2\/product_tag?post=408550"}],"curies":[{"name":"wp","href":"https:\/\/api.w.org\/{rel}","templated":true}]}}