{"id":408551,"date":"2026-02-23T10:47:40","date_gmt":"2026-02-23T15:47:40","guid":{"rendered":"https:\/\/www.avenuedesigncanada.com\/product\/sectionnelle-en-tissu-nicolette\/"},"modified":"2026-02-23T13:29:25","modified_gmt":"2026-02-23T18:29:25","slug":"sectionnelle-en-tissu-nicolette","status":"publish","type":"product","link":"https:\/\/www.avenuedesigncanada.com\/fr\/product\/sectionnelle-en-tissu-nicolette\/","title":{"rendered":"Sectionnelle en tissu Nicolette"},"content":{"rendered":"<p><em>  Le sectionnel en tissu Nicolette pr\u00e9sente les caract\u00e9ristiques suivantes : <em><br \/>\n Style transitionnel<\/p>\n<p>Bras en forme de rail<br \/>\nCoussins en forme de bo\u00eete<br \/>\nCoussins inclus<br \/>\nPieds en bloc<br \/>\nMontr\u00e9 en tissu 1146-002<br \/>\nComposants de la section : N1130, N1132, N1141, N1142<br \/>\nVous avez des questions sur ce produit ? Nos designers sont l\u00e0 pour vous aider. Appelez-nous au (514) 340-9351  <\/p>\n","protected":false},"excerpt":{"rendered":"<p>Le design magnifiquement \u00e9quilibr\u00e9 du sectionnel Nicolette combine des coussins moelleux avec des lignes \u00e9pur\u00e9es pour un look moderne s\u00e9duisant. Les coussins en duvet de printemps offrent un confort somptueux sans sacrifier l&rsquo;esth\u00e9tique. <\/p>\n","protected":false},"featured_media":408177,"template":"","meta":{"_kad_blocks_custom_css":"","_kad_blocks_head_custom_js":"","_kad_blocks_body_custom_js":"","_kad_blocks_footer_custom_js":"","_kad_post_transparent":"","_kad_post_title":"","_kad_post_layout":"","_kad_post_sidebar_id":"","_kad_post_content_style":"","_kad_post_vertical_padding":"","_kad_post_feature":"","_kad_post_feature_position":"","_kad_post_header":false,"_kad_post_footer":false,"_kad_post_classname":""},"product_brand":[],"product_cat":[1324],"product_tag":[1851],"class_list":{"0":"post-408551","1":"product","2":"type-product","3":"status-publish","4":"has-post-thumbnail","6":"product_cat-meubles-modulaires","7":"product_tag-barcelona-fr","9":"first","10":"instock","11":"taxable","12":"shipping-taxable","13":"product-type-simple","14":"entry","15":"content-bg","16":"loop-entry"},"taxonomy_info":{"product_cat":[{"value":1324,"label":"Meubles modulaires"}],"product_tag":[{"value":1851,"label":"BARCELONA"}]},"featured_image_src_large":["https:\/\/www.avenuedesigncanada.com\/wp-content\/uploads\/2026\/02\/K1688-1024x1024.jpg",1024,1024,true],"author_info":[],"comment_info":"","_links":{"self":[{"href":"https:\/\/www.avenuedesigncanada.com\/fr\/wp-json\/wp\/v2\/product\/408551","targetHints":{"allow":["GET"]}}],"collection":[{"href":"https:\/\/www.avenuedesigncanada.com\/fr\/wp-json\/wp\/v2\/product"}],"about":[{"href":"https:\/\/www.avenuedesigncanada.com\/fr\/wp-json\/wp\/v2\/types\/product"}],"wp:featuredmedia":[{"embeddable":true,"href":"https:\/\/www.avenuedesigncanada.com\/fr\/wp-json\/wp\/v2\/media\/408177"}],"wp:attachment":[{"href":"https:\/\/www.avenuedesigncanada.com\/fr\/wp-json\/wp\/v2\/media?parent=408551"}],"wp:term":[{"taxonomy":"product_brand","embeddable":true,"href":"https:\/\/www.avenuedesigncanada.com\/fr\/wp-json\/wp\/v2\/product_brand?post=408551"},{"taxonomy":"product_cat","embeddable":true,"href":"https:\/\/www.avenuedesigncanada.com\/fr\/wp-json\/wp\/v2\/product_cat?post=408551"},{"taxonomy":"product_tag","embeddable":true,"href":"https:\/\/www.avenuedesigncanada.com\/fr\/wp-json\/wp\/v2\/product_tag?post=408551"}],"curies":[{"name":"wp","href":"https:\/\/api.w.org\/{rel}","templated":true}]}}