{"id":408776,"date":"2026-02-24T12:26:59","date_gmt":"2026-02-24T17:26:59","guid":{"rendered":"https:\/\/www.avenuedesigncanada.com\/product\/meuble-bar-odessa\/"},"modified":"2026-02-24T12:58:51","modified_gmt":"2026-02-24T17:58:51","slug":"meuble-bar-odessa","status":"publish","type":"product","link":"https:\/\/www.avenuedesigncanada.com\/fr\/product\/meuble-bar-odessa\/","title":{"rendered":"Meuble bar Odessa"},"content":{"rendered":"<p><em>  Le meuble de bar Odessa pr\u00e9sente les caract\u00e9ristiques suivantes : <em><br \/>\n 2 tiroirs \u00e0 plateaux derri\u00e8re les portes<br \/>\n1 tablette coulissante avec surface de travail en stratifi\u00e9 de pierre<br \/>\nRangement pour verres \u00e0 vin<br \/>\nRangement amovible pour bouteilles de vin<br \/>\nFinition Rolling Fog<br \/>\nBase en m\u00e9tal<br \/>\nH Nicholas flat Linen doors fronts<br \/>\nTouch Latch<br \/>\nTip Kits<br \/>\nAdjustable Levelers<br \/>\nVous avez des questions sur ce produit ? Nos concepteurs sont l\u00e0 pour vous aider. Appelez-nous au (514) 340-9351  <\/p>\n","protected":false},"excerpt":{"rendered":"<p>Le meuble de bar Odessa est un joyau contemporain, avec ses fa\u00e7ades de porte en texture de faux lin sur la toile de fond subtile d&rsquo;une finition Rolling Fog. Son design complexe ne se contente pas d&rsquo;attirer l&rsquo;attention, il d\u00e9gage \u00e9galement une mentalit\u00e9 raffin\u00e9e et moderne, ce qui en fait une pi\u00e8ce de choix pour tout espace de divertissement. <\/p>\n","protected":false},"featured_media":408714,"template":"","meta":{"_kad_blocks_custom_css":"","_kad_blocks_head_custom_js":"","_kad_blocks_body_custom_js":"","_kad_blocks_footer_custom_js":"","_kad_post_transparent":"","_kad_post_title":"","_kad_post_layout":"","_kad_post_sidebar_id":"","_kad_post_content_style":"","_kad_post_vertical_padding":"","_kad_post_feature":"","_kad_post_feature_position":"","_kad_post_header":false,"_kad_post_footer":false,"_kad_post_classname":""},"product_brand":[],"product_cat":[1322],"product_tag":[1513],"class_list":{"0":"post-408776","1":"product","2":"type-product","3":"status-publish","4":"has-post-thumbnail","6":"product_cat-meubles-dappoint","7":"product_tag-paramount-fr","9":"first","10":"instock","11":"taxable","12":"shipping-taxable","13":"product-type-simple","14":"entry","15":"content-bg","16":"loop-entry"},"taxonomy_info":{"product_cat":[{"value":1322,"label":"Meubles d'appoint"}],"product_tag":[{"value":1513,"label":"Paramount"}]},"featured_image_src_large":["https:\/\/www.avenuedesigncanada.com\/wp-content\/uploads\/2026\/02\/U301690_VM-1024x1024.jpg",1024,1024,true],"author_info":[],"comment_info":"","_links":{"self":[{"href":"https:\/\/www.avenuedesigncanada.com\/fr\/wp-json\/wp\/v2\/product\/408776","targetHints":{"allow":["GET"]}}],"collection":[{"href":"https:\/\/www.avenuedesigncanada.com\/fr\/wp-json\/wp\/v2\/product"}],"about":[{"href":"https:\/\/www.avenuedesigncanada.com\/fr\/wp-json\/wp\/v2\/types\/product"}],"wp:featuredmedia":[{"embeddable":true,"href":"https:\/\/www.avenuedesigncanada.com\/fr\/wp-json\/wp\/v2\/media\/408714"}],"wp:attachment":[{"href":"https:\/\/www.avenuedesigncanada.com\/fr\/wp-json\/wp\/v2\/media?parent=408776"}],"wp:term":[{"taxonomy":"product_brand","embeddable":true,"href":"https:\/\/www.avenuedesigncanada.com\/fr\/wp-json\/wp\/v2\/product_brand?post=408776"},{"taxonomy":"product_cat","embeddable":true,"href":"https:\/\/www.avenuedesigncanada.com\/fr\/wp-json\/wp\/v2\/product_cat?post=408776"},{"taxonomy":"product_tag","embeddable":true,"href":"https:\/\/www.avenuedesigncanada.com\/fr\/wp-json\/wp\/v2\/product_tag?post=408776"}],"curies":[{"name":"wp","href":"https:\/\/api.w.org\/{rel}","templated":true}]}}