{"id":408779,"date":"2026-02-24T12:27:09","date_gmt":"2026-02-24T17:27:09","guid":{"rendered":"https:\/\/www.avenuedesigncanada.com\/product\/coalesce-poof\/"},"modified":"2026-02-24T12:58:48","modified_gmt":"2026-02-24T17:58:48","slug":"coalesce-poof","status":"publish","type":"product","link":"https:\/\/www.avenuedesigncanada.com\/fr\/product\/coalesce-poof\/","title":{"rendered":"Coalesce Poof"},"content":{"rendered":"<p><em>  Le Coalesce Poof pr\u00e9sente les caract\u00e9ristiques suivantes : <em><br \/>\n Base en m\u00e9tal<br \/>\nTissu : Lavani Frost<br \/>\nVous avez des questions sur ce produit ? Nos concepteurs sont l\u00e0 pour vous aider. Appelez-nous au (514) 340-9351 <\/p>\n","protected":false},"excerpt":{"rendered":"<p>Le Coalesce Poof se distingue par sa base m\u00e9tallique chic et son plateau coussin\u00e9, pr\u00e9sentant une palette de couleurs bicolores qui ajoute une touche dynamique et moderne \u00e0 ce meuble d&rsquo;appoint polyvalent.<\/p>\n","protected":false},"featured_media":408708,"template":"","meta":{"_kad_blocks_custom_css":"","_kad_blocks_head_custom_js":"","_kad_blocks_body_custom_js":"","_kad_blocks_footer_custom_js":"","_kad_post_transparent":"","_kad_post_title":"","_kad_post_layout":"","_kad_post_sidebar_id":"","_kad_post_content_style":"","_kad_post_vertical_padding":"","_kad_post_feature":"","_kad_post_feature_position":"","_kad_post_header":false,"_kad_post_footer":false,"_kad_post_classname":""},"product_brand":[],"product_cat":[1325],"product_tag":[1513],"class_list":{"0":"post-408779","1":"product","2":"type-product","3":"status-publish","4":"has-post-thumbnail","6":"product_cat-poufs","7":"product_tag-paramount-fr","9":"first","10":"instock","11":"taxable","12":"shipping-taxable","13":"product-type-simple","14":"entry","15":"content-bg","16":"loop-entry"},"taxonomy_info":{"product_cat":[{"value":1325,"label":"Ottomans"}],"product_tag":[{"value":1513,"label":"Paramount"}]},"featured_image_src_large":["https:\/\/www.avenuedesigncanada.com\/wp-content\/uploads\/2026\/02\/U301382_VM2-1024x1024.jpg",1024,1024,true],"author_info":[],"comment_info":"","_links":{"self":[{"href":"https:\/\/www.avenuedesigncanada.com\/fr\/wp-json\/wp\/v2\/product\/408779","targetHints":{"allow":["GET"]}}],"collection":[{"href":"https:\/\/www.avenuedesigncanada.com\/fr\/wp-json\/wp\/v2\/product"}],"about":[{"href":"https:\/\/www.avenuedesigncanada.com\/fr\/wp-json\/wp\/v2\/types\/product"}],"wp:featuredmedia":[{"embeddable":true,"href":"https:\/\/www.avenuedesigncanada.com\/fr\/wp-json\/wp\/v2\/media\/408708"}],"wp:attachment":[{"href":"https:\/\/www.avenuedesigncanada.com\/fr\/wp-json\/wp\/v2\/media?parent=408779"}],"wp:term":[{"taxonomy":"product_brand","embeddable":true,"href":"https:\/\/www.avenuedesigncanada.com\/fr\/wp-json\/wp\/v2\/product_brand?post=408779"},{"taxonomy":"product_cat","embeddable":true,"href":"https:\/\/www.avenuedesigncanada.com\/fr\/wp-json\/wp\/v2\/product_cat?post=408779"},{"taxonomy":"product_tag","embeddable":true,"href":"https:\/\/www.avenuedesigncanada.com\/fr\/wp-json\/wp\/v2\/product_tag?post=408779"}],"curies":[{"name":"wp","href":"https:\/\/api.w.org\/{rel}","templated":true}]}}