{"id":408782,"date":"2026-02-24T12:26:57","date_gmt":"2026-02-24T17:26:57","guid":{"rendered":"https:\/\/www.avenuedesigncanada.com\/product\/commode-estelle\/"},"modified":"2026-02-24T12:58:51","modified_gmt":"2026-02-24T17:58:51","slug":"commode-estelle","status":"publish","type":"product","link":"https:\/\/www.avenuedesigncanada.com\/fr\/product\/commode-estelle\/","title":{"rendered":"Commode Estelle"},"content":{"rendered":"<p><em>  La commode Estelle pr\u00e9sente les caract\u00e9ristiques suivantes : <em><br \/>\n 6 tiroirs<br \/>\nPorte-bijoux amovibles en feutre gris dans les tiroirs sup\u00e9rieurs<br \/>\nC\u00e8dre dans les tiroirs inf\u00e9rieurs<br \/>\nFinition Rolling Fog<br \/>\nGuides de tiroirs \u00e0 fermeture progressive<br \/>\nFa\u00e7ades de tiroirs en lin plat<br \/>\nKits d&#8217;embouts<br \/>\nNiveleurs r\u00e9glables<br \/>\nVous avez des questions sur ce produit ? Nos concepteurs sont l\u00e0 pour vous aider. Appelez-nous au (514) 340-9351 <\/p>\n","protected":false},"excerpt":{"rendered":"<p>La commode Estelle, orn\u00e9e du serein fini Rolling Fog, abrite \u00e9l\u00e9gamment six tiroirs aux fa\u00e7ades textur\u00e9es en faux lin, offrant une solution de rangement sophistiqu\u00e9e qui fait \u00e9cho \u00e0 la tranquillit\u00e9 raffin\u00e9e de la collection Coalesce.<\/p>\n","protected":false},"featured_media":408682,"template":"","meta":{"_kad_blocks_custom_css":"","_kad_blocks_head_custom_js":"","_kad_blocks_body_custom_js":"","_kad_blocks_footer_custom_js":"","_kad_post_transparent":"","_kad_post_title":"","_kad_post_layout":"","_kad_post_sidebar_id":"","_kad_post_content_style":"","_kad_post_vertical_padding":"","_kad_post_feature":"","_kad_post_feature_position":"","_kad_post_header":false,"_kad_post_footer":false,"_kad_post_classname":""},"product_brand":[],"product_cat":[1959,1298],"product_tag":[1513],"class_list":{"0":"post-408782","1":"product","2":"type-product","3":"status-publish","4":"has-post-thumbnail","6":"product_cat-commodes-2","7":"product_cat-commodes","8":"product_tag-paramount-fr","10":"first","11":"instock","12":"taxable","13":"shipping-taxable","14":"product-type-simple","15":"entry","16":"content-bg","17":"loop-entry"},"taxonomy_info":{"product_cat":[{"value":1959,"label":"Commodes"},{"value":1298,"label":"Commodes"}],"product_tag":[{"value":1513,"label":"Paramount"}]},"featured_image_src_large":["https:\/\/www.avenuedesigncanada.com\/wp-content\/uploads\/2026\/02\/U301040_VM-1024x1024.jpg",1024,1024,true],"author_info":[],"comment_info":"","_links":{"self":[{"href":"https:\/\/www.avenuedesigncanada.com\/fr\/wp-json\/wp\/v2\/product\/408782","targetHints":{"allow":["GET"]}}],"collection":[{"href":"https:\/\/www.avenuedesigncanada.com\/fr\/wp-json\/wp\/v2\/product"}],"about":[{"href":"https:\/\/www.avenuedesigncanada.com\/fr\/wp-json\/wp\/v2\/types\/product"}],"wp:featuredmedia":[{"embeddable":true,"href":"https:\/\/www.avenuedesigncanada.com\/fr\/wp-json\/wp\/v2\/media\/408682"}],"wp:attachment":[{"href":"https:\/\/www.avenuedesigncanada.com\/fr\/wp-json\/wp\/v2\/media?parent=408782"}],"wp:term":[{"taxonomy":"product_brand","embeddable":true,"href":"https:\/\/www.avenuedesigncanada.com\/fr\/wp-json\/wp\/v2\/product_brand?post=408782"},{"taxonomy":"product_cat","embeddable":true,"href":"https:\/\/www.avenuedesigncanada.com\/fr\/wp-json\/wp\/v2\/product_cat?post=408782"},{"taxonomy":"product_tag","embeddable":true,"href":"https:\/\/www.avenuedesigncanada.com\/fr\/wp-json\/wp\/v2\/product_tag?post=408782"}],"curies":[{"name":"wp","href":"https:\/\/api.w.org\/{rel}","templated":true}]}}