{"id":409220,"date":"2026-03-02T11:23:49","date_gmt":"2026-03-02T16:23:49","guid":{"rendered":"https:\/\/www.avenuedesigncanada.com\/product\/table-a-manger-ronde-river-rock\/"},"modified":"2026-03-02T11:30:52","modified_gmt":"2026-03-02T16:30:52","slug":"table-a-manger-ronde-river-rock","status":"publish","type":"product","link":"https:\/\/www.avenuedesigncanada.com\/fr\/product\/table-a-manger-ronde-river-rock\/","title":{"rendered":"Table \u00e0 manger ronde River Rock"},"content":{"rendered":"<p><em>  La table \u00e0 manger ronde River Rock pr\u00e9sente les caract\u00e9ristiques suivantes : <em><br \/>\n Finition River Rock<br \/>\nUne feuille de 18&Prime; s&rsquo;\u00e9tend jusqu&rsquo;\u00e0 72&prime;<br \/>\nVous avez des questions sur ce produit ? Nos designers sont l\u00e0 pour vous aider. Appelez-nous au (514) 340-9351  <\/p>\n","protected":false},"excerpt":{"rendered":"<p>La table de salle \u00e0 manger ronde River Rock apporte un sentiment de chaleur communautaire avec son design circulaire accueillant et sa base en X frappante, finie dans un River Rock l\u00e9ger et a\u00e9r\u00e9. Ses lignes \u00e9pur\u00e9es et son grain de bois naturel cr\u00e9ent une atmosph\u00e8re sophistiqu\u00e9e mais d\u00e9contract\u00e9e, parfaite pour les r\u00e9unions intimes et les repas partag\u00e9s. <\/p>\n","protected":false},"featured_media":408916,"template":"","meta":{"_kad_blocks_custom_css":"","_kad_blocks_head_custom_js":"","_kad_blocks_body_custom_js":"","_kad_blocks_footer_custom_js":"","_kad_post_transparent":"","_kad_post_title":"","_kad_post_layout":"","_kad_post_sidebar_id":"","_kad_post_content_style":"","_kad_post_vertical_padding":"","_kad_post_feature":"","_kad_post_feature_position":"","_kad_post_header":false,"_kad_post_footer":false,"_kad_post_classname":""},"product_brand":[],"product_cat":[1306],"product_tag":[1513],"class_list":{"0":"post-409220","1":"product","2":"type-product","3":"status-publish","4":"has-post-thumbnail","6":"product_cat-tables-de-salle-a-manger","7":"product_tag-paramount-fr","9":"first","10":"instock","11":"taxable","12":"shipping-taxable","13":"product-type-simple","14":"entry","15":"content-bg","16":"loop-entry"},"taxonomy_info":{"product_cat":[{"value":1306,"label":"Tables"}],"product_tag":[{"value":1513,"label":"Paramount"}]},"featured_image_src_large":["https:\/\/www.avenuedesigncanada.com\/wp-content\/uploads\/2026\/03\/rrd-U462A656_VM2_siloCC-1024x1024.jpg",1024,1024,true],"author_info":[],"comment_info":"","_links":{"self":[{"href":"https:\/\/www.avenuedesigncanada.com\/fr\/wp-json\/wp\/v2\/product\/409220","targetHints":{"allow":["GET"]}}],"collection":[{"href":"https:\/\/www.avenuedesigncanada.com\/fr\/wp-json\/wp\/v2\/product"}],"about":[{"href":"https:\/\/www.avenuedesigncanada.com\/fr\/wp-json\/wp\/v2\/types\/product"}],"wp:featuredmedia":[{"embeddable":true,"href":"https:\/\/www.avenuedesigncanada.com\/fr\/wp-json\/wp\/v2\/media\/408916"}],"wp:attachment":[{"href":"https:\/\/www.avenuedesigncanada.com\/fr\/wp-json\/wp\/v2\/media?parent=409220"}],"wp:term":[{"taxonomy":"product_brand","embeddable":true,"href":"https:\/\/www.avenuedesigncanada.com\/fr\/wp-json\/wp\/v2\/product_brand?post=409220"},{"taxonomy":"product_cat","embeddable":true,"href":"https:\/\/www.avenuedesigncanada.com\/fr\/wp-json\/wp\/v2\/product_cat?post=409220"},{"taxonomy":"product_tag","embeddable":true,"href":"https:\/\/www.avenuedesigncanada.com\/fr\/wp-json\/wp\/v2\/product_tag?post=409220"}],"curies":[{"name":"wp","href":"https:\/\/api.w.org\/{rel}","templated":true}]}}