{"id":409221,"date":"2026-03-02T11:23:56","date_gmt":"2026-03-02T16:23:56","guid":{"rendered":"https:\/\/www.avenuedesigncanada.com\/product\/credence-en-basalte\/"},"modified":"2026-03-02T11:30:52","modified_gmt":"2026-03-02T16:30:52","slug":"credence-en-basalte","status":"publish","type":"product","link":"https:\/\/www.avenuedesigncanada.com\/fr\/product\/credence-en-basalte\/","title":{"rendered":"Cr\u00e9dence en basalte"},"content":{"rendered":"<p><em>  La cr\u00e9dence Basalt Lap pr\u00e9sente les caract\u00e9ristiques suivantes : <em><br \/>\n Portes \u00e0 panneaux massifs<br \/>\nFinition Basalt<br \/>\nD\u00e9coupe dans les cloisons, panneau arri\u00e8re<br \/>\nTablettes r\u00e9glables pour la gestion des fils<br \/>\nBloc d&rsquo;alimentation inclus<br \/>\n\u00c9lectricit\u00e9 avec 1 USB, 1 USB-C et 2 prises<br \/>\nNiveleurs r\u00e9glables<br \/>\nVous avez des questions sur ce produit ? Nos concepteurs sont l\u00e0 pour vous aider. Appelez-nous au (514) 340-9351  <\/p>\n","protected":false},"excerpt":{"rendered":"<p>La cr\u00e9dence Basalt Lap fait une d\u00e9claration audacieuse avec son design superpos\u00e9 frappant et sa finition Basalt spectaculaire. Les panneaux qui se chevauchent cr\u00e9ent une impression de profondeur et de texture, ajoutant un \u00e9l\u00e9ment sculptural contemporain \u00e0 votre espace. Cette cr\u00e9dence offre un grand espace de rangement avec une touche d&rsquo;intrigue architecturale, ce qui en fait un point central sophistiqu\u00e9 pour toute salle \u00e0 manger ou salle de s\u00e9jour.  <\/p>\n","protected":false},"featured_media":409072,"template":"","meta":{"_kad_blocks_custom_css":"","_kad_blocks_head_custom_js":"","_kad_blocks_body_custom_js":"","_kad_blocks_footer_custom_js":"","_kad_post_transparent":"","_kad_post_title":"","_kad_post_layout":"","_kad_post_sidebar_id":"","_kad_post_content_style":"","_kad_post_vertical_padding":"","_kad_post_feature":"","_kad_post_feature_position":"","_kad_post_header":false,"_kad_post_footer":false,"_kad_post_classname":""},"product_brand":[],"product_cat":[1303],"product_tag":[1513],"class_list":{"0":"post-409221","1":"product","2":"type-product","3":"status-publish","4":"has-post-thumbnail","6":"product_cat-buffets","7":"product_tag-paramount-fr","9":"first","10":"instock","11":"taxable","12":"shipping-taxable","13":"product-type-simple","14":"entry","15":"content-bg","16":"loop-entry"},"taxonomy_info":{"product_cat":[{"value":1303,"label":"Buffets"}],"product_tag":[{"value":1513,"label":"Paramount"}]},"featured_image_src_large":["https:\/\/www.avenuedesigncanada.com\/wp-content\/uploads\/2026\/03\/U462B966_VM1-1024x1024.jpg",1024,1024,true],"author_info":[],"comment_info":"","_links":{"self":[{"href":"https:\/\/www.avenuedesigncanada.com\/fr\/wp-json\/wp\/v2\/product\/409221","targetHints":{"allow":["GET"]}}],"collection":[{"href":"https:\/\/www.avenuedesigncanada.com\/fr\/wp-json\/wp\/v2\/product"}],"about":[{"href":"https:\/\/www.avenuedesigncanada.com\/fr\/wp-json\/wp\/v2\/types\/product"}],"wp:featuredmedia":[{"embeddable":true,"href":"https:\/\/www.avenuedesigncanada.com\/fr\/wp-json\/wp\/v2\/media\/409072"}],"wp:attachment":[{"href":"https:\/\/www.avenuedesigncanada.com\/fr\/wp-json\/wp\/v2\/media?parent=409221"}],"wp:term":[{"taxonomy":"product_brand","embeddable":true,"href":"https:\/\/www.avenuedesigncanada.com\/fr\/wp-json\/wp\/v2\/product_brand?post=409221"},{"taxonomy":"product_cat","embeddable":true,"href":"https:\/\/www.avenuedesigncanada.com\/fr\/wp-json\/wp\/v2\/product_cat?post=409221"},{"taxonomy":"product_tag","embeddable":true,"href":"https:\/\/www.avenuedesigncanada.com\/fr\/wp-json\/wp\/v2\/product_tag?post=409221"}],"curies":[{"name":"wp","href":"https:\/\/api.w.org\/{rel}","templated":true}]}}