{"id":409225,"date":"2026-03-02T11:23:59","date_gmt":"2026-03-02T16:23:59","guid":{"rendered":"https:\/\/www.avenuedesigncanada.com\/product\/credence-boulder\/"},"modified":"2026-03-02T11:30:55","modified_gmt":"2026-03-02T16:30:55","slug":"credence-boulder","status":"publish","type":"product","link":"https:\/\/www.avenuedesigncanada.com\/fr\/product\/credence-boulder\/","title":{"rendered":"Cr\u00e9dence Boulder"},"content":{"rendered":"<p><em>  La cr\u00e9dence Boulder pr\u00e9sente les caract\u00e9ristiques suivantes : <em><br \/>\n 4 portes<br \/>\n1 tiroir avec plateau \u00e0 couverts feutr\u00e9<br \/>\n3 tablettes r\u00e9glables<br \/>\nPortes \u00e0 fermeture tactile<br \/>\nD\u00e9coupes dans le panneau arri\u00e8re \u00e0 gauche et \u00e0 droite pour la gestion des fils et la ventilation<br \/>\nFinition Boulder<br \/>\n\u00c9lectricit\u00e9 avec 1USB, 1USB-C et 2 prises<br \/>\nNiveleurs r\u00e9glables<br \/>\nVous avez des questions sur ce produit ? Nos concepteurs sont l\u00e0 pour vous aider. Appelez-nous au (514) 340-9351  <\/p>\n","protected":false},"excerpt":{"rendered":"<p>La cr\u00e9dence Boulder pr\u00e9sente le design en treillis caract\u00e9ristique de la collection, ajoutant une touche d&rsquo;int\u00e9r\u00eat architectural \u00e0 votre espace. Finie en brun moyen Boulder, son grand espace de rangement et ses lignes \u00e9pur\u00e9es offrent \u00e0 la fois fonctionnalit\u00e9 et style. Cette cr\u00e9dence est une pi\u00e8ce sophistiqu\u00e9e, parfaite pour les salles \u00e0 manger, les salons ou les entr\u00e9es.  <\/p>\n","protected":false},"featured_media":408966,"template":"","meta":{"_kad_blocks_custom_css":"","_kad_blocks_head_custom_js":"","_kad_blocks_body_custom_js":"","_kad_blocks_footer_custom_js":"","_kad_post_transparent":"","_kad_post_title":"","_kad_post_layout":"","_kad_post_sidebar_id":"","_kad_post_content_style":"","_kad_post_vertical_padding":"","_kad_post_feature":"","_kad_post_feature_position":"","_kad_post_header":false,"_kad_post_footer":false,"_kad_post_classname":""},"product_brand":[],"product_cat":[1303],"product_tag":[1513],"class_list":{"0":"post-409225","1":"product","2":"type-product","3":"status-publish","4":"has-post-thumbnail","6":"product_cat-buffets","7":"product_tag-paramount-fr","9":"first","10":"instock","11":"taxable","12":"shipping-taxable","13":"product-type-simple","14":"entry","15":"content-bg","16":"loop-entry"},"taxonomy_info":{"product_cat":[{"value":1303,"label":"Buffets"}],"product_tag":[{"value":1513,"label":"Paramount"}]},"featured_image_src_large":["https:\/\/www.avenuedesigncanada.com\/wp-content\/uploads\/2026\/03\/rrd-U462679_VM2_siloCC-1024x1024.jpg",1024,1024,true],"author_info":[],"comment_info":"","_links":{"self":[{"href":"https:\/\/www.avenuedesigncanada.com\/fr\/wp-json\/wp\/v2\/product\/409225","targetHints":{"allow":["GET"]}}],"collection":[{"href":"https:\/\/www.avenuedesigncanada.com\/fr\/wp-json\/wp\/v2\/product"}],"about":[{"href":"https:\/\/www.avenuedesigncanada.com\/fr\/wp-json\/wp\/v2\/types\/product"}],"wp:featuredmedia":[{"embeddable":true,"href":"https:\/\/www.avenuedesigncanada.com\/fr\/wp-json\/wp\/v2\/media\/408966"}],"wp:attachment":[{"href":"https:\/\/www.avenuedesigncanada.com\/fr\/wp-json\/wp\/v2\/media?parent=409225"}],"wp:term":[{"taxonomy":"product_brand","embeddable":true,"href":"https:\/\/www.avenuedesigncanada.com\/fr\/wp-json\/wp\/v2\/product_brand?post=409225"},{"taxonomy":"product_cat","embeddable":true,"href":"https:\/\/www.avenuedesigncanada.com\/fr\/wp-json\/wp\/v2\/product_cat?post=409225"},{"taxonomy":"product_tag","embeddable":true,"href":"https:\/\/www.avenuedesigncanada.com\/fr\/wp-json\/wp\/v2\/product_tag?post=409225"}],"curies":[{"name":"wp","href":"https:\/\/api.w.org\/{rel}","templated":true}]}}