{"id":409229,"date":"2026-03-02T11:24:13","date_gmt":"2026-03-02T16:24:13","guid":{"rendered":"https:\/\/www.avenuedesigncanada.com\/product\/table-cocktail-bunching-de-river-rock\/"},"modified":"2026-03-02T11:31:00","modified_gmt":"2026-03-02T16:31:00","slug":"table-cocktail-bunching-de-river-rock","status":"publish","type":"product","link":"https:\/\/www.avenuedesigncanada.com\/fr\/product\/table-cocktail-bunching-de-river-rock\/","title":{"rendered":"Table cocktail Bunching de River Rock"},"content":{"rendered":"<p><em>  La table cocktail Bunching de River Rock pr\u00e9sente les caract\u00e9ristiques suivantes : <em><br \/>\n Veuillez noter que le pouf River Rock Bunching est vendu s\u00e9par\u00e9ment<br \/>\nFinition River Rock<br \/>\nNiveleurs r\u00e9glables<br \/>\nVous avez des questions sur ce produit ? Nos designers sont l\u00e0 pour vous aider. Appelez-nous au (514) 340-9351  <\/p>\n","protected":false},"excerpt":{"rendered":"<p>La table cocktail Bunching de River Rock offre un style polyvalent gr\u00e2ce \u00e0 son design embo\u00eetable. Fini dans un River Rock l\u00e9ger et a\u00e9r\u00e9, le plateau de la table ronde pr\u00e9sente un motif radial subtil. Associez-la \u00e0 l&rsquo;ottoman River Rock Bunching pour disposer d&rsquo;un si\u00e8ge suppl\u00e9mentaire ou d&rsquo;une surface d&rsquo;exposition. Ce cocktail apporte un m\u00e9lange de fonctionnalit\u00e9 et d&rsquo;\u00e9l\u00e9gance raffin\u00e9e \u00e0 votre espace de vie, parfait pour des arrangements flexibles et des r\u00e9ceptions sans effort.   <\/p>\n","protected":false},"featured_media":408926,"template":"","meta":{"_kad_blocks_custom_css":"","_kad_blocks_head_custom_js":"","_kad_blocks_body_custom_js":"","_kad_blocks_footer_custom_js":"","_kad_post_transparent":"","_kad_post_title":"","_kad_post_layout":"","_kad_post_sidebar_id":"","_kad_post_content_style":"","_kad_post_vertical_padding":"","_kad_post_feature":"","_kad_post_feature_position":"","_kad_post_header":false,"_kad_post_footer":false,"_kad_post_classname":""},"product_brand":[],"product_cat":[1327],"product_tag":[1513],"class_list":{"0":"post-409229","1":"product","2":"type-product","3":"status-publish","4":"has-post-thumbnail","6":"product_cat-salon-tables-a-cafe","7":"product_tag-paramount-fr","9":"first","10":"instock","11":"taxable","12":"shipping-taxable","13":"product-type-simple","14":"entry","15":"content-bg","16":"loop-entry"},"taxonomy_info":{"product_cat":[{"value":1327,"label":"Tables \u00e0 caf\u00e9"}],"product_tag":[{"value":1513,"label":"Paramount"}]},"featured_image_src_large":["https:\/\/www.avenuedesigncanada.com\/wp-content\/uploads\/2026\/03\/rrd-U462A808L_VM_siloCC-1024x1024.jpg",1024,1024,true],"author_info":[],"comment_info":"","_links":{"self":[{"href":"https:\/\/www.avenuedesigncanada.com\/fr\/wp-json\/wp\/v2\/product\/409229","targetHints":{"allow":["GET"]}}],"collection":[{"href":"https:\/\/www.avenuedesigncanada.com\/fr\/wp-json\/wp\/v2\/product"}],"about":[{"href":"https:\/\/www.avenuedesigncanada.com\/fr\/wp-json\/wp\/v2\/types\/product"}],"wp:featuredmedia":[{"embeddable":true,"href":"https:\/\/www.avenuedesigncanada.com\/fr\/wp-json\/wp\/v2\/media\/408926"}],"wp:attachment":[{"href":"https:\/\/www.avenuedesigncanada.com\/fr\/wp-json\/wp\/v2\/media?parent=409229"}],"wp:term":[{"taxonomy":"product_brand","embeddable":true,"href":"https:\/\/www.avenuedesigncanada.com\/fr\/wp-json\/wp\/v2\/product_brand?post=409229"},{"taxonomy":"product_cat","embeddable":true,"href":"https:\/\/www.avenuedesigncanada.com\/fr\/wp-json\/wp\/v2\/product_cat?post=409229"},{"taxonomy":"product_tag","embeddable":true,"href":"https:\/\/www.avenuedesigncanada.com\/fr\/wp-json\/wp\/v2\/product_tag?post=409229"}],"curies":[{"name":"wp","href":"https:\/\/api.w.org\/{rel}","templated":true}]}}