{"id":409230,"date":"2026-03-02T11:24:04","date_gmt":"2026-03-02T16:24:04","guid":{"rendered":"https:\/\/www.avenuedesigncanada.com\/product\/coffre-de-salle-river-rock\/"},"modified":"2026-03-02T11:31:01","modified_gmt":"2026-03-02T16:31:01","slug":"coffre-de-salle-river-rock","status":"publish","type":"product","link":"https:\/\/www.avenuedesigncanada.com\/fr\/product\/coffre-de-salle-river-rock\/","title":{"rendered":"Coffre de salle River Rock"},"content":{"rendered":"<p><em>  La commode River Rock Hall pr\u00e9sente les caract\u00e9ristiques suivantes : <em><br \/>\n 2 portes<br \/>\n2 \u00e9tag\u00e8res r\u00e9glables<br \/>\nBase en m\u00e9tal : Bronze vieilli bross\u00e9<br \/>\nFinition River Rock<br \/>\nD\u00e9coupe dans le panneau arri\u00e8re pour la gestion des fils<br \/>\nNiveleurs r\u00e9glables<br \/>\nVous avez des questions sur ce produit ? Nos designers sont l\u00e0 pour vous aider. Appelez-nous au (514) 340-9351  <\/p>\n","protected":false},"excerpt":{"rendered":"<p>La commode River Rock Hall associe d\u00e9tails architecturaux et rangement pratique. Avec le design en treillis caract\u00e9ristique de la collection et une finition River Rock l\u00e9g\u00e8re et a\u00e9r\u00e9e, ses deux portes s&rsquo;ouvrent pour r\u00e9v\u00e9ler un grand espace pour ranger les objets essentiels. La base m\u00e9tallique \u00e9l\u00e9gante ajoute une touche contemporaine, faisant de cette commode un ajout \u00e9l\u00e9gant et fonctionnel \u00e0 toute entr\u00e9e ou couloir.  <\/p>\n","protected":false},"featured_media":408932,"template":"","meta":{"_kad_blocks_custom_css":"","_kad_blocks_head_custom_js":"","_kad_blocks_body_custom_js":"","_kad_blocks_footer_custom_js":"","_kad_post_transparent":"","_kad_post_title":"","_kad_post_layout":"","_kad_post_sidebar_id":"","_kad_post_content_style":"","_kad_post_vertical_padding":"","_kad_post_feature":"","_kad_post_feature_position":"","_kad_post_header":false,"_kad_post_footer":false,"_kad_post_classname":""},"product_brand":[],"product_cat":[1322],"product_tag":[1513],"class_list":{"0":"post-409230","1":"product","2":"type-product","3":"status-publish","4":"has-post-thumbnail","6":"product_cat-meubles-dappoint","7":"product_tag-paramount-fr","9":"first","10":"instock","11":"taxable","12":"shipping-taxable","13":"product-type-simple","14":"entry","15":"content-bg","16":"loop-entry"},"taxonomy_info":{"product_cat":[{"value":1322,"label":"Meubles d'appoint"}],"product_tag":[{"value":1513,"label":"Paramount"}]},"featured_image_src_large":["https:\/\/www.avenuedesigncanada.com\/wp-content\/uploads\/2026\/03\/rrd-U462A845_VM2_siloCC-1024x1024.jpg",1024,1024,true],"author_info":[],"comment_info":"","_links":{"self":[{"href":"https:\/\/www.avenuedesigncanada.com\/fr\/wp-json\/wp\/v2\/product\/409230","targetHints":{"allow":["GET"]}}],"collection":[{"href":"https:\/\/www.avenuedesigncanada.com\/fr\/wp-json\/wp\/v2\/product"}],"about":[{"href":"https:\/\/www.avenuedesigncanada.com\/fr\/wp-json\/wp\/v2\/types\/product"}],"wp:featuredmedia":[{"embeddable":true,"href":"https:\/\/www.avenuedesigncanada.com\/fr\/wp-json\/wp\/v2\/media\/408932"}],"wp:attachment":[{"href":"https:\/\/www.avenuedesigncanada.com\/fr\/wp-json\/wp\/v2\/media?parent=409230"}],"wp:term":[{"taxonomy":"product_brand","embeddable":true,"href":"https:\/\/www.avenuedesigncanada.com\/fr\/wp-json\/wp\/v2\/product_brand?post=409230"},{"taxonomy":"product_cat","embeddable":true,"href":"https:\/\/www.avenuedesigncanada.com\/fr\/wp-json\/wp\/v2\/product_cat?post=409230"},{"taxonomy":"product_tag","embeddable":true,"href":"https:\/\/www.avenuedesigncanada.com\/fr\/wp-json\/wp\/v2\/product_tag?post=409230"}],"curies":[{"name":"wp","href":"https:\/\/api.w.org\/{rel}","templated":true}]}}