{"id":409231,"date":"2026-03-02T11:24:14","date_gmt":"2026-03-02T16:24:14","guid":{"rendered":"https:\/\/www.avenuedesigncanada.com\/product\/dwell-table-cocktail-charbon-de-bois\/"},"modified":"2026-03-02T11:31:01","modified_gmt":"2026-03-02T16:31:01","slug":"dwell-table-cocktail-charbon-de-bois","status":"publish","type":"product","link":"https:\/\/www.avenuedesigncanada.com\/fr\/product\/dwell-table-cocktail-charbon-de-bois\/","title":{"rendered":"Dwell Table cocktail charbon de bois"},"content":{"rendered":"<p><em>  La table \u00e0 cocktail Dwell Charcoal pr\u00e9sente les caract\u00e9ristiques suivantes :  <em> <\/p>\n<p>Finition anthracite<br \/>\nNiveleurs r\u00e9glables<br \/>\nVous avez des questions sur ce produit ? Nos designers sont l\u00e0 pour vous aider. Appelez-nous au (514) 340-9351  <\/p>\n","protected":false},"excerpt":{"rendered":"<p>La table \u00e0 cocktail Dwell Charcoal ajoute une touche d&rsquo;\u00e9l\u00e9gance moderne \u00e0 votre espace de vie. Son design nervur\u00e9 unique et sa finition anthracite audacieuse apportent un \u00e9l\u00e9ment tactile et visuellement attrayant \u00e0 votre d\u00e9cor. Cette table \u00e0 cocktail ronde est une pi\u00e8ce ma\u00eetresse \u00e9l\u00e9gante, offrant \u00e0 la fois une surface d&rsquo;exposition et un \u00e9l\u00e9ment sculptural qui rehausse l&rsquo;esth\u00e9tique de votre pi\u00e8ce. Son ton neutre et son design distinctif en font un ajout polyvalent et sophistiqu\u00e9 \u00e0 tout d\u00e9cor contemporain.   <\/p>\n","protected":false},"featured_media":409094,"template":"","meta":{"_kad_blocks_custom_css":"","_kad_blocks_head_custom_js":"","_kad_blocks_body_custom_js":"","_kad_blocks_footer_custom_js":"","_kad_post_transparent":"","_kad_post_title":"","_kad_post_layout":"","_kad_post_sidebar_id":"","_kad_post_content_style":"","_kad_post_vertical_padding":"","_kad_post_feature":"","_kad_post_feature_position":"","_kad_post_header":false,"_kad_post_footer":false,"_kad_post_classname":""},"product_brand":[],"product_cat":[1327],"product_tag":[1513],"class_list":{"0":"post-409231","1":"product","2":"type-product","3":"status-publish","4":"has-post-thumbnail","6":"product_cat-salon-tables-a-cafe","7":"product_tag-paramount-fr","9":"first","10":"instock","11":"taxable","12":"shipping-taxable","13":"product-type-simple","14":"entry","15":"content-bg","16":"loop-entry"},"taxonomy_info":{"product_cat":[{"value":1327,"label":"Tables \u00e0 caf\u00e9"}],"product_tag":[{"value":1513,"label":"Paramount"}]},"featured_image_src_large":["https:\/\/www.avenuedesigncanada.com\/wp-content\/uploads\/2026\/03\/U462D818_VM-1024x1024.jpg",1024,1024,true],"author_info":[],"comment_info":"","_links":{"self":[{"href":"https:\/\/www.avenuedesigncanada.com\/fr\/wp-json\/wp\/v2\/product\/409231","targetHints":{"allow":["GET"]}}],"collection":[{"href":"https:\/\/www.avenuedesigncanada.com\/fr\/wp-json\/wp\/v2\/product"}],"about":[{"href":"https:\/\/www.avenuedesigncanada.com\/fr\/wp-json\/wp\/v2\/types\/product"}],"wp:featuredmedia":[{"embeddable":true,"href":"https:\/\/www.avenuedesigncanada.com\/fr\/wp-json\/wp\/v2\/media\/409094"}],"wp:attachment":[{"href":"https:\/\/www.avenuedesigncanada.com\/fr\/wp-json\/wp\/v2\/media?parent=409231"}],"wp:term":[{"taxonomy":"product_brand","embeddable":true,"href":"https:\/\/www.avenuedesigncanada.com\/fr\/wp-json\/wp\/v2\/product_brand?post=409231"},{"taxonomy":"product_cat","embeddable":true,"href":"https:\/\/www.avenuedesigncanada.com\/fr\/wp-json\/wp\/v2\/product_cat?post=409231"},{"taxonomy":"product_tag","embeddable":true,"href":"https:\/\/www.avenuedesigncanada.com\/fr\/wp-json\/wp\/v2\/product_tag?post=409231"}],"curies":[{"name":"wp","href":"https:\/\/api.w.org\/{rel}","templated":true}]}}