{"id":409233,"date":"2026-03-02T11:24:06","date_gmt":"2026-03-02T16:24:06","guid":{"rendered":"https:\/\/www.avenuedesigncanada.com\/product\/meuble-de-bar-boulder\/"},"modified":"2026-03-02T11:31:02","modified_gmt":"2026-03-02T16:31:02","slug":"meuble-de-bar-boulder","status":"publish","type":"product","link":"https:\/\/www.avenuedesigncanada.com\/fr\/product\/meuble-de-bar-boulder\/","title":{"rendered":"Meuble de bar Boulder"},"content":{"rendered":"<p><em>  Le meuble de bar Boulder pr\u00e9sente les caract\u00e9ristiques suivantes : <em><br \/>\n 1 tiroir \u00e0 plateaux derri\u00e8re les portes<br \/>\n2 tablettes en bois r\u00e9glables<br \/>\nBase en m\u00e9tal avec 1 tablette en verre fixe<br \/>\nFinition Boulder<br \/>\nBande lumineuse LED<br \/>\nNiveleurs r\u00e9glables<br \/>\nVous avez des questions sur ce produit ? Nos designers sont l\u00e0 pour vous aider. Appelez-nous au (514) 340-9351  <\/p>\n","protected":false},"excerpt":{"rendered":"<p>Le meuble de bar Boulder allie d\u00e9tails architecturaux et fonctionnalit\u00e9 moderne. Dot\u00e9 du design en treillis caract\u00e9ristique de la collection et d&rsquo;une finition chaude Boulder brun moyen, le meuble sup\u00e9rieur offre un rangement \u00e9l\u00e9gant, tandis que la base ouverte en m\u00e9tal avec une \u00e9tag\u00e8re en verre offre un espace d&rsquo;affichage contemporain. Ce meuble bar est un ajout sophistiqu\u00e9 \u00e0 tout espace de r\u00e9ception, alliant forme et fonction avec une touche d&rsquo;\u00e9l\u00e9gance raffin\u00e9e.  <\/p>\n","protected":false},"featured_media":408968,"template":"","meta":{"_kad_blocks_custom_css":"","_kad_blocks_head_custom_js":"","_kad_blocks_body_custom_js":"","_kad_blocks_footer_custom_js":"","_kad_post_transparent":"","_kad_post_title":"","_kad_post_layout":"","_kad_post_sidebar_id":"","_kad_post_content_style":"","_kad_post_vertical_padding":"","_kad_post_feature":"","_kad_post_feature_position":"","_kad_post_header":false,"_kad_post_footer":false,"_kad_post_classname":""},"product_brand":[],"product_cat":[1301],"product_tag":[1513],"class_list":{"0":"post-409233","1":"product","2":"type-product","3":"status-publish","4":"has-post-thumbnail","6":"product_cat-rangement-et-dessertes-fr","7":"product_tag-paramount-fr","9":"first","10":"instock","11":"taxable","12":"shipping-taxable","13":"product-type-simple","14":"entry","15":"content-bg","16":"loop-entry"},"taxonomy_info":{"product_cat":[{"value":1301,"label":"Dessertes"}],"product_tag":[{"value":1513,"label":"Paramount"}]},"featured_image_src_large":["https:\/\/www.avenuedesigncanada.com\/wp-content\/uploads\/2026\/03\/rrd-U462690B_VM3_siloCC-1024x1024.jpg",1024,1024,true],"author_info":[],"comment_info":"","_links":{"self":[{"href":"https:\/\/www.avenuedesigncanada.com\/fr\/wp-json\/wp\/v2\/product\/409233","targetHints":{"allow":["GET"]}}],"collection":[{"href":"https:\/\/www.avenuedesigncanada.com\/fr\/wp-json\/wp\/v2\/product"}],"about":[{"href":"https:\/\/www.avenuedesigncanada.com\/fr\/wp-json\/wp\/v2\/types\/product"}],"wp:featuredmedia":[{"embeddable":true,"href":"https:\/\/www.avenuedesigncanada.com\/fr\/wp-json\/wp\/v2\/media\/408968"}],"wp:attachment":[{"href":"https:\/\/www.avenuedesigncanada.com\/fr\/wp-json\/wp\/v2\/media?parent=409233"}],"wp:term":[{"taxonomy":"product_brand","embeddable":true,"href":"https:\/\/www.avenuedesigncanada.com\/fr\/wp-json\/wp\/v2\/product_brand?post=409233"},{"taxonomy":"product_cat","embeddable":true,"href":"https:\/\/www.avenuedesigncanada.com\/fr\/wp-json\/wp\/v2\/product_cat?post=409233"},{"taxonomy":"product_tag","embeddable":true,"href":"https:\/\/www.avenuedesigncanada.com\/fr\/wp-json\/wp\/v2\/product_tag?post=409233"}],"curies":[{"name":"wp","href":"https:\/\/api.w.org\/{rel}","templated":true}]}}