{"id":409234,"date":"2026-03-02T11:24:17","date_gmt":"2026-03-02T16:24:17","guid":{"rendered":"https:\/\/www.avenuedesigncanada.com\/product\/console-a-base-metallique-boulder\/"},"modified":"2026-03-02T11:31:04","modified_gmt":"2026-03-02T16:31:04","slug":"console-a-base-metallique-boulder","status":"publish","type":"product","link":"https:\/\/www.avenuedesigncanada.com\/fr\/product\/console-a-base-metallique-boulder\/","title":{"rendered":"Console \u00e0 base m\u00e9tallique Boulder"},"content":{"rendered":"<p><em>  La console \u00e0 base m\u00e9tallique Boulder pr\u00e9sente les caract\u00e9ristiques suivantes :  <em> <\/p>\n<p>4 Tiroirs<br \/>\nFinition Boulder<br \/>\nNiveleurs r\u00e9glables<br \/>\nVous avez des questions sur ce produit ? Nos designers sont l\u00e0 pour vous aider. Appelez-nous au (514) 340-9351  <\/p>\n","protected":false},"excerpt":{"rendered":"<p>La console \u00e0 base m\u00e9tallique Boulder allie le chic industriel \u00e0 la chaleur naturelle. Dot\u00e9e d&rsquo;une base m\u00e9tallique \u00e9l\u00e9gante et d&rsquo;une finition chaude Boulder brun moyen, ses lignes \u00e9pur\u00e9es et ses quatre tiroirs spacieux offrent \u00e0 la fois style et fonctionnalit\u00e9. Cette console ajoute une touche moderne et architecturale \u00e0 votre entr\u00e9e, votre salon ou votre salle \u00e0 manger, parfaite pour ceux qui recherchent un m\u00e9lange de design contemporain et de rangement pratique.  <\/p>\n","protected":false},"featured_media":408980,"template":"","meta":{"_kad_blocks_custom_css":"","_kad_blocks_head_custom_js":"","_kad_blocks_body_custom_js":"","_kad_blocks_footer_custom_js":"","_kad_post_transparent":"","_kad_post_title":"","_kad_post_layout":"","_kad_post_sidebar_id":"","_kad_post_content_style":"","_kad_post_vertical_padding":"","_kad_post_feature":"","_kad_post_feature_position":"","_kad_post_header":false,"_kad_post_footer":false,"_kad_post_classname":""},"product_brand":[],"product_cat":[1328],"product_tag":[1513],"class_list":{"0":"post-409234","1":"product","2":"type-product","3":"status-publish","4":"has-post-thumbnail","6":"product_cat-consoles","7":"product_tag-paramount-fr","9":"first","10":"instock","11":"taxable","12":"shipping-taxable","13":"product-type-simple","14":"entry","15":"content-bg","16":"loop-entry"},"taxonomy_info":{"product_cat":[{"value":1328,"label":"Consoles"}],"product_tag":[{"value":1513,"label":"Paramount"}]},"featured_image_src_large":["https:\/\/www.avenuedesigncanada.com\/wp-content\/uploads\/2026\/03\/rrd-U462816_VM2_siloCC-1024x1024.jpg",1024,1024,true],"author_info":[],"comment_info":"","_links":{"self":[{"href":"https:\/\/www.avenuedesigncanada.com\/fr\/wp-json\/wp\/v2\/product\/409234","targetHints":{"allow":["GET"]}}],"collection":[{"href":"https:\/\/www.avenuedesigncanada.com\/fr\/wp-json\/wp\/v2\/product"}],"about":[{"href":"https:\/\/www.avenuedesigncanada.com\/fr\/wp-json\/wp\/v2\/types\/product"}],"wp:featuredmedia":[{"embeddable":true,"href":"https:\/\/www.avenuedesigncanada.com\/fr\/wp-json\/wp\/v2\/media\/408980"}],"wp:attachment":[{"href":"https:\/\/www.avenuedesigncanada.com\/fr\/wp-json\/wp\/v2\/media?parent=409234"}],"wp:term":[{"taxonomy":"product_brand","embeddable":true,"href":"https:\/\/www.avenuedesigncanada.com\/fr\/wp-json\/wp\/v2\/product_brand?post=409234"},{"taxonomy":"product_cat","embeddable":true,"href":"https:\/\/www.avenuedesigncanada.com\/fr\/wp-json\/wp\/v2\/product_cat?post=409234"},{"taxonomy":"product_tag","embeddable":true,"href":"https:\/\/www.avenuedesigncanada.com\/fr\/wp-json\/wp\/v2\/product_tag?post=409234"}],"curies":[{"name":"wp","href":"https:\/\/api.w.org\/{rel}","templated":true}]}}