{"id":409237,"date":"2026-03-02T11:24:11","date_gmt":"2026-03-02T16:24:11","guid":{"rendered":"https:\/\/www.avenuedesigncanada.com\/product\/table-cocktail-boulder-bunching\/"},"modified":"2026-03-02T11:31:05","modified_gmt":"2026-03-02T16:31:05","slug":"table-cocktail-boulder-bunching","status":"publish","type":"product","link":"https:\/\/www.avenuedesigncanada.com\/fr\/product\/table-cocktail-boulder-bunching\/","title":{"rendered":"Table cocktail Boulder Bunching"},"content":{"rendered":"<p><em>  La table cocktail Boulder Bunching pr\u00e9sente les caract\u00e9ristiques suivantes : <em><br \/>\n Veuillez noter que le pouf Boulder Bunching est vendu s\u00e9par\u00e9ment<br \/>\nFinition Boulder<br \/>\nNiveleurs r\u00e9glables<br \/>\nVous avez des questions sur ce produit ? Nos designers sont l\u00e0 pour vous aider. Appelez-nous au (514) 340-9351  <\/p>\n","protected":false},"excerpt":{"rendered":"<p>La table cocktail Boulder Bunching offre un style polyvalent gr\u00e2ce \u00e0 son design embo\u00eetable. Fini dans un brun moyen chaud de Boulder, le dessus de table rond pr\u00e9sente un motif radial subtil. Associez-la \u00e0 l&rsquo;ottoman Boulder Bunching pour disposer d&rsquo;un si\u00e8ge suppl\u00e9mentaire ou d&rsquo;une surface d&rsquo;exposition. Ce cocktail apporte un m\u00e9lange de fonctionnalit\u00e9 et d&rsquo;\u00e9l\u00e9gance raffin\u00e9e \u00e0 votre espace de vie, parfait pour des arrangements flexibles et des r\u00e9ceptions sans effort.   <\/p>\n","protected":false},"featured_media":408976,"template":"","meta":{"_kad_blocks_custom_css":"","_kad_blocks_head_custom_js":"","_kad_blocks_body_custom_js":"","_kad_blocks_footer_custom_js":"","_kad_post_transparent":"","_kad_post_title":"","_kad_post_layout":"","_kad_post_sidebar_id":"","_kad_post_content_style":"","_kad_post_vertical_padding":"","_kad_post_feature":"","_kad_post_feature_position":"","_kad_post_header":false,"_kad_post_footer":false,"_kad_post_classname":""},"product_brand":[],"product_cat":[1327],"product_tag":[1513],"class_list":{"0":"post-409237","1":"product","2":"type-product","3":"status-publish","4":"has-post-thumbnail","6":"product_cat-salon-tables-a-cafe","7":"product_tag-paramount-fr","9":"first","10":"instock","11":"taxable","12":"shipping-taxable","13":"product-type-simple","14":"entry","15":"content-bg","16":"loop-entry"},"taxonomy_info":{"product_cat":[{"value":1327,"label":"Tables \u00e0 caf\u00e9"}],"product_tag":[{"value":1513,"label":"Paramount"}]},"featured_image_src_large":["https:\/\/www.avenuedesigncanada.com\/wp-content\/uploads\/2026\/03\/rrd-U462808L_VM2_siloCC-1024x1024.jpg",1024,1024,true],"author_info":[],"comment_info":"","_links":{"self":[{"href":"https:\/\/www.avenuedesigncanada.com\/fr\/wp-json\/wp\/v2\/product\/409237","targetHints":{"allow":["GET"]}}],"collection":[{"href":"https:\/\/www.avenuedesigncanada.com\/fr\/wp-json\/wp\/v2\/product"}],"about":[{"href":"https:\/\/www.avenuedesigncanada.com\/fr\/wp-json\/wp\/v2\/types\/product"}],"wp:featuredmedia":[{"embeddable":true,"href":"https:\/\/www.avenuedesigncanada.com\/fr\/wp-json\/wp\/v2\/media\/408976"}],"wp:attachment":[{"href":"https:\/\/www.avenuedesigncanada.com\/fr\/wp-json\/wp\/v2\/media?parent=409237"}],"wp:term":[{"taxonomy":"product_brand","embeddable":true,"href":"https:\/\/www.avenuedesigncanada.com\/fr\/wp-json\/wp\/v2\/product_brand?post=409237"},{"taxonomy":"product_cat","embeddable":true,"href":"https:\/\/www.avenuedesigncanada.com\/fr\/wp-json\/wp\/v2\/product_cat?post=409237"},{"taxonomy":"product_tag","embeddable":true,"href":"https:\/\/www.avenuedesigncanada.com\/fr\/wp-json\/wp\/v2\/product_tag?post=409237"}],"curies":[{"name":"wp","href":"https:\/\/api.w.org\/{rel}","templated":true}]}}