{"id":409239,"date":"2026-03-02T11:24:24","date_gmt":"2026-03-02T16:24:24","guid":{"rendered":"https:\/\/www.avenuedesigncanada.com\/product\/dwell-table-dappoint-en-pierre\/"},"modified":"2026-03-02T11:31:09","modified_gmt":"2026-03-02T16:31:09","slug":"dwell-table-dappoint-en-pierre","status":"publish","type":"product","link":"https:\/\/www.avenuedesigncanada.com\/fr\/product\/dwell-table-dappoint-en-pierre\/","title":{"rendered":"Dwell Table d&rsquo;appoint en pierre"},"content":{"rendered":"<p><em>  La table d&rsquo;appoint Dwell Stone pr\u00e9sente les caract\u00e9ristiques suivantes : <em><br \/>\n Pierre : Blanc Banswara<br \/>\nTapis en feutre sur le fond<br \/>\nExt\u00e9rieur Class\u00e9 sous couverture<br \/>\nVous avez des questions sur ce produit ? Nos designers sont l\u00e0 pour vous aider. Appelez-nous au (514) 340-9351  <\/p>\n","protected":false},"excerpt":{"rendered":"<p>La table d&rsquo;appoint Dwell Stone apporte une touche d&rsquo;intrigue architecturale \u00e0 votre espace. Fabriqu\u00e9e en pierre massive, sa forme cubique pr\u00e9sente une surface textur\u00e9e en forme de grille, ajoutant un \u00e9l\u00e9ment tactile et visuellement attrayant. Cette pi\u00e8ce est un accent frappant, fonctionnant comme une table d&rsquo;appoint, un pi\u00e9destal ou un objet sculptural. Sa finition en pierre naturelle et son design unique en font un point de mire dans tout d\u00e9cor contemporain.   <\/p>\n","protected":false},"featured_media":409158,"template":"","meta":{"_kad_blocks_custom_css":"","_kad_blocks_head_custom_js":"","_kad_blocks_body_custom_js":"","_kad_blocks_footer_custom_js":"","_kad_post_transparent":"","_kad_post_title":"","_kad_post_layout":"","_kad_post_sidebar_id":"","_kad_post_content_style":"","_kad_post_vertical_padding":"","_kad_post_feature":"","_kad_post_feature_position":"","_kad_post_header":false,"_kad_post_footer":false,"_kad_post_classname":""},"product_brand":[],"product_cat":[1323],"product_tag":[1513],"class_list":{"0":"post-409239","1":"product","2":"type-product","3":"status-publish","4":"has-post-thumbnail","6":"product_cat-salon-tables-dappoint","7":"product_tag-paramount-fr","9":"first","10":"instock","11":"taxable","12":"shipping-taxable","13":"product-type-simple","14":"entry","15":"content-bg","16":"loop-entry"},"taxonomy_info":{"product_cat":[{"value":1323,"label":"Tables d'appoint"}],"product_tag":[{"value":1513,"label":"Paramount"}]},"featured_image_src_large":["https:\/\/www.avenuedesigncanada.com\/wp-content\/uploads\/2026\/03\/U462817_VM-1024x1024.jpg",1024,1024,true],"author_info":[],"comment_info":"","_links":{"self":[{"href":"https:\/\/www.avenuedesigncanada.com\/fr\/wp-json\/wp\/v2\/product\/409239","targetHints":{"allow":["GET"]}}],"collection":[{"href":"https:\/\/www.avenuedesigncanada.com\/fr\/wp-json\/wp\/v2\/product"}],"about":[{"href":"https:\/\/www.avenuedesigncanada.com\/fr\/wp-json\/wp\/v2\/types\/product"}],"wp:featuredmedia":[{"embeddable":true,"href":"https:\/\/www.avenuedesigncanada.com\/fr\/wp-json\/wp\/v2\/media\/409158"}],"wp:attachment":[{"href":"https:\/\/www.avenuedesigncanada.com\/fr\/wp-json\/wp\/v2\/media?parent=409239"}],"wp:term":[{"taxonomy":"product_brand","embeddable":true,"href":"https:\/\/www.avenuedesigncanada.com\/fr\/wp-json\/wp\/v2\/product_brand?post=409239"},{"taxonomy":"product_cat","embeddable":true,"href":"https:\/\/www.avenuedesigncanada.com\/fr\/wp-json\/wp\/v2\/product_cat?post=409239"},{"taxonomy":"product_tag","embeddable":true,"href":"https:\/\/www.avenuedesigncanada.com\/fr\/wp-json\/wp\/v2\/product_tag?post=409239"}],"curies":[{"name":"wp","href":"https:\/\/api.w.org\/{rel}","templated":true}]}}