{"id":409240,"date":"2026-03-02T11:24:26","date_gmt":"2026-03-02T16:24:26","guid":{"rendered":"https:\/\/www.avenuedesigncanada.com\/product\/pouf-boulder\/"},"modified":"2026-03-02T11:31:10","modified_gmt":"2026-03-02T16:31:10","slug":"pouf-boulder","status":"publish","type":"product","link":"https:\/\/www.avenuedesigncanada.com\/fr\/product\/pouf-boulder\/","title":{"rendered":"Pouf Boulder"},"content":{"rendered":"<p><em>  Le pouf Boulder Bunching pr\u00e9sente les caract\u00e9ristiques suivantes : <em><br \/>\n Tissu : Lin Monique<br \/>\nVeuillez noter que la table cocktail Boulder Bunching est vendue s\u00e9par\u00e9ment<br \/>\nNiveleurs r\u00e9glables<br \/>\nVous avez des questions sur ce produit ? Nos designers sont l\u00e0 pour vous aider. Appelez-nous au (514) 340-9351  <\/p>\n","protected":false},"excerpt":{"rendered":"<p>Le pouf Boulder Bunching offre une solution d&rsquo;assise \u00e9l\u00e9gante et polyvalente. Fini en brun moyen Boulder, son design arrondi et son dessus rembourr\u00e9 en font une pi\u00e8ce d&rsquo;accent confortable. Parfait pour \u00eatre associ\u00e9 \u00e0 la table cocktail Boulder Bunching ou utilis\u00e9 comme si\u00e8ge ind\u00e9pendant, ce pouf ajoute une touche d&rsquo;\u00e9l\u00e9gance raffin\u00e9e et de flexibilit\u00e9 \u00e0 votre espace de vie.  <\/p>\n","protected":false},"featured_media":409146,"template":"","meta":{"_kad_blocks_custom_css":"","_kad_blocks_head_custom_js":"","_kad_blocks_body_custom_js":"","_kad_blocks_footer_custom_js":"","_kad_post_transparent":"","_kad_post_title":"","_kad_post_layout":"","_kad_post_sidebar_id":"","_kad_post_content_style":"","_kad_post_vertical_padding":"","_kad_post_feature":"","_kad_post_feature_position":"","_kad_post_header":false,"_kad_post_footer":false,"_kad_post_classname":""},"product_brand":[],"product_cat":[1325],"product_tag":[1513],"class_list":{"0":"post-409240","1":"product","2":"type-product","3":"status-publish","4":"has-post-thumbnail","6":"product_cat-poufs","7":"product_tag-paramount-fr","9":"first","10":"instock","11":"taxable","12":"shipping-taxable","13":"product-type-simple","14":"entry","15":"content-bg","16":"loop-entry"},"taxonomy_info":{"product_cat":[{"value":1325,"label":"Ottomans"}],"product_tag":[{"value":1513,"label":"Paramount"}]},"featured_image_src_large":["https:\/\/www.avenuedesigncanada.com\/wp-content\/uploads\/2026\/03\/U462808S_VM2-1024x1024.jpg",1024,1024,true],"author_info":[],"comment_info":"","_links":{"self":[{"href":"https:\/\/www.avenuedesigncanada.com\/fr\/wp-json\/wp\/v2\/product\/409240","targetHints":{"allow":["GET"]}}],"collection":[{"href":"https:\/\/www.avenuedesigncanada.com\/fr\/wp-json\/wp\/v2\/product"}],"about":[{"href":"https:\/\/www.avenuedesigncanada.com\/fr\/wp-json\/wp\/v2\/types\/product"}],"wp:featuredmedia":[{"embeddable":true,"href":"https:\/\/www.avenuedesigncanada.com\/fr\/wp-json\/wp\/v2\/media\/409146"}],"wp:attachment":[{"href":"https:\/\/www.avenuedesigncanada.com\/fr\/wp-json\/wp\/v2\/media?parent=409240"}],"wp:term":[{"taxonomy":"product_brand","embeddable":true,"href":"https:\/\/www.avenuedesigncanada.com\/fr\/wp-json\/wp\/v2\/product_brand?post=409240"},{"taxonomy":"product_cat","embeddable":true,"href":"https:\/\/www.avenuedesigncanada.com\/fr\/wp-json\/wp\/v2\/product_cat?post=409240"},{"taxonomy":"product_tag","embeddable":true,"href":"https:\/\/www.avenuedesigncanada.com\/fr\/wp-json\/wp\/v2\/product_tag?post=409240"}],"curies":[{"name":"wp","href":"https:\/\/api.w.org\/{rel}","templated":true}]}}