{"id":409241,"date":"2026-03-02T11:24:27","date_gmt":"2026-03-02T16:24:27","guid":{"rendered":"https:\/\/www.avenuedesigncanada.com\/product\/pouf-bunching-de-river-rock\/"},"modified":"2026-03-02T11:31:11","modified_gmt":"2026-03-02T16:31:11","slug":"pouf-bunching-de-river-rock","status":"publish","type":"product","link":"https:\/\/www.avenuedesigncanada.com\/fr\/product\/pouf-bunching-de-river-rock\/","title":{"rendered":"Pouf Bunching de River Rock"},"content":{"rendered":"<p><em>  Le pouf Bunching de River Rock pr\u00e9sente les caract\u00e9ristiques suivantes : <em><br \/>\n Tissu : Lin Monique<br \/>\nVeuillez noter que la table \u00e0 cocktail River Rock Bunching est vendue s\u00e9par\u00e9ment<br \/>\nNiveleurs r\u00e9glables<br \/>\nVous avez des questions sur ce produit ? Nos designers sont l\u00e0 pour vous aider. Appelez-nous au (514) 340-9351  <\/p>\n","protected":false},"excerpt":{"rendered":"<p>Le pouf Bunching de River Rock offre une solution d&rsquo;assise \u00e9l\u00e9gante et polyvalente. Fini en River Rock l\u00e9ger et a\u00e9r\u00e9, son design arrondi et son dessus rembourr\u00e9 en font une pi\u00e8ce d&rsquo;accent confortable. Parfait pour \u00eatre associ\u00e9 \u00e0 la table cocktail River Rock Bunching ou utilis\u00e9 comme si\u00e8ge ind\u00e9pendant, cet ottoman ajoute une touche d&rsquo;\u00e9l\u00e9gance raffin\u00e9e et de flexibilit\u00e9 \u00e0 votre espace de vie.  <\/p>\n","protected":false},"featured_media":409038,"template":"","meta":{"_kad_blocks_custom_css":"","_kad_blocks_head_custom_js":"","_kad_blocks_body_custom_js":"","_kad_blocks_footer_custom_js":"","_kad_post_transparent":"","_kad_post_title":"","_kad_post_layout":"","_kad_post_sidebar_id":"","_kad_post_content_style":"","_kad_post_vertical_padding":"","_kad_post_feature":"","_kad_post_feature_position":"","_kad_post_header":false,"_kad_post_footer":false,"_kad_post_classname":""},"product_brand":[],"product_cat":[1325],"product_tag":[1513],"class_list":{"0":"post-409241","1":"product","2":"type-product","3":"status-publish","4":"has-post-thumbnail","6":"product_cat-poufs","7":"product_tag-paramount-fr","9":"first","10":"instock","11":"taxable","12":"shipping-taxable","13":"product-type-simple","14":"entry","15":"content-bg","16":"loop-entry"},"taxonomy_info":{"product_cat":[{"value":1325,"label":"Ottomans"}],"product_tag":[{"value":1513,"label":"Paramount"}]},"featured_image_src_large":["https:\/\/www.avenuedesigncanada.com\/wp-content\/uploads\/2026\/03\/U462A808S_VM2-1024x1024.jpg",1024,1024,true],"author_info":[],"comment_info":"","_links":{"self":[{"href":"https:\/\/www.avenuedesigncanada.com\/fr\/wp-json\/wp\/v2\/product\/409241","targetHints":{"allow":["GET"]}}],"collection":[{"href":"https:\/\/www.avenuedesigncanada.com\/fr\/wp-json\/wp\/v2\/product"}],"about":[{"href":"https:\/\/www.avenuedesigncanada.com\/fr\/wp-json\/wp\/v2\/types\/product"}],"wp:featuredmedia":[{"embeddable":true,"href":"https:\/\/www.avenuedesigncanada.com\/fr\/wp-json\/wp\/v2\/media\/409038"}],"wp:attachment":[{"href":"https:\/\/www.avenuedesigncanada.com\/fr\/wp-json\/wp\/v2\/media?parent=409241"}],"wp:term":[{"taxonomy":"product_brand","embeddable":true,"href":"https:\/\/www.avenuedesigncanada.com\/fr\/wp-json\/wp\/v2\/product_brand?post=409241"},{"taxonomy":"product_cat","embeddable":true,"href":"https:\/\/www.avenuedesigncanada.com\/fr\/wp-json\/wp\/v2\/product_cat?post=409241"},{"taxonomy":"product_tag","embeddable":true,"href":"https:\/\/www.avenuedesigncanada.com\/fr\/wp-json\/wp\/v2\/product_tag?post=409241"}],"curies":[{"name":"wp","href":"https:\/\/api.w.org\/{rel}","templated":true}]}}