{"id":409243,"date":"2026-03-02T11:23:27","date_gmt":"2026-03-02T16:23:27","guid":{"rendered":"https:\/\/www.avenuedesigncanada.com\/product\/lit-boulder-upholstered\/"},"modified":"2026-03-02T11:42:42","modified_gmt":"2026-03-02T16:42:42","slug":"lit-boulder-upholstered","status":"publish","type":"product","link":"https:\/\/www.avenuedesigncanada.com\/fr\/product\/lit-boulder-upholstered\/","title":{"rendered":"Lit Boulder Upholstered"},"content":{"rendered":"<p><em>  Le lit Boulder Upholstered King pr\u00e9sente les caract\u00e9ristiques suivantes : <em><br \/>\n Tissu : Asbury Oatmeal<\/p>\n<p>Finition Boulder<\/p>\n<p>Matelas + Boxspring ou Matelas seul<br \/>\nVous avez des questions sur ce produit ? Nos designers sont l\u00e0 pour vous aider. Appelez-nous au (514) 340-9351  <\/p>\n","protected":false},"excerpt":{"rendered":"<p>Le lit capitonn\u00e9 Boulder pr\u00e9sente un m\u00e9lange harmonieux de confort et de d\u00e9tails architecturaux. Son fini chaud Boulder brun moyen encadre une t\u00eate de lit et une base doucement rembourr\u00e9es, cr\u00e9ant un point central serein et invitant pour votre chambre \u00e0 coucher. Les lignes \u00e9pur\u00e9es du lit et les accents de bois naturel \u00e9voquent un sentiment de tranquillit\u00e9 raffin\u00e9e, parfait pour une retraite reposante.  <\/p>\n","protected":false},"featured_media":408948,"template":"","meta":{"_kad_blocks_custom_css":"","_kad_blocks_head_custom_js":"","_kad_blocks_body_custom_js":"","_kad_blocks_footer_custom_js":"","_kad_post_transparent":"","_kad_post_title":"","_kad_post_layout":"","_kad_post_sidebar_id":"","_kad_post_content_style":"","_kad_post_vertical_padding":"","_kad_post_feature":"","_kad_post_feature_position":"","_kad_post_header":false,"_kad_post_footer":false,"_kad_post_classname":""},"product_brand":[],"product_cat":[1296],"product_tag":[1513],"class_list":{"0":"post-409243","1":"product","2":"type-product","3":"status-publish","4":"has-post-thumbnail","6":"product_cat-lits","7":"product_tag-paramount-fr","9":"first","10":"instock","11":"taxable","12":"shipping-taxable","13":"product-type-simple","14":"entry","15":"content-bg","16":"loop-entry"},"taxonomy_info":{"product_cat":[{"value":1296,"label":"Lits"}],"product_tag":[{"value":1513,"label":"Paramount"}]},"featured_image_src_large":["https:\/\/www.avenuedesigncanada.com\/wp-content\/uploads\/2026\/03\/rrd-U462220B_VM2_siloCC-1024x1024.jpg",1024,1024,true],"author_info":[],"comment_info":"","_links":{"self":[{"href":"https:\/\/www.avenuedesigncanada.com\/fr\/wp-json\/wp\/v2\/product\/409243","targetHints":{"allow":["GET"]}}],"collection":[{"href":"https:\/\/www.avenuedesigncanada.com\/fr\/wp-json\/wp\/v2\/product"}],"about":[{"href":"https:\/\/www.avenuedesigncanada.com\/fr\/wp-json\/wp\/v2\/types\/product"}],"wp:featuredmedia":[{"embeddable":true,"href":"https:\/\/www.avenuedesigncanada.com\/fr\/wp-json\/wp\/v2\/media\/408948"}],"wp:attachment":[{"href":"https:\/\/www.avenuedesigncanada.com\/fr\/wp-json\/wp\/v2\/media?parent=409243"}],"wp:term":[{"taxonomy":"product_brand","embeddable":true,"href":"https:\/\/www.avenuedesigncanada.com\/fr\/wp-json\/wp\/v2\/product_brand?post=409243"},{"taxonomy":"product_cat","embeddable":true,"href":"https:\/\/www.avenuedesigncanada.com\/fr\/wp-json\/wp\/v2\/product_cat?post=409243"},{"taxonomy":"product_tag","embeddable":true,"href":"https:\/\/www.avenuedesigncanada.com\/fr\/wp-json\/wp\/v2\/product_tag?post=409243"}],"curies":[{"name":"wp","href":"https:\/\/api.w.org\/{rel}","templated":true}]}}