{"id":409405,"date":"2026-03-03T10:13:35","date_gmt":"2026-03-03T15:13:35","guid":{"rendered":"https:\/\/www.avenuedesigncanada.com\/product\/console-san-roque\/"},"modified":"2026-03-20T21:51:49","modified_gmt":"2026-03-21T01:51:49","slug":"console-san-roque","status":"publish","type":"product","link":"https:\/\/www.avenuedesigncanada.com\/fr\/product\/console-san-roque\/","title":{"rendered":"Console San Roque"},"content":{"rendered":"<p><em>  La console San Roque pr\u00e9sente les caract\u00e9ristiques suivantes :  <em><br \/>\n4 portes avec finition Shattered Earth<br \/>\n2 \u00e9tag\u00e8res r\u00e9glables<br \/>\n1 \u00e9tag\u00e8re de pr\u00e9sentation ouverte<br \/>\nAcc\u00e8s aux c\u00e2bles par le panneau arri\u00e8re et la cloison<br \/>\nFinition de la caisse : Ch\u00eane patin\u00e9<br \/>\nKit d&#8217;embouts<br \/>\nNiveleurs r\u00e9glables<br \/>\nVous avez des questions sur ce produit ? Nos concepteurs sont l\u00e0 pour vous aider. Appelez-nous au (514) 340-9351  <\/em><\/em><\/p>\n","protected":false},"excerpt":{"rendered":"<p>Les \u00e9tag\u00e8res r\u00e9glables derri\u00e8re les portes \u00e0 motifs g\u00e9om\u00e9triques offrent une flexibilit\u00e9 de rangement ultime.<\/p>\n","protected":false},"featured_media":409334,"template":"","meta":{"_kad_blocks_custom_css":"","_kad_blocks_head_custom_js":"","_kad_blocks_body_custom_js":"","_kad_blocks_footer_custom_js":"","_kad_post_transparent":"","_kad_post_title":"","_kad_post_layout":"","_kad_post_sidebar_id":"","_kad_post_content_style":"","_kad_post_vertical_padding":"","_kad_post_feature":"","_kad_post_feature_position":"","_kad_post_header":false,"_kad_post_footer":false,"_kad_post_classname":""},"product_brand":[],"product_cat":[1303],"product_tag":[1513],"class_list":{"0":"post-409405","1":"product","2":"type-product","3":"status-publish","4":"has-post-thumbnail","6":"product_cat-buffets","7":"product_tag-paramount-fr","9":"first","10":"instock","11":"taxable","12":"shipping-taxable","13":"product-type-simple","14":"entry","15":"content-bg","16":"loop-entry"},"taxonomy_info":{"product_cat":[{"value":1303,"label":"Buffets"}],"product_tag":[{"value":1513,"label":"Paramount"}]},"featured_image_src_large":["https:\/\/www.avenuedesigncanada.com\/wp-content\/uploads\/2026\/03\/U225A779_-1024x1024.jpg",1024,1024,true],"author_info":[],"comment_info":"","_links":{"self":[{"href":"https:\/\/www.avenuedesigncanada.com\/fr\/wp-json\/wp\/v2\/product\/409405","targetHints":{"allow":["GET"]}}],"collection":[{"href":"https:\/\/www.avenuedesigncanada.com\/fr\/wp-json\/wp\/v2\/product"}],"about":[{"href":"https:\/\/www.avenuedesigncanada.com\/fr\/wp-json\/wp\/v2\/types\/product"}],"wp:featuredmedia":[{"embeddable":true,"href":"https:\/\/www.avenuedesigncanada.com\/fr\/wp-json\/wp\/v2\/media\/409334"}],"wp:attachment":[{"href":"https:\/\/www.avenuedesigncanada.com\/fr\/wp-json\/wp\/v2\/media?parent=409405"}],"wp:term":[{"taxonomy":"product_brand","embeddable":true,"href":"https:\/\/www.avenuedesigncanada.com\/fr\/wp-json\/wp\/v2\/product_brand?post=409405"},{"taxonomy":"product_cat","embeddable":true,"href":"https:\/\/www.avenuedesigncanada.com\/fr\/wp-json\/wp\/v2\/product_cat?post=409405"},{"taxonomy":"product_tag","embeddable":true,"href":"https:\/\/www.avenuedesigncanada.com\/fr\/wp-json\/wp\/v2\/product_tag?post=409405"}],"curies":[{"name":"wp","href":"https:\/\/api.w.org\/{rel}","templated":true}]}}