{"id":409639,"date":"2026-03-12T11:42:38","date_gmt":"2026-03-12T15:42:38","guid":{"rendered":"https:\/\/www.avenuedesigncanada.com\/product\/bureau-longwell\/"},"modified":"2026-03-12T11:58:17","modified_gmt":"2026-03-12T15:58:17","slug":"bureau-longwell","status":"publish","type":"product","link":"https:\/\/www.avenuedesigncanada.com\/fr\/product\/bureau-longwell\/","title":{"rendered":"Bureau Longwell"},"content":{"rendered":"<p> <em> Le bureau Longwell pr\u00e9sente les caract\u00e9ristiques suivantes : <\/em><br \/>\nFinition du bois &#8211; Fr\u00eane brun  <\/p>\n<p>Personnalisation possible<br \/>\nVous avez des questions sur ce produit ?<br \/>\nNos designers sont l\u00e0 pour vous aider. Appelez-nous au (514) 340-9351<\/p>\n","protected":false},"excerpt":{"rendered":"<p>Le bureau Longwell pr\u00e9sente les caract\u00e9ristiques suivantes : Finition du bois &#8211; Fr\u00eane brun Personnalisation possible Vous avez des questions sur ce produit ? Nos designers sont l\u00e0 pour vous aider. Appelez-nous au (514) 340-9351<\/p>\n","protected":false},"featured_media":409599,"template":"","meta":{"_kad_blocks_custom_css":"","_kad_blocks_head_custom_js":"","_kad_blocks_body_custom_js":"","_kad_blocks_footer_custom_js":"","_kad_post_transparent":"","_kad_post_title":"","_kad_post_layout":"","_kad_post_sidebar_id":"","_kad_post_content_style":"","_kad_post_vertical_padding":"","_kad_post_feature":"","_kad_post_feature_position":"","_kad_post_header":false,"_kad_post_footer":false,"_kad_post_classname":""},"product_brand":[],"product_cat":[1310,1973,1841],"product_tag":[1852],"class_list":{"0":"post-409639","1":"product","2":"type-product","3":"status-publish","4":"has-post-thumbnail","6":"product_cat-bureaux","7":"product_cat-bureaux-sur-mesure","8":"product_cat-meubles-sur-mesure","9":"product_tag-avenue-fr","11":"first","12":"instock","13":"taxable","14":"shipping-taxable","15":"product-type-simple","16":"entry","17":"content-bg","18":"loop-entry"},"taxonomy_info":{"product_cat":[{"value":1310,"label":"Bureaux"},{"value":1973,"label":"BUREAUX SUR MESURE"},{"value":1841,"label":"Meubles sur mesure"}],"product_tag":[{"value":1852,"label":"AVENUE"}]},"featured_image_src_large":["https:\/\/www.avenuedesigncanada.com\/wp-content\/uploads\/2026\/03\/Longwell-Desk-1-1024x1024.jpg",1024,1024,true],"author_info":[],"comment_info":"","_links":{"self":[{"href":"https:\/\/www.avenuedesigncanada.com\/fr\/wp-json\/wp\/v2\/product\/409639","targetHints":{"allow":["GET"]}}],"collection":[{"href":"https:\/\/www.avenuedesigncanada.com\/fr\/wp-json\/wp\/v2\/product"}],"about":[{"href":"https:\/\/www.avenuedesigncanada.com\/fr\/wp-json\/wp\/v2\/types\/product"}],"wp:featuredmedia":[{"embeddable":true,"href":"https:\/\/www.avenuedesigncanada.com\/fr\/wp-json\/wp\/v2\/media\/409599"}],"wp:attachment":[{"href":"https:\/\/www.avenuedesigncanada.com\/fr\/wp-json\/wp\/v2\/media?parent=409639"}],"wp:term":[{"taxonomy":"product_brand","embeddable":true,"href":"https:\/\/www.avenuedesigncanada.com\/fr\/wp-json\/wp\/v2\/product_brand?post=409639"},{"taxonomy":"product_cat","embeddable":true,"href":"https:\/\/www.avenuedesigncanada.com\/fr\/wp-json\/wp\/v2\/product_cat?post=409639"},{"taxonomy":"product_tag","embeddable":true,"href":"https:\/\/www.avenuedesigncanada.com\/fr\/wp-json\/wp\/v2\/product_tag?post=409639"}],"curies":[{"name":"wp","href":"https:\/\/api.w.org\/{rel}","templated":true}]}}