{"id":410246,"date":"2026-03-12T13:19:33","date_gmt":"2026-03-12T17:19:33","guid":{"rendered":"https:\/\/www.avenuedesigncanada.com\/product\/commode-soren\/"},"modified":"2026-03-12T13:21:57","modified_gmt":"2026-03-12T17:21:57","slug":"commode-soren","status":"publish","type":"product","link":"https:\/\/www.avenuedesigncanada.com\/fr\/product\/commode-soren\/","title":{"rendered":"Commode Soren"},"content":{"rendered":"<p><em>  La commode Soren pr\u00e9sente les caract\u00e9ristiques suivantes : <em><br \/>\n 6 tiroirs<\/p>\n<p>Plateau en marbre blanc<br \/>\nFinition en pierre ponce<br \/>\nVous avez des questions sur ce produit ? Nos designers sont l\u00e0 pour vous aider. Appelez-nous au (514) 340-9351  <\/p>\n","protected":false},"excerpt":{"rendered":"<p>Ajoutez de la profondeur et de l&rsquo;intrigue \u00e0 votre chambre \u00e0 coucher avec la commode Soren, un meuble de rangement de couleur neutre dot\u00e9 d&rsquo;un plateau en pierre lisse et de six tiroirs spacieux accentu\u00e9s par une quincaillerie \u00e9l\u00e9gante.<\/p>\n","protected":false},"featured_media":410114,"template":"","meta":{"_kad_blocks_custom_css":"","_kad_blocks_head_custom_js":"","_kad_blocks_body_custom_js":"","_kad_blocks_footer_custom_js":"","_kad_post_transparent":"","_kad_post_title":"","_kad_post_layout":"","_kad_post_sidebar_id":"","_kad_post_content_style":"","_kad_post_vertical_padding":"","_kad_post_feature":"","_kad_post_feature_position":"","_kad_post_header":false,"_kad_post_footer":false,"_kad_post_classname":""},"product_brand":[],"product_cat":[1298],"product_tag":[1513],"class_list":{"0":"post-410246","1":"product","2":"type-product","3":"status-publish","4":"has-post-thumbnail","6":"product_cat-commodes","7":"product_tag-paramount-fr","9":"first","10":"instock","11":"taxable","12":"shipping-taxable","13":"product-type-simple","14":"entry","15":"content-bg","16":"loop-entry"},"taxonomy_info":{"product_cat":[{"value":1298,"label":"Commodes"}],"product_tag":[{"value":1513,"label":"Paramount"}]},"featured_image_src_large":["https:\/\/www.avenuedesigncanada.com\/wp-content\/uploads\/2026\/03\/964040_vm_001-1024x1024.jpg",1024,1024,true],"author_info":[],"comment_info":"","_links":{"self":[{"href":"https:\/\/www.avenuedesigncanada.com\/fr\/wp-json\/wp\/v2\/product\/410246","targetHints":{"allow":["GET"]}}],"collection":[{"href":"https:\/\/www.avenuedesigncanada.com\/fr\/wp-json\/wp\/v2\/product"}],"about":[{"href":"https:\/\/www.avenuedesigncanada.com\/fr\/wp-json\/wp\/v2\/types\/product"}],"wp:featuredmedia":[{"embeddable":true,"href":"https:\/\/www.avenuedesigncanada.com\/fr\/wp-json\/wp\/v2\/media\/410114"}],"wp:attachment":[{"href":"https:\/\/www.avenuedesigncanada.com\/fr\/wp-json\/wp\/v2\/media?parent=410246"}],"wp:term":[{"taxonomy":"product_brand","embeddable":true,"href":"https:\/\/www.avenuedesigncanada.com\/fr\/wp-json\/wp\/v2\/product_brand?post=410246"},{"taxonomy":"product_cat","embeddable":true,"href":"https:\/\/www.avenuedesigncanada.com\/fr\/wp-json\/wp\/v2\/product_cat?post=410246"},{"taxonomy":"product_tag","embeddable":true,"href":"https:\/\/www.avenuedesigncanada.com\/fr\/wp-json\/wp\/v2\/product_tag?post=410246"}],"curies":[{"name":"wp","href":"https:\/\/api.w.org\/{rel}","templated":true}]}}