{"id":410252,"date":"2026-03-12T13:17:51","date_gmt":"2026-03-12T17:17:51","guid":{"rendered":"https:\/\/www.avenuedesigncanada.com\/product\/armoire-dexposition-en-zibeline\/"},"modified":"2026-03-12T13:21:40","modified_gmt":"2026-03-12T17:21:40","slug":"armoire-dexposition-en-zibeline","status":"publish","type":"product","link":"https:\/\/www.avenuedesigncanada.com\/fr\/product\/armoire-dexposition-en-zibeline\/","title":{"rendered":"Armoire d&rsquo;exposition en zibeline"},"content":{"rendered":"<p><em>  L&rsquo;armoire d&rsquo;exposition Sable pr\u00e9sente les caract\u00e9ristiques suivantes : <em><br \/>\n 3 \u00e9tag\u00e8res r\u00e9glables<br \/>\n1 \u00e9tag\u00e8re fixe<br \/>\nCharni\u00e8res Euro<br \/>\nBande lumineuse LED<br \/>\nNiveleurs r\u00e9glables<br \/>\nVous avez des questions sur ce produit ? Nos designers sont l\u00e0 pour vous aider. Appelez-nous au (514) 340-9351  <\/p>\n","protected":false},"excerpt":{"rendered":"<p>La vitrine Sable ajoute une touche d&rsquo;\u00e9l\u00e9gance intemporelle \u00e0 tout espace de vie. Sa riche finition Sable met en valeur le design classique, tandis que les portes vitr\u00e9es offrent un aper\u00e7u des tr\u00e9sors expos\u00e9s, ce qui en fait un point focal captivant. <\/p>\n","protected":false},"featured_media":409916,"template":"","meta":{"_kad_blocks_custom_css":"","_kad_blocks_head_custom_js":"","_kad_blocks_body_custom_js":"","_kad_blocks_footer_custom_js":"","_kad_post_transparent":"","_kad_post_title":"","_kad_post_layout":"","_kad_post_sidebar_id":"","_kad_post_content_style":"","_kad_post_vertical_padding":"","_kad_post_feature":"","_kad_post_feature_position":"","_kad_post_header":false,"_kad_post_footer":false,"_kad_post_classname":""},"product_brand":[],"product_cat":[1309],"product_tag":[1513],"class_list":{"0":"post-410252","1":"product","2":"type-product","3":"status-publish","4":"has-post-thumbnail","6":"product_cat-rangement-fr","7":"product_tag-paramount-fr","9":"first","10":"instock","11":"taxable","12":"shipping-taxable","13":"product-type-simple","14":"entry","15":"content-bg","16":"loop-entry"},"taxonomy_info":{"product_cat":[{"value":1309,"label":"Rangement"}],"product_tag":[{"value":1513,"label":"Paramount"}]},"featured_image_src_large":["https:\/\/www.avenuedesigncanada.com\/wp-content\/uploads\/2026\/03\/U470675_front-1CP-1024x1024.jpg",1024,1024,true],"author_info":[],"comment_info":"","_links":{"self":[{"href":"https:\/\/www.avenuedesigncanada.com\/fr\/wp-json\/wp\/v2\/product\/410252","targetHints":{"allow":["GET"]}}],"collection":[{"href":"https:\/\/www.avenuedesigncanada.com\/fr\/wp-json\/wp\/v2\/product"}],"about":[{"href":"https:\/\/www.avenuedesigncanada.com\/fr\/wp-json\/wp\/v2\/types\/product"}],"wp:featuredmedia":[{"embeddable":true,"href":"https:\/\/www.avenuedesigncanada.com\/fr\/wp-json\/wp\/v2\/media\/409916"}],"wp:attachment":[{"href":"https:\/\/www.avenuedesigncanada.com\/fr\/wp-json\/wp\/v2\/media?parent=410252"}],"wp:term":[{"taxonomy":"product_brand","embeddable":true,"href":"https:\/\/www.avenuedesigncanada.com\/fr\/wp-json\/wp\/v2\/product_brand?post=410252"},{"taxonomy":"product_cat","embeddable":true,"href":"https:\/\/www.avenuedesigncanada.com\/fr\/wp-json\/wp\/v2\/product_cat?post=410252"},{"taxonomy":"product_tag","embeddable":true,"href":"https:\/\/www.avenuedesigncanada.com\/fr\/wp-json\/wp\/v2\/product_tag?post=410252"}],"curies":[{"name":"wp","href":"https:\/\/api.w.org\/{rel}","templated":true}]}}