{"id":410254,"date":"2026-03-12T13:17:53","date_gmt":"2026-03-12T17:17:53","guid":{"rendered":"https:\/\/www.avenuedesigncanada.com\/product\/chariot-de-bar-en-bronze-fume\/"},"modified":"2026-03-12T13:21:41","modified_gmt":"2026-03-12T17:21:41","slug":"chariot-de-bar-en-bronze-fume","status":"publish","type":"product","link":"https:\/\/www.avenuedesigncanada.com\/fr\/product\/chariot-de-bar-en-bronze-fume\/","title":{"rendered":"Chariot de bar en bronze fum\u00e9"},"content":{"rendered":"<p><em>  La vitrine Desert pr\u00e9sente les caract\u00e9ristiques suivantes : <em><br \/>\n Incrustation de marbre travertin gris fonc\u00e9<br \/>\nFinition en m\u00e9tal bronze fum\u00e9<br \/>\nRoulettes<br \/>\nVous avez des questions sur ce produit ? Nos concepteurs sont l\u00e0 pour vous aider. Appelez-nous au (514) 340-9351 <\/p>\n","protected":false},"excerpt":{"rendered":"<p>Le chariot de bar en bronze fum\u00e9 apporte une touche de chic industriel \u00e0 votre espace de r\u00e9ception. Sa structure m\u00e9tallique \u00e9l\u00e9gante et sa finition en bronze fum\u00e9 cr\u00e9ent une station de service mobile et sophistiqu\u00e9e, parfaite pour accueillir des r\u00e9unions ou ajouter une touche vintage \u00e0 votre d\u00e9cor. <\/p>\n","protected":false},"featured_media":409988,"template":"","meta":{"_kad_blocks_custom_css":"","_kad_blocks_head_custom_js":"","_kad_blocks_body_custom_js":"","_kad_blocks_footer_custom_js":"","_kad_post_transparent":"","_kad_post_title":"","_kad_post_layout":"","_kad_post_sidebar_id":"","_kad_post_content_style":"","_kad_post_vertical_padding":"","_kad_post_feature":"","_kad_post_feature_position":"","_kad_post_header":false,"_kad_post_footer":false,"_kad_post_classname":""},"product_brand":[],"product_cat":[1301],"product_tag":[1513],"class_list":{"0":"post-410254","1":"product","2":"type-product","3":"status-publish","4":"has-post-thumbnail","6":"product_cat-rangement-et-dessertes-fr","7":"product_tag-paramount-fr","9":"first","10":"instock","11":"taxable","12":"shipping-taxable","13":"product-type-simple","14":"entry","15":"content-bg","16":"loop-entry"},"taxonomy_info":{"product_cat":[{"value":1301,"label":"Dessertes"}],"product_tag":[{"value":1513,"label":"Paramount"}]},"featured_image_src_large":["https:\/\/www.avenuedesigncanada.com\/wp-content\/uploads\/2026\/03\/U470890_VM-1024x1024.jpg",1024,1024,true],"author_info":[],"comment_info":"","_links":{"self":[{"href":"https:\/\/www.avenuedesigncanada.com\/fr\/wp-json\/wp\/v2\/product\/410254","targetHints":{"allow":["GET"]}}],"collection":[{"href":"https:\/\/www.avenuedesigncanada.com\/fr\/wp-json\/wp\/v2\/product"}],"about":[{"href":"https:\/\/www.avenuedesigncanada.com\/fr\/wp-json\/wp\/v2\/types\/product"}],"wp:featuredmedia":[{"embeddable":true,"href":"https:\/\/www.avenuedesigncanada.com\/fr\/wp-json\/wp\/v2\/media\/409988"}],"wp:attachment":[{"href":"https:\/\/www.avenuedesigncanada.com\/fr\/wp-json\/wp\/v2\/media?parent=410254"}],"wp:term":[{"taxonomy":"product_brand","embeddable":true,"href":"https:\/\/www.avenuedesigncanada.com\/fr\/wp-json\/wp\/v2\/product_brand?post=410254"},{"taxonomy":"product_cat","embeddable":true,"href":"https:\/\/www.avenuedesigncanada.com\/fr\/wp-json\/wp\/v2\/product_cat?post=410254"},{"taxonomy":"product_tag","embeddable":true,"href":"https:\/\/www.avenuedesigncanada.com\/fr\/wp-json\/wp\/v2\/product_tag?post=410254"}],"curies":[{"name":"wp","href":"https:\/\/api.w.org\/{rel}","templated":true}]}}