{"id":410262,"date":"2026-03-12T13:17:49","date_gmt":"2026-03-12T17:17:49","guid":{"rendered":"https:\/\/www.avenuedesigncanada.com\/product\/bureau-du-desert\/"},"modified":"2026-03-12T13:21:45","modified_gmt":"2026-03-12T17:21:45","slug":"bureau-du-desert","status":"publish","type":"product","link":"https:\/\/www.avenuedesigncanada.com\/fr\/product\/bureau-du-desert\/","title":{"rendered":"Bureau du d\u00e9sert"},"content":{"rendered":"<p><em>  Le bureau Desert pr\u00e9sente les caract\u00e9ristiques suivantes : <em><br \/>\n Finition d\u00e9sert<br \/>\nNiveaux r\u00e9glables<br \/>\nVous avez des questions sur ce produit ? Nos designers sont l\u00e0 pour vous aider. Appelez-nous au (514) 340-9351  <\/p>\n","protected":false},"excerpt":{"rendered":"<p>Le bureau Desert offre un espace de travail \u00e0 la fois \u00e9l\u00e9gant et fonctionnel. Sa finition Desert apporte une touche d&rsquo;\u00e9l\u00e9gance discr\u00e8te, tandis que ses lignes \u00e9pur\u00e9es et sa grande surface offrent un environnement sophistiqu\u00e9 et inspirant pour la productivit\u00e9. <\/p>\n","protected":false},"featured_media":409848,"template":"","meta":{"_kad_blocks_custom_css":"","_kad_blocks_head_custom_js":"","_kad_blocks_body_custom_js":"","_kad_blocks_footer_custom_js":"","_kad_post_transparent":"","_kad_post_title":"","_kad_post_layout":"","_kad_post_sidebar_id":"","_kad_post_content_style":"","_kad_post_vertical_padding":"","_kad_post_feature":"","_kad_post_feature_position":"","_kad_post_header":false,"_kad_post_footer":false,"_kad_post_classname":""},"product_brand":[],"product_cat":[1310],"product_tag":[1513],"class_list":{"0":"post-410262","1":"product","2":"type-product","3":"status-publish","4":"has-post-thumbnail","6":"product_cat-bureaux","7":"product_tag-paramount-fr","9":"first","10":"instock","11":"taxable","12":"shipping-taxable","13":"product-type-simple","14":"entry","15":"content-bg","16":"loop-entry"},"taxonomy_info":{"product_cat":[{"value":1310,"label":"Bureaux"}],"product_tag":[{"value":1513,"label":"Paramount"}]},"featured_image_src_large":["https:\/\/www.avenuedesigncanada.com\/wp-content\/uploads\/2026\/03\/U470A813_front_CC-1024x1024.jpg",1024,1024,true],"author_info":[],"comment_info":"","_links":{"self":[{"href":"https:\/\/www.avenuedesigncanada.com\/fr\/wp-json\/wp\/v2\/product\/410262","targetHints":{"allow":["GET"]}}],"collection":[{"href":"https:\/\/www.avenuedesigncanada.com\/fr\/wp-json\/wp\/v2\/product"}],"about":[{"href":"https:\/\/www.avenuedesigncanada.com\/fr\/wp-json\/wp\/v2\/types\/product"}],"wp:featuredmedia":[{"embeddable":true,"href":"https:\/\/www.avenuedesigncanada.com\/fr\/wp-json\/wp\/v2\/media\/409848"}],"wp:attachment":[{"href":"https:\/\/www.avenuedesigncanada.com\/fr\/wp-json\/wp\/v2\/media?parent=410262"}],"wp:term":[{"taxonomy":"product_brand","embeddable":true,"href":"https:\/\/www.avenuedesigncanada.com\/fr\/wp-json\/wp\/v2\/product_brand?post=410262"},{"taxonomy":"product_cat","embeddable":true,"href":"https:\/\/www.avenuedesigncanada.com\/fr\/wp-json\/wp\/v2\/product_cat?post=410262"},{"taxonomy":"product_tag","embeddable":true,"href":"https:\/\/www.avenuedesigncanada.com\/fr\/wp-json\/wp\/v2\/product_tag?post=410262"}],"curies":[{"name":"wp","href":"https:\/\/api.w.org\/{rel}","templated":true}]}}