{"id":410270,"date":"2026-03-12T13:17:32","date_gmt":"2026-03-12T17:17:32","guid":{"rendered":"https:\/\/www.avenuedesigncanada.com\/product\/credence-en-origami\/"},"modified":"2026-03-12T13:22:04","modified_gmt":"2026-03-12T17:22:04","slug":"credence-en-origami","status":"publish","type":"product","link":"https:\/\/www.avenuedesigncanada.com\/fr\/product\/credence-en-origami\/","title":{"rendered":"Cr\u00e9dence en origami"},"content":{"rendered":"<p><em>  La cr\u00e9dence Origami pr\u00e9sente les caract\u00e9ristiques suivantes : <em><br \/>\n 6 \u00e9tag\u00e8res r\u00e9glables<br \/>\nD\u00e9coupes dans le panneau arri\u00e8re et les cloisons pour la gestion des fils<br \/>\nFinition champagne antique<br \/>\nRev\u00eatement en argent allemand<br \/>\n\u00c9lectricit\u00e9 avec 2 USB et 2 prises<br \/>\nNiveleurs r\u00e9glables<br \/>\nVous avez des questions sur ce produit ? Nos designers sont l\u00e0 pour vous aider. Appelez-nous au (514) 340-9351  <\/p>\n","protected":false},"excerpt":{"rendered":"<p>La cr\u00e9dence Origami se d\u00e9ploie comme une pi\u00e8ce ma\u00eetresse saisissante, ajoutant une couche de profondeur sculpturale \u00e0 votre salle \u00e0 manger ou \u00e0 votre espace de vie. Ses portes g\u00e9om\u00e9triques, inspir\u00e9es de l&rsquo;origami, cr\u00e9ent un point focal visuellement captivant, tandis que l&rsquo;int\u00e9rieur spacieux offre un rangement pratique pour vos affaires. <\/p>\n","protected":false},"featured_media":409780,"template":"","meta":{"_kad_blocks_custom_css":"","_kad_blocks_head_custom_js":"","_kad_blocks_body_custom_js":"","_kad_blocks_footer_custom_js":"","_kad_post_transparent":"","_kad_post_title":"","_kad_post_layout":"","_kad_post_sidebar_id":"","_kad_post_content_style":"","_kad_post_vertical_padding":"","_kad_post_feature":"","_kad_post_feature_position":"","_kad_post_header":false,"_kad_post_footer":false,"_kad_post_classname":""},"product_brand":[],"product_cat":[1303],"product_tag":[1513],"class_list":{"0":"post-410270","1":"product","2":"type-product","3":"status-publish","4":"has-post-thumbnail","6":"product_cat-buffets","7":"product_tag-paramount-fr","9":"first","10":"instock","11":"taxable","12":"shipping-taxable","13":"product-type-simple","14":"entry","15":"content-bg","16":"loop-entry"},"taxonomy_info":{"product_cat":[{"value":1303,"label":"Buffets"}],"product_tag":[{"value":1513,"label":"Paramount"}]},"featured_image_src_large":["https:\/\/www.avenuedesigncanada.com\/wp-content\/uploads\/2026\/03\/GS_VM2-1024x1024.jpg",1024,1024,true],"author_info":[],"comment_info":"","_links":{"self":[{"href":"https:\/\/www.avenuedesigncanada.com\/fr\/wp-json\/wp\/v2\/product\/410270","targetHints":{"allow":["GET"]}}],"collection":[{"href":"https:\/\/www.avenuedesigncanada.com\/fr\/wp-json\/wp\/v2\/product"}],"about":[{"href":"https:\/\/www.avenuedesigncanada.com\/fr\/wp-json\/wp\/v2\/types\/product"}],"wp:featuredmedia":[{"embeddable":true,"href":"https:\/\/www.avenuedesigncanada.com\/fr\/wp-json\/wp\/v2\/media\/409780"}],"wp:attachment":[{"href":"https:\/\/www.avenuedesigncanada.com\/fr\/wp-json\/wp\/v2\/media?parent=410270"}],"wp:term":[{"taxonomy":"product_brand","embeddable":true,"href":"https:\/\/www.avenuedesigncanada.com\/fr\/wp-json\/wp\/v2\/product_brand?post=410270"},{"taxonomy":"product_cat","embeddable":true,"href":"https:\/\/www.avenuedesigncanada.com\/fr\/wp-json\/wp\/v2\/product_cat?post=410270"},{"taxonomy":"product_tag","embeddable":true,"href":"https:\/\/www.avenuedesigncanada.com\/fr\/wp-json\/wp\/v2\/product_tag?post=410270"}],"curies":[{"name":"wp","href":"https:\/\/api.w.org\/{rel}","templated":true}]}}