{"id":410271,"date":"2026-03-12T13:17:34","date_gmt":"2026-03-12T17:17:34","guid":{"rendered":"https:\/\/www.avenuedesigncanada.com\/product\/credence-desert-dune\/"},"modified":"2026-03-12T13:22:04","modified_gmt":"2026-03-12T17:22:04","slug":"credence-desert-dune","status":"publish","type":"product","link":"https:\/\/www.avenuedesigncanada.com\/fr\/product\/credence-desert-dune\/","title":{"rendered":"Cr\u00e9dence Desert Dune"},"content":{"rendered":"<p><em>  La cr\u00e9dence Desert Dune pr\u00e9sente les caract\u00e9ristiques suivantes : <em><br \/>\n 4 portes avec motifs Dune et Valley<br \/>\n1 tiroir avec plateau \u00e0 argenterie amovible doubl\u00e9 de feutre noir<br \/>\nPortes \u00e0 loquet tactile<br \/>\nD\u00e9coupes dans le panneau arri\u00e8re et les cloisons pour la gestion des fils<br \/>\nFinition Desert<br \/>\n\u00c9lectricit\u00e9 avec 2 USB et 2 prises<br \/>\nNiveleurs r\u00e9glables<br \/>\nVous avez des questions sur ce produit ? Nos concepteurs sont l\u00e0 pour vous aider. Appelez-nous au (514) 340-9351  <\/p>\n","protected":false},"excerpt":{"rendered":"<p>La cr\u00e9dence Desert Dune conf\u00e8re \u00e0 votre salle \u00e0 manger ou \u00e0 votre espace de vie un sens artistique moderne. Sa finition D\u00e9sert clair met en valeur la texture intrigante des fa\u00e7ades des portes, cr\u00e9ant un point focal \u00e0 la fois \u00e9l\u00e9gant et pratique pour le rangement et l&rsquo;exposition. <\/p>\n","protected":false},"featured_media":409868,"template":"","meta":{"_kad_blocks_custom_css":"","_kad_blocks_head_custom_js":"","_kad_blocks_body_custom_js":"","_kad_blocks_footer_custom_js":"","_kad_post_transparent":"","_kad_post_title":"","_kad_post_layout":"","_kad_post_sidebar_id":"","_kad_post_content_style":"","_kad_post_vertical_padding":"","_kad_post_feature":"","_kad_post_feature_position":"","_kad_post_header":false,"_kad_post_footer":false,"_kad_post_classname":""},"product_brand":[],"product_cat":[1303],"product_tag":[1513],"class_list":{"0":"post-410271","1":"product","2":"type-product","3":"status-publish","4":"has-post-thumbnail","6":"product_cat-buffets","7":"product_tag-paramount-fr","9":"first","10":"instock","11":"taxable","12":"shipping-taxable","13":"product-type-simple","14":"entry","15":"content-bg","16":"loop-entry"},"taxonomy_info":{"product_cat":[{"value":1303,"label":"Buffets"}],"product_tag":[{"value":1513,"label":"Paramount"}]},"featured_image_src_large":["https:\/\/www.avenuedesigncanada.com\/wp-content\/uploads\/2026\/03\/U470A966_front_CC-1024x1024.jpg",1024,1024,true],"author_info":[],"comment_info":"","_links":{"self":[{"href":"https:\/\/www.avenuedesigncanada.com\/fr\/wp-json\/wp\/v2\/product\/410271","targetHints":{"allow":["GET"]}}],"collection":[{"href":"https:\/\/www.avenuedesigncanada.com\/fr\/wp-json\/wp\/v2\/product"}],"about":[{"href":"https:\/\/www.avenuedesigncanada.com\/fr\/wp-json\/wp\/v2\/types\/product"}],"wp:featuredmedia":[{"embeddable":true,"href":"https:\/\/www.avenuedesigncanada.com\/fr\/wp-json\/wp\/v2\/media\/409868"}],"wp:attachment":[{"href":"https:\/\/www.avenuedesigncanada.com\/fr\/wp-json\/wp\/v2\/media?parent=410271"}],"wp:term":[{"taxonomy":"product_brand","embeddable":true,"href":"https:\/\/www.avenuedesigncanada.com\/fr\/wp-json\/wp\/v2\/product_brand?post=410271"},{"taxonomy":"product_cat","embeddable":true,"href":"https:\/\/www.avenuedesigncanada.com\/fr\/wp-json\/wp\/v2\/product_cat?post=410271"},{"taxonomy":"product_tag","embeddable":true,"href":"https:\/\/www.avenuedesigncanada.com\/fr\/wp-json\/wp\/v2\/product_tag?post=410271"}],"curies":[{"name":"wp","href":"https:\/\/api.w.org\/{rel}","templated":true}]}}