{"id":410279,"date":"2026-03-12T13:17:18","date_gmt":"2026-03-12T17:17:18","guid":{"rendered":"https:\/\/www.avenuedesigncanada.com\/product\/table-a-manger-ronde-sable\/"},"modified":"2026-03-12T13:22:13","modified_gmt":"2026-03-12T17:22:13","slug":"table-a-manger-ronde-sable","status":"publish","type":"product","link":"https:\/\/www.avenuedesigncanada.com\/fr\/product\/table-a-manger-ronde-sable\/","title":{"rendered":"Table \u00e0 manger ronde Sable"},"content":{"rendered":"<p><em>  La table de salle \u00e0 manger ronde Sable pr\u00e9sente les caract\u00e9ristiques suivantes : <em><br \/>\n Une feuille de 18&Prime; s&rsquo;\u00e9tend jusqu&rsquo;\u00e0 72&Prime;<\/p>\n<p>Finition sable<br \/>\nNiveleurs r\u00e9glables<br \/>\nVous avez des questions sur ce produit ? Nos designers sont l\u00e0 pour vous aider. Appelez-nous au (514) 340-9351  <\/p>\n","protected":false},"excerpt":{"rendered":"<p>La table \u00e0 manger ronde Sable cr\u00e9e une exp\u00e9rience intime et accueillante. Sa riche finition Sable met en valeur la silhouette ronde classique, favorisant une atmosph\u00e8re chaleureuse et accueillante pour les rassemblements et les repas. <\/p>\n","protected":false},"featured_media":409730,"template":"","meta":{"_kad_blocks_custom_css":"","_kad_blocks_head_custom_js":"","_kad_blocks_body_custom_js":"","_kad_blocks_footer_custom_js":"","_kad_post_transparent":"","_kad_post_title":"","_kad_post_layout":"","_kad_post_sidebar_id":"","_kad_post_content_style":"","_kad_post_vertical_padding":"","_kad_post_feature":"","_kad_post_feature_position":"","_kad_post_header":false,"_kad_post_footer":false,"_kad_post_classname":""},"product_brand":[],"product_cat":[1306],"product_tag":[1513],"class_list":{"0":"post-410279","1":"product","2":"type-product","3":"status-publish","4":"has-post-thumbnail","6":"product_cat-tables-de-salle-a-manger","7":"product_tag-paramount-fr","9":"first","10":"instock","11":"taxable","12":"shipping-taxable","13":"product-type-simple","14":"entry","15":"content-bg","16":"loop-entry"},"taxonomy_info":{"product_cat":[{"value":1306,"label":"Tables"}],"product_tag":[{"value":1513,"label":"Paramount"}]},"featured_image_src_large":["https:\/\/www.avenuedesigncanada.com\/wp-content\/uploads\/2026\/03\/U470656_01_frontCP-1024x1024.jpg",1024,1024,true],"author_info":[],"comment_info":"","_links":{"self":[{"href":"https:\/\/www.avenuedesigncanada.com\/fr\/wp-json\/wp\/v2\/product\/410279","targetHints":{"allow":["GET"]}}],"collection":[{"href":"https:\/\/www.avenuedesigncanada.com\/fr\/wp-json\/wp\/v2\/product"}],"about":[{"href":"https:\/\/www.avenuedesigncanada.com\/fr\/wp-json\/wp\/v2\/types\/product"}],"wp:featuredmedia":[{"embeddable":true,"href":"https:\/\/www.avenuedesigncanada.com\/fr\/wp-json\/wp\/v2\/media\/409730"}],"wp:attachment":[{"href":"https:\/\/www.avenuedesigncanada.com\/fr\/wp-json\/wp\/v2\/media?parent=410279"}],"wp:term":[{"taxonomy":"product_brand","embeddable":true,"href":"https:\/\/www.avenuedesigncanada.com\/fr\/wp-json\/wp\/v2\/product_brand?post=410279"},{"taxonomy":"product_cat","embeddable":true,"href":"https:\/\/www.avenuedesigncanada.com\/fr\/wp-json\/wp\/v2\/product_cat?post=410279"},{"taxonomy":"product_tag","embeddable":true,"href":"https:\/\/www.avenuedesigncanada.com\/fr\/wp-json\/wp\/v2\/product_tag?post=410279"}],"curies":[{"name":"wp","href":"https:\/\/api.w.org\/{rel}","templated":true}]}}