{"id":410287,"date":"2026-03-12T13:17:08","date_gmt":"2026-03-12T17:17:08","guid":{"rendered":"https:\/\/www.avenuedesigncanada.com\/product\/desert-trois-tiroirs\/"},"modified":"2026-03-12T13:22:30","modified_gmt":"2026-03-12T17:22:30","slug":"desert-trois-tiroirs","status":"publish","type":"product","link":"https:\/\/www.avenuedesigncanada.com\/fr\/product\/desert-trois-tiroirs\/","title":{"rendered":"D\u00e9sert Trois Tiroirs"},"content":{"rendered":"<p><em>  Les caract\u00e9ristiques du Desert Three Drawer sont les suivantes <em><br \/>\n 3 tiroirs  <\/p>\n<p>Fa\u00e7ades des tiroirs en ch\u00eane massif<\/p>\n<p>Finition d\u00e9sert<br \/>\nElectrical w\/1-USB, 1 USB-C and 2-Outlets<br \/>\nAdjustable Levelers<br \/>\nAvez-vous des questions sur ce produit ? Nos designers sont l\u00e0 pour vous aider. Appelez-nous au (514) 340-9351  <\/p>\n","protected":false},"excerpt":{"rendered":"<p>La table de nuit \u00e0 trois tiroirs Desert offre une fonctionnalit\u00e9 de chevet avec un bord audacieux et moderne. Sa finition claire compl\u00e8te les lignes \u00e9pur\u00e9es et la quincaillerie \u00e9l\u00e9gante, offrant un ajout sophistiqu\u00e9 et pratique \u00e0 votre sanctuaire du sommeil. <\/p>\n","protected":false},"featured_media":409658,"template":"","meta":{"_kad_blocks_custom_css":"","_kad_blocks_head_custom_js":"","_kad_blocks_body_custom_js":"","_kad_blocks_footer_custom_js":"","_kad_post_transparent":"","_kad_post_title":"","_kad_post_layout":"","_kad_post_sidebar_id":"","_kad_post_content_style":"","_kad_post_vertical_padding":"","_kad_post_feature":"","_kad_post_feature_position":"","_kad_post_header":false,"_kad_post_footer":false,"_kad_post_classname":""},"product_brand":[],"product_cat":[1299],"product_tag":[1513],"class_list":{"0":"post-410287","1":"product","2":"type-product","3":"status-publish","4":"has-post-thumbnail","6":"product_cat-tables-de-nuit","7":"product_tag-paramount-fr","9":"first","10":"instock","11":"taxable","12":"shipping-taxable","13":"product-type-simple","14":"entry","15":"content-bg","16":"loop-entry"},"taxonomy_info":{"product_cat":[{"value":1299,"label":"Tables de chevet"}],"product_tag":[{"value":1513,"label":"Paramount"}]},"featured_image_src_large":["https:\/\/www.avenuedesigncanada.com\/wp-content\/uploads\/2026\/03\/U470A350_front_CC-1024x1024.jpg",1024,1024,true],"author_info":[],"comment_info":"","_links":{"self":[{"href":"https:\/\/www.avenuedesigncanada.com\/fr\/wp-json\/wp\/v2\/product\/410287","targetHints":{"allow":["GET"]}}],"collection":[{"href":"https:\/\/www.avenuedesigncanada.com\/fr\/wp-json\/wp\/v2\/product"}],"about":[{"href":"https:\/\/www.avenuedesigncanada.com\/fr\/wp-json\/wp\/v2\/types\/product"}],"wp:featuredmedia":[{"embeddable":true,"href":"https:\/\/www.avenuedesigncanada.com\/fr\/wp-json\/wp\/v2\/media\/409658"}],"wp:attachment":[{"href":"https:\/\/www.avenuedesigncanada.com\/fr\/wp-json\/wp\/v2\/media?parent=410287"}],"wp:term":[{"taxonomy":"product_brand","embeddable":true,"href":"https:\/\/www.avenuedesigncanada.com\/fr\/wp-json\/wp\/v2\/product_brand?post=410287"},{"taxonomy":"product_cat","embeddable":true,"href":"https:\/\/www.avenuedesigncanada.com\/fr\/wp-json\/wp\/v2\/product_cat?post=410287"},{"taxonomy":"product_tag","embeddable":true,"href":"https:\/\/www.avenuedesigncanada.com\/fr\/wp-json\/wp\/v2\/product_tag?post=410287"}],"curies":[{"name":"wp","href":"https:\/\/api.w.org\/{rel}","templated":true}]}}