{"id":410291,"date":"2026-03-12T13:17:07","date_gmt":"2026-03-12T17:17:07","guid":{"rendered":"https:\/\/www.avenuedesigncanada.com\/product\/table-de-nuit-a-trois-tiroirs-sable\/"},"modified":"2026-03-12T13:33:04","modified_gmt":"2026-03-12T17:33:04","slug":"table-de-nuit-a-trois-tiroirs-sable","status":"publish","type":"product","link":"https:\/\/www.avenuedesigncanada.com\/fr\/product\/table-de-nuit-a-trois-tiroirs-sable\/","title":{"rendered":"Table de nuit \u00e0 trois tiroirs Sable"},"content":{"rendered":"<p><em>  La table de nuit \u00e0 trois tiroirs Sable pr\u00e9sente les caract\u00e9ristiques suivantes : <em><br \/>\n 3 tiroirs  <\/p>\n<p>Fa\u00e7ades des tiroirs en ch\u00eane massif<\/p>\n<p>Finition sable<br \/>\nElectrical w\/1-USB, 1 USB-C and 2-Outlets<br \/>\nAdjustable Levelers<br \/>\nAvez-vous des questions sur ce produit ? Nos designers sont l\u00e0 pour vous aider. Appelez-nous au (514) 340-9351  <\/p>\n","protected":false},"excerpt":{"rendered":"<p>La table de nuit \u00e0 trois tiroirs Sable offre une fonctionnalit\u00e9 de chevet avec une touche audacieuse et moderne. Sa finition Sable profonde compl\u00e8te les lignes \u00e9pur\u00e9es et la quincaillerie \u00e9l\u00e9gante, offrant un ajout sophistiqu\u00e9 et pratique \u00e0 votre sanctuaire du sommeil. <\/p>\n","protected":false},"featured_media":409700,"template":"","meta":{"_kad_blocks_custom_css":"","_kad_blocks_head_custom_js":"","_kad_blocks_body_custom_js":"","_kad_blocks_footer_custom_js":"","_kad_post_transparent":"","_kad_post_title":"","_kad_post_layout":"","_kad_post_sidebar_id":"","_kad_post_content_style":"","_kad_post_vertical_padding":"","_kad_post_feature":"","_kad_post_feature_position":"","_kad_post_header":false,"_kad_post_footer":false,"_kad_post_classname":""},"product_brand":[],"product_cat":[1299],"product_tag":[1513],"class_list":{"0":"post-410291","1":"product","2":"type-product","3":"status-publish","4":"has-post-thumbnail","6":"product_cat-tables-de-nuit","7":"product_tag-paramount-fr","9":"first","10":"instock","11":"taxable","12":"shipping-taxable","13":"product-type-simple","14":"entry","15":"content-bg","16":"loop-entry"},"taxonomy_info":{"product_cat":[{"value":1299,"label":"Tables de chevet"}],"product_tag":[{"value":1513,"label":"Paramount"}]},"featured_image_src_large":["https:\/\/www.avenuedesigncanada.com\/wp-content\/uploads\/2026\/03\/U470350_frontCP-1024x1024.jpg",1024,1024,true],"author_info":[],"comment_info":"","_links":{"self":[{"href":"https:\/\/www.avenuedesigncanada.com\/fr\/wp-json\/wp\/v2\/product\/410291","targetHints":{"allow":["GET"]}}],"collection":[{"href":"https:\/\/www.avenuedesigncanada.com\/fr\/wp-json\/wp\/v2\/product"}],"about":[{"href":"https:\/\/www.avenuedesigncanada.com\/fr\/wp-json\/wp\/v2\/types\/product"}],"wp:featuredmedia":[{"embeddable":true,"href":"https:\/\/www.avenuedesigncanada.com\/fr\/wp-json\/wp\/v2\/media\/409700"}],"wp:attachment":[{"href":"https:\/\/www.avenuedesigncanada.com\/fr\/wp-json\/wp\/v2\/media?parent=410291"}],"wp:term":[{"taxonomy":"product_brand","embeddable":true,"href":"https:\/\/www.avenuedesigncanada.com\/fr\/wp-json\/wp\/v2\/product_brand?post=410291"},{"taxonomy":"product_cat","embeddable":true,"href":"https:\/\/www.avenuedesigncanada.com\/fr\/wp-json\/wp\/v2\/product_cat?post=410291"},{"taxonomy":"product_tag","embeddable":true,"href":"https:\/\/www.avenuedesigncanada.com\/fr\/wp-json\/wp\/v2\/product_tag?post=410291"}],"curies":[{"name":"wp","href":"https:\/\/api.w.org\/{rel}","templated":true}]}}