{"id":410295,"date":"2026-03-12T13:17:00","date_gmt":"2026-03-12T17:17:00","guid":{"rendered":"https:\/\/www.avenuedesigncanada.com\/product\/table-de-nuit-a-un-tiroir-sable\/"},"modified":"2026-03-12T13:33:06","modified_gmt":"2026-03-12T17:33:06","slug":"table-de-nuit-a-un-tiroir-sable","status":"publish","type":"product","link":"https:\/\/www.avenuedesigncanada.com\/fr\/product\/table-de-nuit-a-un-tiroir-sable\/","title":{"rendered":"Table de nuit \u00e0 un tiroir Sable"},"content":{"rendered":"<p><em>  La table de nuit \u00e0 un tiroir Sable pr\u00e9sente les caract\u00e9ristiques suivantes : <em><br \/>\n 1 tiroir avec espace ouvert en dessous<\/p>\n<p>Bande lumineuse LED<br \/>\nFinition sable<br \/>\n\u00c9lectrique avec 1 USB, 1 USB-C et 2 prises<br \/>\nNiveleurs r\u00e9glables<br \/>\nVous avez des questions sur ce produit ? Nos designers sont l\u00e0 pour vous aider. Appelez-nous au (514) 340-9351  <\/p>\n","protected":false},"excerpt":{"rendered":"<p>La table de nuit \u00e0 un tiroir Sable offre des accessoires de chevet \u00e0 l&rsquo;esth\u00e9tique r\u00e9solument moderne. Sa finition Sable profonde apporte une touche sophistiqu\u00e9e, tandis que le tiroir unique et l&rsquo;\u00e9tag\u00e8re ouverte offrent un rangement \u00e0 la fois cach\u00e9 et accessible. <\/p>\n","protected":false},"featured_media":409706,"template":"","meta":{"_kad_blocks_custom_css":"","_kad_blocks_head_custom_js":"","_kad_blocks_body_custom_js":"","_kad_blocks_footer_custom_js":"","_kad_post_transparent":"","_kad_post_title":"","_kad_post_layout":"","_kad_post_sidebar_id":"","_kad_post_content_style":"","_kad_post_vertical_padding":"","_kad_post_feature":"","_kad_post_feature_position":"","_kad_post_header":false,"_kad_post_footer":false,"_kad_post_classname":""},"product_brand":[],"product_cat":[1299],"product_tag":[1513],"class_list":{"0":"post-410295","1":"product","2":"type-product","3":"status-publish","4":"has-post-thumbnail","6":"product_cat-tables-de-nuit","7":"product_tag-paramount-fr","9":"first","10":"instock","11":"taxable","12":"shipping-taxable","13":"product-type-simple","14":"entry","15":"content-bg","16":"loop-entry"},"taxonomy_info":{"product_cat":[{"value":1299,"label":"Tables de chevet"}],"product_tag":[{"value":1513,"label":"Paramount"}]},"featured_image_src_large":["https:\/\/www.avenuedesigncanada.com\/wp-content\/uploads\/2026\/03\/U470351_frontCP-1024x1024.jpg",1024,1024,true],"author_info":[],"comment_info":"","_links":{"self":[{"href":"https:\/\/www.avenuedesigncanada.com\/fr\/wp-json\/wp\/v2\/product\/410295","targetHints":{"allow":["GET"]}}],"collection":[{"href":"https:\/\/www.avenuedesigncanada.com\/fr\/wp-json\/wp\/v2\/product"}],"about":[{"href":"https:\/\/www.avenuedesigncanada.com\/fr\/wp-json\/wp\/v2\/types\/product"}],"wp:featuredmedia":[{"embeddable":true,"href":"https:\/\/www.avenuedesigncanada.com\/fr\/wp-json\/wp\/v2\/media\/409706"}],"wp:attachment":[{"href":"https:\/\/www.avenuedesigncanada.com\/fr\/wp-json\/wp\/v2\/media?parent=410295"}],"wp:term":[{"taxonomy":"product_brand","embeddable":true,"href":"https:\/\/www.avenuedesigncanada.com\/fr\/wp-json\/wp\/v2\/product_brand?post=410295"},{"taxonomy":"product_cat","embeddable":true,"href":"https:\/\/www.avenuedesigncanada.com\/fr\/wp-json\/wp\/v2\/product_cat?post=410295"},{"taxonomy":"product_tag","embeddable":true,"href":"https:\/\/www.avenuedesigncanada.com\/fr\/wp-json\/wp\/v2\/product_tag?post=410295"}],"curies":[{"name":"wp","href":"https:\/\/api.w.org\/{rel}","templated":true}]}}