{"id":410298,"date":"2026-03-12T13:17:03","date_gmt":"2026-03-12T17:17:03","guid":{"rendered":"https:\/\/www.avenuedesigncanada.com\/product\/desert-open-storage-nightstand\/"},"modified":"2026-03-12T13:33:07","modified_gmt":"2026-03-12T17:33:07","slug":"desert-open-storage-nightstand","status":"publish","type":"product","link":"https:\/\/www.avenuedesigncanada.com\/fr\/product\/desert-open-storage-nightstand\/","title":{"rendered":"Desert Open Storage Nightstand"},"content":{"rendered":"<p><em>  La table de nuit \u00e0 rangement ouvert Desert pr\u00e9sente les caract\u00e9ristiques suivantes : <em><br \/>\n 2 tiroirs<\/p>\n<p>Espace de rangement ouvert<br \/>\nBande lumineuse LED<br \/>\nFinition d\u00e9sert<br \/>\n\u00c9lectricit\u00e9 avec 1 USB, 1 USB-C et 2 prises<br \/>\nNiveleurs r\u00e9glables<br \/>\nVous avez des questions sur ce produit ? Nos designers sont l\u00e0 pour vous aider. Appelez-nous au (514) 340-9351  <\/p>\n","protected":false},"excerpt":{"rendered":"<p>La table de nuit \u00e0 rangement ouvert Desert allie un style moderne \u00e0 des solutions de chevet pratiques. Sa finition l\u00e9g\u00e8re et a\u00e9r\u00e9e d\u00e9gage une impression de sophistication, tandis que l&rsquo;\u00e9tag\u00e8re ouverte et le tiroir offrent un espace de rangement polyvalent pour les livres, les appareils et les autres objets indispensables \u00e0 la nuit. <\/p>\n","protected":false},"featured_media":409676,"template":"","meta":{"_kad_blocks_custom_css":"","_kad_blocks_head_custom_js":"","_kad_blocks_body_custom_js":"","_kad_blocks_footer_custom_js":"","_kad_post_transparent":"","_kad_post_title":"","_kad_post_layout":"","_kad_post_sidebar_id":"","_kad_post_content_style":"","_kad_post_vertical_padding":"","_kad_post_feature":"","_kad_post_feature_position":"","_kad_post_header":false,"_kad_post_footer":false,"_kad_post_classname":""},"product_brand":[],"product_cat":[1299],"product_tag":[1513],"class_list":{"0":"post-410298","1":"product","2":"type-product","3":"status-publish","4":"has-post-thumbnail","6":"product_cat-tables-de-nuit","7":"product_tag-paramount-fr","9":"first","10":"instock","11":"taxable","12":"shipping-taxable","13":"product-type-simple","14":"entry","15":"content-bg","16":"loop-entry"},"taxonomy_info":{"product_cat":[{"value":1299,"label":"Tables de chevet"}],"product_tag":[{"value":1513,"label":"Paramount"}]},"featured_image_src_large":["https:\/\/www.avenuedesigncanada.com\/wp-content\/uploads\/2026\/03\/U470A356_front_CC-1024x1024.jpg",1024,1024,true],"author_info":[],"comment_info":"","_links":{"self":[{"href":"https:\/\/www.avenuedesigncanada.com\/fr\/wp-json\/wp\/v2\/product\/410298","targetHints":{"allow":["GET"]}}],"collection":[{"href":"https:\/\/www.avenuedesigncanada.com\/fr\/wp-json\/wp\/v2\/product"}],"about":[{"href":"https:\/\/www.avenuedesigncanada.com\/fr\/wp-json\/wp\/v2\/types\/product"}],"wp:featuredmedia":[{"embeddable":true,"href":"https:\/\/www.avenuedesigncanada.com\/fr\/wp-json\/wp\/v2\/media\/409676"}],"wp:attachment":[{"href":"https:\/\/www.avenuedesigncanada.com\/fr\/wp-json\/wp\/v2\/media?parent=410298"}],"wp:term":[{"taxonomy":"product_brand","embeddable":true,"href":"https:\/\/www.avenuedesigncanada.com\/fr\/wp-json\/wp\/v2\/product_brand?post=410298"},{"taxonomy":"product_cat","embeddable":true,"href":"https:\/\/www.avenuedesigncanada.com\/fr\/wp-json\/wp\/v2\/product_cat?post=410298"},{"taxonomy":"product_tag","embeddable":true,"href":"https:\/\/www.avenuedesigncanada.com\/fr\/wp-json\/wp\/v2\/product_tag?post=410298"}],"curies":[{"name":"wp","href":"https:\/\/api.w.org\/{rel}","templated":true}]}}