{"id":410432,"date":"2026-03-13T16:03:33","date_gmt":"2026-03-13T20:03:33","guid":{"rendered":"https:\/\/www.avenuedesigncanada.com\/product\/boyden-grand-pare-chocs-rond-avec-plateau\/"},"modified":"2026-03-13T16:24:29","modified_gmt":"2026-03-13T20:24:29","slug":"boyden-grand-pare-chocs-rond-avec-plateau","status":"publish","type":"product","link":"https:\/\/www.avenuedesigncanada.com\/fr\/product\/boyden-grand-pare-chocs-rond-avec-plateau\/","title":{"rendered":"Boyden Grand pare-chocs rond avec plateau"},"content":{"rendered":"<p><em>Boyden Large Round Bumper with Tray features :  <\/em><\/p>\n<p>Coussins de si\u00e8ge : Un<br \/>\nRembourrage standard : Poly Dacron<br \/>\nComparaison des coussins<br \/>\nEssence de bois : Fr\u00eane<br \/>\nOptions de finition : Teinture, peinture, peinture m\u00e9tallis\u00e9e<br \/>\nMIY Paints<br \/>\nPremium Leaf<br \/>\nClous : Optionnel avec frais<br \/>\nPlacement : Base<br \/>\nTel qu&rsquo;illustr\u00e9 en &#8211; Tissu : Tricky Granite. Fini: Pebble Path<\/p>\n<p>Vous avez des questions sur ce produit ?<br \/>\nNos concepteurs sont l\u00e0 pour vous aider. Appelez-nous au (514) 340-9351 <\/p>\n","protected":false},"excerpt":{"rendered":"<p>L&rsquo;amusement rencontre la fonction avec cet ajout ultra-polyvalent au groupe Boyden. Un ottoman rond attrayant ou une table \u00e0 cocktail, ce design multifonctionnel comprend un plateau en bois int\u00e9gr\u00e9 pour garder les boissons et les collations \u00e0 port\u00e9e de main. Personnalisez-le avec votre tissu, votre finition et votre garniture pr\u00e9f\u00e9r\u00e9s pour ancrer votre coin salon dans le style caract\u00e9ristique de Thom Filicia.  <\/p>\n","protected":false},"featured_media":410322,"template":"","meta":{"_kad_blocks_custom_css":"","_kad_blocks_head_custom_js":"","_kad_blocks_body_custom_js":"","_kad_blocks_footer_custom_js":"","_kad_post_transparent":"","_kad_post_title":"","_kad_post_layout":"","_kad_post_sidebar_id":"","_kad_post_content_style":"","_kad_post_vertical_padding":"","_kad_post_feature":"","_kad_post_feature_position":"","_kad_post_header":false,"_kad_post_footer":false,"_kad_post_classname":""},"product_brand":[],"product_cat":[1325],"product_tag":[1369],"class_list":{"0":"post-410432","1":"product","2":"type-product","3":"status-publish","4":"has-post-thumbnail","6":"product_cat-poufs","7":"product_tag-theodore-fr","9":"first","10":"instock","11":"taxable","12":"shipping-taxable","13":"product-type-simple","14":"entry","15":"content-bg","16":"loop-entry"},"taxonomy_info":{"product_cat":[{"value":1325,"label":"Ottomans"}],"product_tag":[{"value":1369,"label":"THEODORE"}]},"featured_image_src_large":["https:\/\/www.avenuedesigncanada.com\/wp-content\/uploads\/2026\/03\/Boyden-Large-Round-Bumper-with-Tray-1024x1024.png",1024,1024,true],"author_info":[],"comment_info":"","_links":{"self":[{"href":"https:\/\/www.avenuedesigncanada.com\/fr\/wp-json\/wp\/v2\/product\/410432","targetHints":{"allow":["GET"]}}],"collection":[{"href":"https:\/\/www.avenuedesigncanada.com\/fr\/wp-json\/wp\/v2\/product"}],"about":[{"href":"https:\/\/www.avenuedesigncanada.com\/fr\/wp-json\/wp\/v2\/types\/product"}],"wp:featuredmedia":[{"embeddable":true,"href":"https:\/\/www.avenuedesigncanada.com\/fr\/wp-json\/wp\/v2\/media\/410322"}],"wp:attachment":[{"href":"https:\/\/www.avenuedesigncanada.com\/fr\/wp-json\/wp\/v2\/media?parent=410432"}],"wp:term":[{"taxonomy":"product_brand","embeddable":true,"href":"https:\/\/www.avenuedesigncanada.com\/fr\/wp-json\/wp\/v2\/product_brand?post=410432"},{"taxonomy":"product_cat","embeddable":true,"href":"https:\/\/www.avenuedesigncanada.com\/fr\/wp-json\/wp\/v2\/product_cat?post=410432"},{"taxonomy":"product_tag","embeddable":true,"href":"https:\/\/www.avenuedesigncanada.com\/fr\/wp-json\/wp\/v2\/product_tag?post=410432"}],"curies":[{"name":"wp","href":"https:\/\/api.w.org\/{rel}","templated":true}]}}