{"id":410435,"date":"2026-03-13T16:03:31","date_gmt":"2026-03-13T20:03:31","guid":{"rendered":"https:\/\/www.avenuedesigncanada.com\/product\/buffet-de-la-crique\/"},"modified":"2026-03-13T16:24:31","modified_gmt":"2026-03-13T20:24:31","slug":"buffet-de-la-crique","status":"publish","type":"product","link":"https:\/\/www.avenuedesigncanada.com\/fr\/product\/buffet-de-la-crique\/","title":{"rendered":"Buffet de la Crique"},"content":{"rendered":"<p><em>Caract\u00e9ristiques du buffet Cove :<br \/>\n<\/em><br \/>\n caisse en \u00e9rable, fa\u00e7ades et dessus en ch\u00eane Qtr bross\u00e9, quatre portes, une tablette r\u00e9glable derri\u00e8re les portes gauche, droite et centrale, trois tiroirs avec doublures en feutre noir, options de quincaillerie, vous devez choisir : barre arqu\u00e9e en acrylique avec accents m\u00e9talliques Cove Champagne, barre textur\u00e9e en Cove Champagne ou barre lisse en Cove Champagne. Essence de bois : Solides en bois dur, Finition : Moonstruck sur le ch\u00eane. White Frost sur \u00e9rable \/ Placages \u00e9rable et ch\u00eane<\/p>\n<p>Vous avez des questions sur ce produit ?<br \/>\nNos concepteurs sont l\u00e0 pour vous aider. Appelez-nous au (514) 340-9351 <\/p>\n","protected":false},"excerpt":{"rendered":"<p>Caract\u00e9ristiques du buffet Cove : caisse en \u00e9rable, fa\u00e7ades et dessus en ch\u00eane Qtr bross\u00e9, quatre portes, une tablette r\u00e9glable derri\u00e8re les portes gauche, droite et centrale, trois tiroirs avec doublures en feutre noir, options de quincaillerie, vous devez choisir : barre arqu\u00e9e en acrylique avec accents m\u00e9talliques Cove Champagne, barre textur\u00e9e en Cove Champagne&#8230;<\/p>\n","protected":false},"featured_media":410342,"template":"","meta":{"_kad_blocks_custom_css":"","_kad_blocks_head_custom_js":"","_kad_blocks_body_custom_js":"","_kad_blocks_footer_custom_js":"","_kad_post_transparent":"","_kad_post_title":"","_kad_post_layout":"","_kad_post_sidebar_id":"","_kad_post_content_style":"","_kad_post_vertical_padding":"","_kad_post_feature":"","_kad_post_feature_position":"","_kad_post_header":false,"_kad_post_footer":false,"_kad_post_classname":""},"product_brand":[],"product_cat":[1303],"product_tag":[1369],"class_list":{"0":"post-410435","1":"product","2":"type-product","3":"status-publish","4":"has-post-thumbnail","6":"product_cat-buffets","7":"product_tag-theodore-fr","9":"first","10":"instock","11":"taxable","12":"shipping-taxable","13":"product-type-simple","14":"entry","15":"content-bg","16":"loop-entry"},"taxonomy_info":{"product_cat":[{"value":1303,"label":"Buffets"}],"product_tag":[{"value":1369,"label":"THEODORE"}]},"featured_image_src_large":["https:\/\/www.avenuedesigncanada.com\/wp-content\/uploads\/2026\/03\/Cove-Buffet-1024x1024.png",1024,1024,true],"author_info":[],"comment_info":"","_links":{"self":[{"href":"https:\/\/www.avenuedesigncanada.com\/fr\/wp-json\/wp\/v2\/product\/410435","targetHints":{"allow":["GET"]}}],"collection":[{"href":"https:\/\/www.avenuedesigncanada.com\/fr\/wp-json\/wp\/v2\/product"}],"about":[{"href":"https:\/\/www.avenuedesigncanada.com\/fr\/wp-json\/wp\/v2\/types\/product"}],"wp:featuredmedia":[{"embeddable":true,"href":"https:\/\/www.avenuedesigncanada.com\/fr\/wp-json\/wp\/v2\/media\/410342"}],"wp:attachment":[{"href":"https:\/\/www.avenuedesigncanada.com\/fr\/wp-json\/wp\/v2\/media?parent=410435"}],"wp:term":[{"taxonomy":"product_brand","embeddable":true,"href":"https:\/\/www.avenuedesigncanada.com\/fr\/wp-json\/wp\/v2\/product_brand?post=410435"},{"taxonomy":"product_cat","embeddable":true,"href":"https:\/\/www.avenuedesigncanada.com\/fr\/wp-json\/wp\/v2\/product_cat?post=410435"},{"taxonomy":"product_tag","embeddable":true,"href":"https:\/\/www.avenuedesigncanada.com\/fr\/wp-json\/wp\/v2\/product_tag?post=410435"}],"curies":[{"name":"wp","href":"https:\/\/api.w.org\/{rel}","templated":true}]}}