{"id":410436,"date":"2026-03-13T16:03:35","date_gmt":"2026-03-13T20:03:35","guid":{"rendered":"https:\/\/www.avenuedesigncanada.com\/product\/console-soho\/"},"modified":"2026-03-13T16:24:31","modified_gmt":"2026-03-13T20:24:31","slug":"console-soho","status":"publish","type":"product","link":"https:\/\/www.avenuedesigncanada.com\/fr\/product\/console-soho\/","title":{"rendered":"Console Soho"},"content":{"rendered":"<p><em>Les caract\u00e9ristiques de la table console Soho :  <\/em><\/p>\n<p>Base m\u00e9tallique en laiton, plateau en marbre Agaria &#8211; Variations de couleur possibles<br \/>\nNOTE : Le marbre Agaria pr\u00e9sente des fissures superficielles qui sont des caract\u00e9ristiques naturelles de ce marbre et qui ne causent pas de faiblesse dans la pierre et ne sont pas consid\u00e9r\u00e9es comme un d\u00e9faut.<\/p>\n<p>Vous avez des questions sur ce produit ?<br \/>\nNos concepteurs sont l\u00e0 pour vous aider. Appelez-nous au (514) 340-9351 <\/p>\n","protected":false},"excerpt":{"rendered":"<p>Les caract\u00e9ristiques de la table console Soho : Base m\u00e9tallique en laiton, plateau en marbre Agaria &#8211; Variations de couleur possibles NOTE : Le marbre Agaria pr\u00e9sente des fissures superficielles qui sont des caract\u00e9ristiques naturelles de ce marbre et qui ne causent pas de faiblesse dans la pierre et ne sont pas consid\u00e9r\u00e9es comme un&#8230;<\/p>\n","protected":false},"featured_media":410368,"template":"","meta":{"_kad_blocks_custom_css":"","_kad_blocks_head_custom_js":"","_kad_blocks_body_custom_js":"","_kad_blocks_footer_custom_js":"","_kad_post_transparent":"","_kad_post_title":"","_kad_post_layout":"","_kad_post_sidebar_id":"","_kad_post_content_style":"","_kad_post_vertical_padding":"","_kad_post_feature":"","_kad_post_feature_position":"","_kad_post_header":false,"_kad_post_footer":false,"_kad_post_classname":""},"product_brand":[],"product_cat":[1328],"product_tag":[1369],"class_list":{"0":"post-410436","1":"product","2":"type-product","3":"status-publish","4":"has-post-thumbnail","6":"product_cat-consoles","7":"product_tag-theodore-fr","9":"first","10":"instock","11":"taxable","12":"shipping-taxable","13":"product-type-simple","14":"entry","15":"content-bg","16":"loop-entry"},"taxonomy_info":{"product_cat":[{"value":1328,"label":"Consoles"}],"product_tag":[{"value":1369,"label":"THEODORE"}]},"featured_image_src_large":["https:\/\/www.avenuedesigncanada.com\/wp-content\/uploads\/2026\/03\/Soho-Console-1024x1024.png",1024,1024,true],"author_info":[],"comment_info":"","_links":{"self":[{"href":"https:\/\/www.avenuedesigncanada.com\/fr\/wp-json\/wp\/v2\/product\/410436","targetHints":{"allow":["GET"]}}],"collection":[{"href":"https:\/\/www.avenuedesigncanada.com\/fr\/wp-json\/wp\/v2\/product"}],"about":[{"href":"https:\/\/www.avenuedesigncanada.com\/fr\/wp-json\/wp\/v2\/types\/product"}],"wp:featuredmedia":[{"embeddable":true,"href":"https:\/\/www.avenuedesigncanada.com\/fr\/wp-json\/wp\/v2\/media\/410368"}],"wp:attachment":[{"href":"https:\/\/www.avenuedesigncanada.com\/fr\/wp-json\/wp\/v2\/media?parent=410436"}],"wp:term":[{"taxonomy":"product_brand","embeddable":true,"href":"https:\/\/www.avenuedesigncanada.com\/fr\/wp-json\/wp\/v2\/product_brand?post=410436"},{"taxonomy":"product_cat","embeddable":true,"href":"https:\/\/www.avenuedesigncanada.com\/fr\/wp-json\/wp\/v2\/product_cat?post=410436"},{"taxonomy":"product_tag","embeddable":true,"href":"https:\/\/www.avenuedesigncanada.com\/fr\/wp-json\/wp\/v2\/product_tag?post=410436"}],"curies":[{"name":"wp","href":"https:\/\/api.w.org\/{rel}","templated":true}]}}