{"id":410439,"date":"2026-03-13T16:06:22","date_gmt":"2026-03-13T20:06:22","guid":{"rendered":"https:\/\/www.avenuedesigncanada.com\/product\/lit-dappoint\/"},"modified":"2026-03-13T16:24:36","modified_gmt":"2026-03-13T20:24:36","slug":"lit-dappoint","status":"publish","type":"product","link":"https:\/\/www.avenuedesigncanada.com\/fr\/product\/lit-dappoint\/","title":{"rendered":"Lit d&rsquo;appoint"},"content":{"rendered":"<p><em>Caract\u00e9ristiques du lit de bordure :  <\/em><\/p>\n<p>Essence de bois : Noyer blanchi.<br \/>\nOptions de finition disponibles.<br \/>\nTel qu&rsquo;illustr\u00e9 en &#8211; Tissu : Nixon Cream. Finition : Came.<br \/>\nDisponible en tailles King et Queen. <\/p>\n<p>Vous avez des questions sur ce produit ?<br \/>\nNos concepteurs sont l\u00e0 pour vous aider. Appelez-nous au (514) 340-9351 <\/p>\n","protected":false},"excerpt":{"rendered":"<p>Sophistiqu\u00e9. Confiante. Sans limite. La collection Edge incarne l&rsquo;attrait durable de l&rsquo;esth\u00e9tique du design organique moderne. Sa conception intuitive t\u00e9moigne d&rsquo;une affinit\u00e9 pour la beaut\u00e9 de la nature et d&rsquo;un mouvement vers les mat\u00e9riaux de base. Les lignes \u00e9pur\u00e9es et les silhouettes simplifi\u00e9es sont associ\u00e9es \u00e0 une palette multicouche comprenant des placages de ronce de mappa, des massifs de noyer blanchi, du travertin et des accents de laiton satin\u00e9. La beaut\u00e9 brute du noyer est mise en valeur par des finitions naturelles qui permettent au mat\u00e9riau de parler de lui-m\u00eame. En harmonie avec le paysage, ces cr\u00e9ations capturent la nature d&rsquo;une modernit\u00e9 raffin\u00e9e et sont destin\u00e9es \u00e0 habiter magnifiquement leur environnement.<\/p>\n","protected":false},"featured_media":410375,"template":"","meta":{"_kad_blocks_custom_css":"","_kad_blocks_head_custom_js":"","_kad_blocks_body_custom_js":"","_kad_blocks_footer_custom_js":"","_kad_post_transparent":"","_kad_post_title":"","_kad_post_layout":"","_kad_post_sidebar_id":"","_kad_post_content_style":"","_kad_post_vertical_padding":"","_kad_post_feature":"","_kad_post_feature_position":"","_kad_post_header":false,"_kad_post_footer":false,"_kad_post_classname":""},"product_brand":[],"product_cat":[1296],"product_tag":[1369],"class_list":{"0":"post-410439","1":"product","2":"type-product","3":"status-publish","4":"has-post-thumbnail","6":"product_cat-lits","7":"product_tag-theodore-fr","9":"first","10":"instock","11":"taxable","12":"shipping-taxable","13":"product-type-simple","14":"entry","15":"content-bg","16":"loop-entry"},"taxonomy_info":{"product_cat":[{"value":1296,"label":"Lits"}],"product_tag":[{"value":1369,"label":"THEODORE"}]},"featured_image_src_large":["https:\/\/www.avenuedesigncanada.com\/wp-content\/uploads\/2026\/03\/Edge-Bed-1024x1024.png",1024,1024,true],"author_info":[],"comment_info":"","_links":{"self":[{"href":"https:\/\/www.avenuedesigncanada.com\/fr\/wp-json\/wp\/v2\/product\/410439","targetHints":{"allow":["GET"]}}],"collection":[{"href":"https:\/\/www.avenuedesigncanada.com\/fr\/wp-json\/wp\/v2\/product"}],"about":[{"href":"https:\/\/www.avenuedesigncanada.com\/fr\/wp-json\/wp\/v2\/types\/product"}],"wp:featuredmedia":[{"embeddable":true,"href":"https:\/\/www.avenuedesigncanada.com\/fr\/wp-json\/wp\/v2\/media\/410375"}],"wp:attachment":[{"href":"https:\/\/www.avenuedesigncanada.com\/fr\/wp-json\/wp\/v2\/media?parent=410439"}],"wp:term":[{"taxonomy":"product_brand","embeddable":true,"href":"https:\/\/www.avenuedesigncanada.com\/fr\/wp-json\/wp\/v2\/product_brand?post=410439"},{"taxonomy":"product_cat","embeddable":true,"href":"https:\/\/www.avenuedesigncanada.com\/fr\/wp-json\/wp\/v2\/product_cat?post=410439"},{"taxonomy":"product_tag","embeddable":true,"href":"https:\/\/www.avenuedesigncanada.com\/fr\/wp-json\/wp\/v2\/product_tag?post=410439"}],"curies":[{"name":"wp","href":"https:\/\/api.w.org\/{rel}","templated":true}]}}