{"id":410441,"date":"2026-03-13T16:06:22","date_gmt":"2026-03-13T20:06:22","guid":{"rendered":"https:\/\/www.avenuedesigncanada.com\/product\/wyeth-lit-king\/"},"modified":"2026-03-13T16:24:37","modified_gmt":"2026-03-13T20:24:37","slug":"wyeth-lit-king","status":"publish","type":"product","link":"https:\/\/www.avenuedesigncanada.com\/fr\/product\/wyeth-lit-king\/","title":{"rendered":"Wyeth Lit King"},"content":{"rendered":"<p><em>Caract\u00e9ristiques du lit Wyeth King :  <\/em><\/p>\n<p>T\u00eate de lit cannel\u00e9e, pieds en bloc<br \/>\nEssence de bois : \u00c9rable.<br \/>\nMontr\u00e9 avec panneaux lat\u00e9raux Quantit\u00e9 : 2 ; (1 panneau lat\u00e9ral gauche et 1 panneau lat\u00e9ral droit) V41BCLWG (panneau lat\u00e9ral gauche) &amp; V41BCRWG (panneau lat\u00e9ral droit). Style de lit : Plate-forme (HF). Tissu : Henri Dove. Finition : Brownstone.   <\/p>\n<p>Vous avez des questions sur ce produit ?<br \/>\nNos concepteurs sont l\u00e0 pour vous aider. Appelez-nous au (514) 340-9351 <\/p>\n","protected":false},"excerpt":{"rendered":"<p>Caract\u00e9ristiques du lit Wyeth King : T\u00eate de lit cannel\u00e9e, pieds en bloc Essence de bois : \u00c9rable. Montr\u00e9 avec panneaux lat\u00e9raux Quantit\u00e9 : 2 ; (1 panneau lat\u00e9ral gauche et 1 panneau lat\u00e9ral droit) V41BCLWG (panneau lat\u00e9ral gauche) &amp; V41BCRWG (panneau lat\u00e9ral droit). Style de lit : Plate-forme (HF). Tissu : Henri Dove. Finition&#8230;<\/p>\n","protected":false},"featured_media":410403,"template":"","meta":{"_kad_blocks_custom_css":"","_kad_blocks_head_custom_js":"","_kad_blocks_body_custom_js":"","_kad_blocks_footer_custom_js":"","_kad_post_transparent":"","_kad_post_title":"","_kad_post_layout":"","_kad_post_sidebar_id":"","_kad_post_content_style":"","_kad_post_vertical_padding":"","_kad_post_feature":"","_kad_post_feature_position":"","_kad_post_header":false,"_kad_post_footer":false,"_kad_post_classname":""},"product_brand":[],"product_cat":[1296],"product_tag":[1369],"class_list":{"0":"post-410441","1":"product","2":"type-product","3":"status-publish","4":"has-post-thumbnail","6":"product_cat-lits","7":"product_tag-theodore-fr","9":"first","10":"instock","11":"taxable","12":"shipping-taxable","13":"product-type-simple","14":"entry","15":"content-bg","16":"loop-entry"},"taxonomy_info":{"product_cat":[{"value":1296,"label":"Lits"}],"product_tag":[{"value":1369,"label":"THEODORE"}]},"featured_image_src_large":["https:\/\/www.avenuedesigncanada.com\/wp-content\/uploads\/2026\/03\/Wyeth-King-Bed-1024x1024.png",1024,1024,true],"author_info":[],"comment_info":"","_links":{"self":[{"href":"https:\/\/www.avenuedesigncanada.com\/fr\/wp-json\/wp\/v2\/product\/410441","targetHints":{"allow":["GET"]}}],"collection":[{"href":"https:\/\/www.avenuedesigncanada.com\/fr\/wp-json\/wp\/v2\/product"}],"about":[{"href":"https:\/\/www.avenuedesigncanada.com\/fr\/wp-json\/wp\/v2\/types\/product"}],"wp:featuredmedia":[{"embeddable":true,"href":"https:\/\/www.avenuedesigncanada.com\/fr\/wp-json\/wp\/v2\/media\/410403"}],"wp:attachment":[{"href":"https:\/\/www.avenuedesigncanada.com\/fr\/wp-json\/wp\/v2\/media?parent=410441"}],"wp:term":[{"taxonomy":"product_brand","embeddable":true,"href":"https:\/\/www.avenuedesigncanada.com\/fr\/wp-json\/wp\/v2\/product_brand?post=410441"},{"taxonomy":"product_cat","embeddable":true,"href":"https:\/\/www.avenuedesigncanada.com\/fr\/wp-json\/wp\/v2\/product_cat?post=410441"},{"taxonomy":"product_tag","embeddable":true,"href":"https:\/\/www.avenuedesigncanada.com\/fr\/wp-json\/wp\/v2\/product_tag?post=410441"}],"curies":[{"name":"wp","href":"https:\/\/api.w.org\/{rel}","templated":true}]}}