{"id":410445,"date":"2026-03-13T16:06:24","date_gmt":"2026-03-13T20:06:24","guid":{"rendered":"https:\/\/www.avenuedesigncanada.com\/product\/lit-essence\/"},"modified":"2026-03-13T16:24:40","modified_gmt":"2026-03-13T20:24:40","slug":"lit-essence","status":"publish","type":"product","link":"https:\/\/www.avenuedesigncanada.com\/fr\/product\/lit-essence\/","title":{"rendered":"Lit Essence"},"content":{"rendered":"<p><em>Caract\u00e9ristiques du lit Essence :  <\/em><\/p>\n<p>Les tissus non ferroviaires seront cousus, base de tra\u00eeneau en bois.<br \/>\nEssence de bois : \u00c9rable.<br \/>\nOptions de finition disponibles.<br \/>\nTel qu&rsquo;illustr\u00e9 en &#8211; Tissu : Kannon Midnight. Finition : Marquis.<br \/>\nDisponible en tailles King et Queen. <\/p>\n<p>Vous avez des questions sur ce produit ?<br \/>\nNos concepteurs sont l\u00e0 pour vous aider. Appelez-nous au (514) 340-9351 <\/p>\n","protected":false},"excerpt":{"rendered":"<p>Essence vous invite \u00e0 p\u00e9n\u00e9trer dans un monde o\u00f9 la mode rencontre le mobilier. \u00c9voquant un sens du glamour discret, Essence pr\u00e9sente des silhouettes qui refl\u00e8tent la forme f\u00e9minine avec des courbes gracieuses et une pr\u00e9sence l\u00e9g\u00e8re et a\u00e9rienne. Essence propose des silhouettes embl\u00e9matiques qui ont \u00e9t\u00e9 distill\u00e9es jusqu&rsquo;\u00e0 leur essence, et l&rsquo;encombrement r\u00e9duit de la collection la rend id\u00e9ale pour la vie d&rsquo;aujourd&rsquo;hui. Sa signature est inspir\u00e9e par l&rsquo;architecte visionnaire Peter Marino, connu pour son travail avec Chanel et son utilisation magistrale du noir et du blanc. Essence incarne la fusion parfaite de la sophistication classique et du flair moderne.    <\/p>\n","protected":false},"featured_media":410379,"template":"","meta":{"_kad_blocks_custom_css":"","_kad_blocks_head_custom_js":"","_kad_blocks_body_custom_js":"","_kad_blocks_footer_custom_js":"","_kad_post_transparent":"","_kad_post_title":"","_kad_post_layout":"","_kad_post_sidebar_id":"","_kad_post_content_style":"","_kad_post_vertical_padding":"","_kad_post_feature":"","_kad_post_feature_position":"","_kad_post_header":false,"_kad_post_footer":false,"_kad_post_classname":""},"product_brand":[],"product_cat":[1296],"product_tag":[1369],"class_list":{"0":"post-410445","1":"product","2":"type-product","3":"status-publish","4":"has-post-thumbnail","6":"product_cat-lits","7":"product_tag-theodore-fr","9":"first","10":"instock","11":"taxable","12":"shipping-taxable","13":"product-type-simple","14":"entry","15":"content-bg","16":"loop-entry"},"taxonomy_info":{"product_cat":[{"value":1296,"label":"Lits"}],"product_tag":[{"value":1369,"label":"THEODORE"}]},"featured_image_src_large":["https:\/\/www.avenuedesigncanada.com\/wp-content\/uploads\/2026\/03\/Essence-Bed-1024x1024.png",1024,1024,true],"author_info":[],"comment_info":"","_links":{"self":[{"href":"https:\/\/www.avenuedesigncanada.com\/fr\/wp-json\/wp\/v2\/product\/410445","targetHints":{"allow":["GET"]}}],"collection":[{"href":"https:\/\/www.avenuedesigncanada.com\/fr\/wp-json\/wp\/v2\/product"}],"about":[{"href":"https:\/\/www.avenuedesigncanada.com\/fr\/wp-json\/wp\/v2\/types\/product"}],"wp:featuredmedia":[{"embeddable":true,"href":"https:\/\/www.avenuedesigncanada.com\/fr\/wp-json\/wp\/v2\/media\/410379"}],"wp:attachment":[{"href":"https:\/\/www.avenuedesigncanada.com\/fr\/wp-json\/wp\/v2\/media?parent=410445"}],"wp:term":[{"taxonomy":"product_brand","embeddable":true,"href":"https:\/\/www.avenuedesigncanada.com\/fr\/wp-json\/wp\/v2\/product_brand?post=410445"},{"taxonomy":"product_cat","embeddable":true,"href":"https:\/\/www.avenuedesigncanada.com\/fr\/wp-json\/wp\/v2\/product_cat?post=410445"},{"taxonomy":"product_tag","embeddable":true,"href":"https:\/\/www.avenuedesigncanada.com\/fr\/wp-json\/wp\/v2\/product_tag?post=410445"}],"curies":[{"name":"wp","href":"https:\/\/api.w.org\/{rel}","templated":true}]}}