{"id":411123,"date":"2026-03-18T11:46:37","date_gmt":"2026-03-18T15:46:37","guid":{"rendered":"https:\/\/www.avenuedesigncanada.com\/product\/lit-curl-doubleday-avec-baldaquin\/"},"modified":"2026-03-18T12:14:26","modified_gmt":"2026-03-18T16:14:26","slug":"lit-curl-doubleday-avec-baldaquin","status":"publish","type":"product","link":"https:\/\/www.avenuedesigncanada.com\/fr\/product\/lit-curl-doubleday-avec-baldaquin\/","title":{"rendered":"Lit Curl Doubleday avec baldaquin"},"content":{"rendered":"<p> <em> Le lit double Curl pr\u00e9sente les caract\u00e9ristiques suivantes : <\/em><br \/>\nCadre en aluminium soud\u00e9 de qualit\u00e9 contractuelle ;<br \/>\nRev\u00eatement en poudre de marque Tiger ;<br \/>\nCorde d&rsquo;ext\u00e9rieur trait\u00e9e contre les UV ;<br \/>\nMousse haute densit\u00e9 ;<br \/>\nTissu acrylique d&rsquo;ext\u00e9rieur durable COUTUREtex trait\u00e9 contre les UV, traitement imperm\u00e9able<br \/>\nVous avez des questions sur ce produit ? Nos designers sont l\u00e0 pour vous aider. Appelez-nous au (514) 340-9351  <\/p>\n","protected":false},"excerpt":{"rendered":"<p>Un nid protecteur con\u00e7u pour le confort. La chaise CURL pr\u00e9sente des courbes gracieuses envelopp\u00e9es dans un osier magnifiquement tress\u00e9, cr\u00e9ant une pi\u00e8ce sculpturale \u00e0 la fois invitante et unique &#8211; une v\u00e9ritable \u0153uvre d&rsquo;art sur laquelle vous pouvez vous asseoir. <\/p>\n","protected":false},"featured_media":410516,"template":"","meta":{"_kad_blocks_custom_css":"","_kad_blocks_head_custom_js":"","_kad_blocks_body_custom_js":"","_kad_blocks_footer_custom_js":"","_kad_post_transparent":"","_kad_post_title":"","_kad_post_layout":"","_kad_post_sidebar_id":"","_kad_post_content_style":"","_kad_post_vertical_padding":"","_kad_post_feature":"","_kad_post_feature_position":"","_kad_post_header":false,"_kad_post_footer":false,"_kad_post_classname":""},"product_brand":[],"product_cat":[2175,1990],"product_tag":[1992],"class_list":{"0":"post-411123","1":"product","2":"type-product","3":"status-publish","4":"has-post-thumbnail","6":"product_cat-lits-de-jour-dexterieur","7":"product_cat-mobilier-dexterieur1","8":"product_tag-exture","10":"first","11":"instock","12":"taxable","13":"shipping-taxable","14":"product-type-simple","15":"entry","16":"content-bg","17":"loop-entry"},"taxonomy_info":{"product_cat":[{"value":2175,"label":"Lits de jour d'ext\u00e9rieur"},{"value":1990,"label":"Mobilier d'ext\u00e9rieur 1"}],"product_tag":[{"value":1992,"label":"EXTURE"}]},"featured_image_src_large":["https:\/\/www.avenuedesigncanada.com\/wp-content\/uploads\/2026\/03\/CURLDoubleDaybed-1024x1024.png",1024,1024,true],"author_info":[],"comment_info":"","_links":{"self":[{"href":"https:\/\/www.avenuedesigncanada.com\/fr\/wp-json\/wp\/v2\/product\/411123","targetHints":{"allow":["GET"]}}],"collection":[{"href":"https:\/\/www.avenuedesigncanada.com\/fr\/wp-json\/wp\/v2\/product"}],"about":[{"href":"https:\/\/www.avenuedesigncanada.com\/fr\/wp-json\/wp\/v2\/types\/product"}],"wp:featuredmedia":[{"embeddable":true,"href":"https:\/\/www.avenuedesigncanada.com\/fr\/wp-json\/wp\/v2\/media\/410516"}],"wp:attachment":[{"href":"https:\/\/www.avenuedesigncanada.com\/fr\/wp-json\/wp\/v2\/media?parent=411123"}],"wp:term":[{"taxonomy":"product_brand","embeddable":true,"href":"https:\/\/www.avenuedesigncanada.com\/fr\/wp-json\/wp\/v2\/product_brand?post=411123"},{"taxonomy":"product_cat","embeddable":true,"href":"https:\/\/www.avenuedesigncanada.com\/fr\/wp-json\/wp\/v2\/product_cat?post=411123"},{"taxonomy":"product_tag","embeddable":true,"href":"https:\/\/www.avenuedesigncanada.com\/fr\/wp-json\/wp\/v2\/product_tag?post=411123"}],"curies":[{"name":"wp","href":"https:\/\/api.w.org\/{rel}","templated":true}]}}