{"id":411143,"date":"2026-03-18T11:46:38","date_gmt":"2026-03-18T15:46:38","guid":{"rendered":"https:\/\/www.avenuedesigncanada.com\/product\/table-a-manger-a-rallonge-together-2\/"},"modified":"2026-03-18T12:15:01","modified_gmt":"2026-03-18T16:15:01","slug":"table-a-manger-a-rallonge-together-2","status":"publish","type":"product","link":"https:\/\/www.avenuedesigncanada.com\/fr\/product\/table-a-manger-a-rallonge-together-2\/","title":{"rendered":"Table \u00e0 manger \u00e0 rallonge Together"},"content":{"rendered":"<p> <em> La table \u00e0 manger \u00e0 rallonge Together pr\u00e9sente les caract\u00e9ristiques suivantes : <\/em><br \/>\nStructure en aluminium soud\u00e9 de qualit\u00e9 contractuelle<br \/>\nStructure avec rev\u00eatement en poudre de marque Tiger<br \/>\nPlateau en verre tremp\u00e9 rev\u00eatu de c\u00e9ramique<\/p>\n<p>Vous avez des questions sur ce produit ? Nos concepteurs sont l\u00e0 pour vous aider. Appelez-nous au (514) 340-9351  <\/p>\n","protected":false},"excerpt":{"rendered":"<p>Recevez en toute simplicit\u00e9. La table Together passe de 6 \u00e0 10 places, pour que chaque invit\u00e9 se sente le bienvenu. <\/p>\n","protected":false},"featured_media":410684,"template":"","meta":{"_kad_blocks_custom_css":"","_kad_blocks_head_custom_js":"","_kad_blocks_body_custom_js":"","_kad_blocks_footer_custom_js":"","_kad_post_transparent":"","_kad_post_title":"","_kad_post_layout":"","_kad_post_sidebar_id":"","_kad_post_content_style":"","_kad_post_vertical_padding":"","_kad_post_feature":"","_kad_post_feature_position":"","_kad_post_header":false,"_kad_post_footer":false,"_kad_post_classname":""},"product_brand":[],"product_cat":[2176,1990],"product_tag":[1992],"class_list":{"0":"post-411143","1":"product","2":"type-product","3":"status-publish","4":"has-post-thumbnail","6":"product_cat-ensemble-de-salle-a-manger-dexterieur","7":"product_cat-mobilier-dexterieur1","8":"product_tag-exture","10":"first","11":"instock","12":"taxable","13":"shipping-taxable","14":"product-type-simple","15":"entry","16":"content-bg","17":"loop-entry"},"taxonomy_info":{"product_cat":[{"value":2176,"label":"Ensemble de salle \u00e0 manger d'ext\u00e9rieur"},{"value":1990,"label":"Mobilier d'ext\u00e9rieur 1"}],"product_tag":[{"value":1992,"label":"EXTURE"}]},"featured_image_src_large":["https:\/\/www.avenuedesigncanada.com\/wp-content\/uploads\/2026\/03\/TOGETHERExtensionDining-1024x1024.png",1024,1024,true],"author_info":[],"comment_info":"","_links":{"self":[{"href":"https:\/\/www.avenuedesigncanada.com\/fr\/wp-json\/wp\/v2\/product\/411143","targetHints":{"allow":["GET"]}}],"collection":[{"href":"https:\/\/www.avenuedesigncanada.com\/fr\/wp-json\/wp\/v2\/product"}],"about":[{"href":"https:\/\/www.avenuedesigncanada.com\/fr\/wp-json\/wp\/v2\/types\/product"}],"wp:featuredmedia":[{"embeddable":true,"href":"https:\/\/www.avenuedesigncanada.com\/fr\/wp-json\/wp\/v2\/media\/410684"}],"wp:attachment":[{"href":"https:\/\/www.avenuedesigncanada.com\/fr\/wp-json\/wp\/v2\/media?parent=411143"}],"wp:term":[{"taxonomy":"product_brand","embeddable":true,"href":"https:\/\/www.avenuedesigncanada.com\/fr\/wp-json\/wp\/v2\/product_brand?post=411143"},{"taxonomy":"product_cat","embeddable":true,"href":"https:\/\/www.avenuedesigncanada.com\/fr\/wp-json\/wp\/v2\/product_cat?post=411143"},{"taxonomy":"product_tag","embeddable":true,"href":"https:\/\/www.avenuedesigncanada.com\/fr\/wp-json\/wp\/v2\/product_tag?post=411143"}],"curies":[{"name":"wp","href":"https:\/\/api.w.org\/{rel}","templated":true}]}}