{"id":411160,"date":"2026-03-18T11:46:00","date_gmt":"2026-03-18T15:46:00","guid":{"rendered":"https:\/\/www.avenuedesigncanada.com\/product\/chaise-droite-hug\/"},"modified":"2026-03-18T12:15:44","modified_gmt":"2026-03-18T16:15:44","slug":"chaise-droite-hug","status":"publish","type":"product","link":"https:\/\/www.avenuedesigncanada.com\/fr\/product\/chaise-droite-hug\/","title":{"rendered":"Chaise droite Hug"},"content":{"rendered":"<p> <em> La chaise Hug Right Hand pr\u00e9sente les caract\u00e9ristiques suivantes : <\/em><br \/>\nStructure en aluminium soud\u00e9 de qualit\u00e9 contractuelle<br \/>\nStructure avec rev\u00eatement en poudre de marque Tiger<br \/>\nMaxrope ext\u00e9rieur trait\u00e9 contre les UV ;<br \/>\nMousse haute densit\u00e9 ;<br \/>\nTissu acrylique ext\u00e9rieur durable COUTUREtex trait\u00e9 contre les UV, imperm\u00e9able \u00e0 l&rsquo;eau.<\/p>\n<p>Vous avez des questions sur ce produit ? Nos concepteurs sont l\u00e0 pour vous aider. Appelez-nous au (514) 340-9351  <\/p>\n","protected":false},"excerpt":{"rendered":"<p>La collection Hug allie un style audacieux, des mat\u00e9riaux de premi\u00e8re qualit\u00e9 et un savoir-faire exceptionnel. Avec ses configurations polyvalentes, elle cr\u00e9e une d\u00e9claration intemporelle dans les espaces r\u00e9sidentiels et commerciaux. <\/p>\n","protected":false},"featured_media":410832,"template":"","meta":{"_kad_blocks_custom_css":"","_kad_blocks_head_custom_js":"","_kad_blocks_body_custom_js":"","_kad_blocks_footer_custom_js":"","_kad_post_transparent":"","_kad_post_title":"","_kad_post_layout":"","_kad_post_sidebar_id":"","_kad_post_content_style":"","_kad_post_vertical_padding":"","_kad_post_feature":"","_kad_post_feature_position":"","_kad_post_header":false,"_kad_post_footer":false,"_kad_post_classname":""},"product_brand":[],"product_cat":[2173,1990],"product_tag":[1992],"class_list":{"0":"post-411160","1":"product","2":"type-product","3":"status-publish","4":"has-post-thumbnail","6":"product_cat-chaises-dexterieur","7":"product_cat-mobilier-dexterieur1","8":"product_tag-exture","10":"first","11":"instock","12":"taxable","13":"shipping-taxable","14":"product-type-simple","15":"entry","16":"content-bg","17":"loop-entry"},"taxonomy_info":{"product_cat":[{"value":2173,"label":"Chaises d'ext\u00e9rieur"},{"value":1990,"label":"Mobilier d'ext\u00e9rieur 1"}],"product_tag":[{"value":1992,"label":"EXTURE"}]},"featured_image_src_large":["https:\/\/www.avenuedesigncanada.com\/wp-content\/uploads\/2026\/03\/HUGRightHandChair-1024x1024.png",1024,1024,true],"author_info":[],"comment_info":"","_links":{"self":[{"href":"https:\/\/www.avenuedesigncanada.com\/fr\/wp-json\/wp\/v2\/product\/411160","targetHints":{"allow":["GET"]}}],"collection":[{"href":"https:\/\/www.avenuedesigncanada.com\/fr\/wp-json\/wp\/v2\/product"}],"about":[{"href":"https:\/\/www.avenuedesigncanada.com\/fr\/wp-json\/wp\/v2\/types\/product"}],"wp:featuredmedia":[{"embeddable":true,"href":"https:\/\/www.avenuedesigncanada.com\/fr\/wp-json\/wp\/v2\/media\/410832"}],"wp:attachment":[{"href":"https:\/\/www.avenuedesigncanada.com\/fr\/wp-json\/wp\/v2\/media?parent=411160"}],"wp:term":[{"taxonomy":"product_brand","embeddable":true,"href":"https:\/\/www.avenuedesigncanada.com\/fr\/wp-json\/wp\/v2\/product_brand?post=411160"},{"taxonomy":"product_cat","embeddable":true,"href":"https:\/\/www.avenuedesigncanada.com\/fr\/wp-json\/wp\/v2\/product_cat?post=411160"},{"taxonomy":"product_tag","embeddable":true,"href":"https:\/\/www.avenuedesigncanada.com\/fr\/wp-json\/wp\/v2\/product_tag?post=411160"}],"curies":[{"name":"wp","href":"https:\/\/api.w.org\/{rel}","templated":true}]}}