{"id":411165,"date":"2026-03-18T11:46:11","date_gmt":"2026-03-18T15:46:11","guid":{"rendered":"https:\/\/www.avenuedesigncanada.com\/product\/table-basse-ronde-lounge\/"},"modified":"2026-03-18T12:15:49","modified_gmt":"2026-03-18T16:15:49","slug":"table-basse-ronde-lounge","status":"publish","type":"product","link":"https:\/\/www.avenuedesigncanada.com\/fr\/product\/table-basse-ronde-lounge\/","title":{"rendered":"Table basse ronde Lounge"},"content":{"rendered":"<p> <em> La table basse ronde Lounge pr\u00e9sente les caract\u00e9ristiques suivantes : <\/em><br \/>\nStructure en aluminium soud\u00e9 de qualit\u00e9 contractuelle<br \/>\nStructure avec rev\u00eatement en poudre de marque Tiger<br \/>\nPlateau en HPL<br \/>\nVous avez des questions sur ce produit ? Nos designers sont l\u00e0 pour vous aider. Appelez-nous au (514) 340-9351  <\/p>\n","protected":false},"excerpt":{"rendered":"<p>Con\u00e7ue comme un environnement ext\u00e9rieur complet, chaque pi\u00e8ce de la collection Lounge peut \u00e9galement se tenir magnifiquement seule. Avec un savoir-faire exceptionnel, des mat\u00e9riaux raffin\u00e9s et une silhouette distinctive, elle cr\u00e9e une d\u00e9claration \u00e9l\u00e9gante et intemporelle dans n&rsquo;importe quel espace ext\u00e9rieur. <\/p>\n","protected":false},"featured_media":410490,"template":"","meta":{"_kad_blocks_custom_css":"","_kad_blocks_head_custom_js":"","_kad_blocks_body_custom_js":"","_kad_blocks_footer_custom_js":"","_kad_post_transparent":"","_kad_post_title":"","_kad_post_layout":"","_kad_post_sidebar_id":"","_kad_post_content_style":"","_kad_post_vertical_padding":"","_kad_post_feature":"","_kad_post_feature_position":"","_kad_post_header":false,"_kad_post_footer":false,"_kad_post_classname":""},"product_brand":[],"product_cat":[1990,2174],"product_tag":[1992],"class_list":{"0":"post-411165","1":"product","2":"type-product","3":"status-publish","4":"has-post-thumbnail","6":"product_cat-mobilier-dexterieur1","7":"product_cat-table-basse-dexterieur","8":"product_tag-exture","10":"first","11":"instock","12":"taxable","13":"shipping-taxable","14":"product-type-simple","15":"entry","16":"content-bg","17":"loop-entry"},"taxonomy_info":{"product_cat":[{"value":1990,"label":"Mobilier d'ext\u00e9rieur 1"},{"value":2174,"label":"Table basse d'ext\u00e9rieur"}],"product_tag":[{"value":1992,"label":"EXTURE"}]},"featured_image_src_large":["https:\/\/www.avenuedesigncanada.com\/wp-content\/uploads\/2026\/03\/LOUNGE-Round-Coffee-Table-1024x1024.png",1024,1024,true],"author_info":[],"comment_info":"","_links":{"self":[{"href":"https:\/\/www.avenuedesigncanada.com\/fr\/wp-json\/wp\/v2\/product\/411165","targetHints":{"allow":["GET"]}}],"collection":[{"href":"https:\/\/www.avenuedesigncanada.com\/fr\/wp-json\/wp\/v2\/product"}],"about":[{"href":"https:\/\/www.avenuedesigncanada.com\/fr\/wp-json\/wp\/v2\/types\/product"}],"wp:featuredmedia":[{"embeddable":true,"href":"https:\/\/www.avenuedesigncanada.com\/fr\/wp-json\/wp\/v2\/media\/410490"}],"wp:attachment":[{"href":"https:\/\/www.avenuedesigncanada.com\/fr\/wp-json\/wp\/v2\/media?parent=411165"}],"wp:term":[{"taxonomy":"product_brand","embeddable":true,"href":"https:\/\/www.avenuedesigncanada.com\/fr\/wp-json\/wp\/v2\/product_brand?post=411165"},{"taxonomy":"product_cat","embeddable":true,"href":"https:\/\/www.avenuedesigncanada.com\/fr\/wp-json\/wp\/v2\/product_cat?post=411165"},{"taxonomy":"product_tag","embeddable":true,"href":"https:\/\/www.avenuedesigncanada.com\/fr\/wp-json\/wp\/v2\/product_tag?post=411165"}],"curies":[{"name":"wp","href":"https:\/\/api.w.org\/{rel}","templated":true}]}}