{"id":411931,"date":"2026-03-18T14:26:25","date_gmt":"2026-03-18T18:26:25","guid":{"rendered":"https:\/\/www.avenuedesigncanada.com\/product\/credence-fusion\/"},"modified":"2026-03-18T14:34:02","modified_gmt":"2026-03-18T18:34:02","slug":"credence-fusion","status":"publish","type":"product","link":"https:\/\/www.avenuedesigncanada.com\/fr\/product\/credence-fusion\/","title":{"rendered":"Cr\u00e9dence Fusion"},"content":{"rendered":"<p><em>  La cr\u00e9dence Fusion pr\u00e9sente les caract\u00e9ristiques suivantes : <em><br \/>\n 4 portes &#8211; texture Starburst<br \/>\n2 tablettes r\u00e9glables<br \/>\nFinition m\u00e9tallique : Laiton vieilli<br \/>\nCharni\u00e8res euro \u00e0 fermeture douce<br \/>\nTouch Latch &#8211; noir<br \/>\nGestion des fils<br \/>\nNiveleurs r\u00e9glables<br \/>\nVous avez des questions sur ce produit ? Nos designers sont l\u00e0 pour vous aider. Appelez-nous au (514) 340-9351  <\/p>\n","protected":false},"excerpt":{"rendered":"<p>La cr\u00e9dence Fusion brille dans une finition en laiton vieilli, sa surface captant la lumi\u00e8re avec un \u00e9clat radieux. Les portes, chacune orn\u00e9e d&rsquo;un motif d\u00e9licat, ajoutent une couche de sophistication \u00e0 la pi\u00e8ce. Avec ses lignes nettes et pr\u00e9cises encadrant sa structure et ses deux \u00e9tag\u00e8res r\u00e9glables nich\u00e9es \u00e0 l&rsquo;int\u00e9rieur, cette cr\u00e9dence t\u00e9moigne d&rsquo;un design \u00e9lev\u00e9, alliant harmonieusement la fonctionnalit\u00e9 \u00e0 une esth\u00e9tique luxueuse.  <\/p>\n","protected":false},"featured_media":411735,"template":"","meta":{"_kad_blocks_custom_css":"","_kad_blocks_head_custom_js":"","_kad_blocks_body_custom_js":"","_kad_blocks_footer_custom_js":"","_kad_post_transparent":"","_kad_post_title":"","_kad_post_layout":"","_kad_post_sidebar_id":"","_kad_post_content_style":"","_kad_post_vertical_padding":"","_kad_post_feature":"","_kad_post_feature_position":"","_kad_post_header":false,"_kad_post_footer":false,"_kad_post_classname":""},"product_brand":[],"product_cat":[1303],"product_tag":[1513],"class_list":{"0":"post-411931","1":"product","2":"type-product","3":"status-publish","4":"has-post-thumbnail","6":"product_cat-buffets","7":"product_tag-paramount-fr","9":"first","10":"instock","11":"taxable","12":"shipping-taxable","13":"product-type-simple","14":"entry","15":"content-bg","16":"loop-entry"},"taxonomy_info":{"product_cat":[{"value":1303,"label":"Buffets"}],"product_tag":[{"value":1513,"label":"Paramount"}]},"featured_image_src_large":["https:\/\/www.avenuedesigncanada.com\/wp-content\/uploads\/2026\/03\/U365964_VM-1024x1024.jpg",1024,1024,true],"author_info":[],"comment_info":"","_links":{"self":[{"href":"https:\/\/www.avenuedesigncanada.com\/fr\/wp-json\/wp\/v2\/product\/411931","targetHints":{"allow":["GET"]}}],"collection":[{"href":"https:\/\/www.avenuedesigncanada.com\/fr\/wp-json\/wp\/v2\/product"}],"about":[{"href":"https:\/\/www.avenuedesigncanada.com\/fr\/wp-json\/wp\/v2\/types\/product"}],"wp:featuredmedia":[{"embeddable":true,"href":"https:\/\/www.avenuedesigncanada.com\/fr\/wp-json\/wp\/v2\/media\/411735"}],"wp:attachment":[{"href":"https:\/\/www.avenuedesigncanada.com\/fr\/wp-json\/wp\/v2\/media?parent=411931"}],"wp:term":[{"taxonomy":"product_brand","embeddable":true,"href":"https:\/\/www.avenuedesigncanada.com\/fr\/wp-json\/wp\/v2\/product_brand?post=411931"},{"taxonomy":"product_cat","embeddable":true,"href":"https:\/\/www.avenuedesigncanada.com\/fr\/wp-json\/wp\/v2\/product_cat?post=411931"},{"taxonomy":"product_tag","embeddable":true,"href":"https:\/\/www.avenuedesigncanada.com\/fr\/wp-json\/wp\/v2\/product_tag?post=411931"}],"curies":[{"name":"wp","href":"https:\/\/api.w.org\/{rel}","templated":true}]}}