{"id":411933,"date":"2026-03-18T14:26:26","date_gmt":"2026-03-18T18:26:26","guid":{"rendered":"https:\/\/www.avenuedesigncanada.com\/product\/credence-lumi\/"},"modified":"2026-03-18T14:34:04","modified_gmt":"2026-03-18T18:34:04","slug":"credence-lumi","status":"publish","type":"product","link":"https:\/\/www.avenuedesigncanada.com\/fr\/product\/credence-lumi\/","title":{"rendered":"Cr\u00e9dence Lumi"},"content":{"rendered":"<p><em>  La cr\u00e9dence Lumi pr\u00e9sente les caract\u00e9ristiques suivantes : <em><br \/>\n 4 portes<br \/>\n6 \u00e9tag\u00e8res r\u00e9glables<br \/>\nBloc d&rsquo;alimentation derri\u00e8re la porte centrale<br \/>\nLoquets tactiles<br \/>\nTambour envelopp\u00e9<br \/>\nGestion des fils<br \/>\nNiveleurs r\u00e9glables<br \/>\nVous avez des questions sur ce produit ? Nos concepteurs sont l\u00e0 pour vous aider. Appelez-nous au (514) 340-9351  <\/p>\n","protected":false},"excerpt":{"rendered":"<p>La cr\u00e9dence Lumi se distingue par ses quatre portes \u00e0 rideau, dot\u00e9es de loquets tactiles pour une apparence \u00e9l\u00e9gante et sans quincaillerie. L&rsquo;ensemble du corps est orn\u00e9 de d\u00e9licates nervures verticales, ajoutant une couche de profondeur et d&rsquo;attrait visuel \u00e0 la pi\u00e8ce. Ce choix de design rehausse l&rsquo;esth\u00e9tique g\u00e9n\u00e9rale de la cr\u00e9dence et conf\u00e8re aux espaces une texture raffin\u00e9e et un charme moderne et sophistiqu\u00e9.  <\/p>\n","protected":false},"featured_media":411643,"template":"","meta":{"_kad_blocks_custom_css":"","_kad_blocks_head_custom_js":"","_kad_blocks_body_custom_js":"","_kad_blocks_footer_custom_js":"","_kad_post_transparent":"","_kad_post_title":"","_kad_post_layout":"","_kad_post_sidebar_id":"","_kad_post_content_style":"","_kad_post_vertical_padding":"","_kad_post_feature":"","_kad_post_feature_position":"","_kad_post_header":false,"_kad_post_footer":false,"_kad_post_classname":""},"product_brand":[],"product_cat":[1303],"product_tag":[1513],"class_list":{"0":"post-411933","1":"product","2":"type-product","3":"status-publish","4":"has-post-thumbnail","6":"product_cat-buffets","7":"product_tag-paramount-fr","9":"first","10":"instock","11":"taxable","12":"shipping-taxable","13":"product-type-simple","14":"entry","15":"content-bg","16":"loop-entry"},"taxonomy_info":{"product_cat":[{"value":1303,"label":"Buffets"}],"product_tag":[{"value":1513,"label":"Paramount"}]},"featured_image_src_large":["https:\/\/www.avenuedesigncanada.com\/wp-content\/uploads\/2026\/03\/U352E964_VM-1024x1024.jpg",1024,1024,true],"author_info":[],"comment_info":"","_links":{"self":[{"href":"https:\/\/www.avenuedesigncanada.com\/fr\/wp-json\/wp\/v2\/product\/411933","targetHints":{"allow":["GET"]}}],"collection":[{"href":"https:\/\/www.avenuedesigncanada.com\/fr\/wp-json\/wp\/v2\/product"}],"about":[{"href":"https:\/\/www.avenuedesigncanada.com\/fr\/wp-json\/wp\/v2\/types\/product"}],"wp:featuredmedia":[{"embeddable":true,"href":"https:\/\/www.avenuedesigncanada.com\/fr\/wp-json\/wp\/v2\/media\/411643"}],"wp:attachment":[{"href":"https:\/\/www.avenuedesigncanada.com\/fr\/wp-json\/wp\/v2\/media?parent=411933"}],"wp:term":[{"taxonomy":"product_brand","embeddable":true,"href":"https:\/\/www.avenuedesigncanada.com\/fr\/wp-json\/wp\/v2\/product_brand?post=411933"},{"taxonomy":"product_cat","embeddable":true,"href":"https:\/\/www.avenuedesigncanada.com\/fr\/wp-json\/wp\/v2\/product_cat?post=411933"},{"taxonomy":"product_tag","embeddable":true,"href":"https:\/\/www.avenuedesigncanada.com\/fr\/wp-json\/wp\/v2\/product_tag?post=411933"}],"curies":[{"name":"wp","href":"https:\/\/api.w.org\/{rel}","templated":true}]}}