{"id":411934,"date":"2026-03-18T14:26:20","date_gmt":"2026-03-18T18:26:20","guid":{"rendered":"https:\/\/www.avenuedesigncanada.com\/product\/chaise-vesper\/"},"modified":"2026-03-18T14:34:05","modified_gmt":"2026-03-18T18:34:05","slug":"chaise-vesper","status":"publish","type":"product","link":"https:\/\/www.avenuedesigncanada.com\/fr\/product\/chaise-vesper\/","title":{"rendered":"Chaise Vesper"},"content":{"rendered":"<p><em>  La chaise Vesper pr\u00e9sente les caract\u00e9ristiques suivantes : <em><br \/>\n Enti\u00e8rement rembourr\u00e9<br \/>\nTissu : Canberra Ivory<br \/>\nPatins<br \/>\nVous avez des questions sur ce produit ? Nos concepteurs sont l\u00e0 pour vous aider. Appelez-nous au (514) 340-9351 <\/p>\n","protected":false},"excerpt":{"rendered":"<p>La chaise Vesper est une d\u00e9monstration magistrale de l&rsquo;art de l&rsquo;angularit\u00e9, m\u00ealant des lignes nettes \u00e0 des espaces ouverts pour cr\u00e9er un jeu de formes dynamique. Enti\u00e8rement rembourr\u00e9e, elle invite \u00e0 une exploration tactile de l&rsquo;espace, o\u00f9 l&rsquo;\u00e9quilibre des zones n\u00e9gatives et positives cr\u00e9e un r\u00e9cit de d\u00e9couverte ludique et d&rsquo;\u00e9l\u00e9gance moderne. <\/p>\n","protected":false},"featured_media":411701,"template":"","meta":{"_kad_blocks_custom_css":"","_kad_blocks_head_custom_js":"","_kad_blocks_body_custom_js":"","_kad_blocks_footer_custom_js":"","_kad_post_transparent":"","_kad_post_title":"","_kad_post_layout":"","_kad_post_sidebar_id":"","_kad_post_content_style":"","_kad_post_vertical_padding":"","_kad_post_feature":"","_kad_post_feature_position":"","_kad_post_header":false,"_kad_post_footer":false,"_kad_post_classname":""},"product_brand":[],"product_cat":[1302],"product_tag":[1513],"class_list":{"0":"post-411934","1":"product","2":"type-product","3":"status-publish","4":"has-post-thumbnail","6":"product_cat-chaises","7":"product_tag-paramount-fr","9":"first","10":"instock","11":"taxable","12":"shipping-taxable","13":"product-type-simple","14":"entry","15":"content-bg","16":"loop-entry"},"taxonomy_info":{"product_cat":[{"value":1302,"label":"Chaises"}],"product_tag":[{"value":1513,"label":"Paramount"}]},"featured_image_src_large":["https:\/\/www.avenuedesigncanada.com\/wp-content\/uploads\/2026\/03\/U352638_VM-1024x1024.jpg",1024,1024,true],"author_info":[],"comment_info":"","_links":{"self":[{"href":"https:\/\/www.avenuedesigncanada.com\/fr\/wp-json\/wp\/v2\/product\/411934","targetHints":{"allow":["GET"]}}],"collection":[{"href":"https:\/\/www.avenuedesigncanada.com\/fr\/wp-json\/wp\/v2\/product"}],"about":[{"href":"https:\/\/www.avenuedesigncanada.com\/fr\/wp-json\/wp\/v2\/types\/product"}],"wp:featuredmedia":[{"embeddable":true,"href":"https:\/\/www.avenuedesigncanada.com\/fr\/wp-json\/wp\/v2\/media\/411701"}],"wp:attachment":[{"href":"https:\/\/www.avenuedesigncanada.com\/fr\/wp-json\/wp\/v2\/media?parent=411934"}],"wp:term":[{"taxonomy":"product_brand","embeddable":true,"href":"https:\/\/www.avenuedesigncanada.com\/fr\/wp-json\/wp\/v2\/product_brand?post=411934"},{"taxonomy":"product_cat","embeddable":true,"href":"https:\/\/www.avenuedesigncanada.com\/fr\/wp-json\/wp\/v2\/product_cat?post=411934"},{"taxonomy":"product_tag","embeddable":true,"href":"https:\/\/www.avenuedesigncanada.com\/fr\/wp-json\/wp\/v2\/product_tag?post=411934"}],"curies":[{"name":"wp","href":"https:\/\/api.w.org\/{rel}","templated":true}]}}